{"id":16177,"date":"2019-09-30T19:54:41","date_gmt":"2019-09-30T17:54:41","guid":{"rendered":"https:\/\/www.komad.com\/?post_type=product&#038;p=16177"},"modified":"2020-02-16T00:00:57","modified_gmt":"2020-02-15T23:00:57","slug":"top-allure-crvena","status":"publish","type":"product","link":"https:\/\/www.komad.com\/hr\/product\/top-allure-crvena\/","title":{"rendered":"Top ALLURE"},"content":{"rendered":"<p>\/ du\u017eina prednjeg dijela (od najvi\u0161e to\u010dke ramena) 58cm<br \/>\n\/ du\u017eina stra\u017enjeg dijela (od najvi\u0161e to\u010dke ramena) 66cm<br \/>\n\/ \u0161irina ramena 40cm<br \/>\n\/ opseg prsa 105cm<br \/>\n\/ du\u017eina rukava (od najvi\u0161e to\u010dke ramena) 23cm<\/p>\n","protected":false},"excerpt":{"rendered":"<p>Top\/bluza ravnog kroja sa kratkim v izrezom u prednjem dijelu. Prednja strana kroja je du\u017ea, stra\u017enja kra\u0107a. Rubovi kratkih rukava mogu se uvrnuti i skratiti na \u017eeljenu du\u017einu.<br \/>\n\/ ravno krojen \/ nema podstavu<\/p>\n<p>VELI\u010cINA: 36\/38<br \/>\nBOJA: crvena<br \/>\nMATERIJAL: 55% lan, 45% viskozno vlakno<\/p>\n","protected":false},"featured_media":16179,"comment_status":"closed","ping_status":"closed","template":"","meta":[],"product_brand":[],"product_cat":[86,98],"product_tag":[],"class_list":{"0":"post-16177","1":"product","2":"type-product","3":"status-publish","4":"has-post-thumbnail","6":"product_cat-odjeca","7":"product_cat-topovi","9":"first","10":"instock","11":"taxable","12":"shipping-taxable","13":"purchasable","14":"product-type-simple"},"_links":{"self":[{"href":"https:\/\/www.komad.com\/hr\/wp-json\/wp\/v2\/product\/16177","targetHints":{"allow":["GET"]}}],"collection":[{"href":"https:\/\/www.komad.com\/hr\/wp-json\/wp\/v2\/product"}],"about":[{"href":"https:\/\/www.komad.com\/hr\/wp-json\/wp\/v2\/types\/product"}],"replies":[{"embeddable":true,"href":"https:\/\/www.komad.com\/hr\/wp-json\/wp\/v2\/comments?post=16177"}],"wp:featuredmedia":[{"embeddable":true,"href":"https:\/\/www.komad.com\/hr\/wp-json\/wp\/v2\/media\/16179"}],"wp:attachment":[{"href":"https:\/\/www.komad.com\/hr\/wp-json\/wp\/v2\/media?parent=16177"}],"wp:term":[{"taxonomy":"product_brand","embeddable":true,"href":"https:\/\/www.komad.com\/hr\/wp-json\/wp\/v2\/product_brand?post=16177"},{"taxonomy":"product_cat","embeddable":true,"href":"https:\/\/www.komad.com\/hr\/wp-json\/wp\/v2\/product_cat?post=16177"},{"taxonomy":"product_tag","embeddable":true,"href":"https:\/\/www.komad.com\/hr\/wp-json\/wp\/v2\/product_tag?post=16177"}],"curies":[{"name":"wp","href":"https:\/\/api.w.org\/{rel}","templated":true}]}}