{"id":16136,"date":"2019-09-30T19:36:44","date_gmt":"2019-09-30T17:36:44","guid":{"rendered":"https:\/\/www.komad.com\/?post_type=product&#038;p=16136"},"modified":"2020-05-10T11:45:09","modified_gmt":"2020-05-10T09:45:09","slug":"hlace-bow-crvene","status":"publish","type":"product","link":"https:\/\/www.komad.com\/hr\/product\/hlace-bow-crvene\/","title":{"rendered":"Hla\u010de BOW"},"content":{"rendered":"<p>\/ du\u017eina nogavice (od struka) 95cm<br \/>\n\/ opseg struka (podesivo) max. 84cm<br \/>\n\/ opseg bokova 115cm<\/p>\n","protected":false},"excerpt":{"rendered":"<p>Hla\u010de visokog struka sa \u0161irokim nogavicama. Traka u\u0161ivena u rub hla\u010da omogu\u0107ava pode\u0161avanje \u0161irine (vezanjem), a tako\u0111er slu\u017ei i kao zanimljiv ukrasni detalj.<br \/>\n\/ le\u017eeran kroj \/ zatvara\u010d na stra\u017enjem dijelu \/ traka u struku \/ d\u017eepovi sa strane<\/p>\n<p>VELI\u010cINA: 36\/38<br \/>\nBOJA: crvena<br \/>\nMATERIJAL: 55% lan, 45% viskozno vlakno<\/p>\n","protected":false},"featured_media":16141,"comment_status":"closed","ping_status":"closed","template":"","meta":[],"product_brand":[],"product_cat":[88,86],"product_tag":[],"class_list":{"0":"post-16136","1":"product","2":"type-product","3":"status-publish","4":"has-post-thumbnail","6":"product_cat-hlace-i-kratke-hlace","7":"product_cat-odjeca","9":"first","10":"instock","11":"taxable","12":"shipping-taxable","13":"purchasable","14":"product-type-simple"},"_links":{"self":[{"href":"https:\/\/www.komad.com\/hr\/wp-json\/wp\/v2\/product\/16136","targetHints":{"allow":["GET"]}}],"collection":[{"href":"https:\/\/www.komad.com\/hr\/wp-json\/wp\/v2\/product"}],"about":[{"href":"https:\/\/www.komad.com\/hr\/wp-json\/wp\/v2\/types\/product"}],"replies":[{"embeddable":true,"href":"https:\/\/www.komad.com\/hr\/wp-json\/wp\/v2\/comments?post=16136"}],"wp:featuredmedia":[{"embeddable":true,"href":"https:\/\/www.komad.com\/hr\/wp-json\/wp\/v2\/media\/16141"}],"wp:attachment":[{"href":"https:\/\/www.komad.com\/hr\/wp-json\/wp\/v2\/media?parent=16136"}],"wp:term":[{"taxonomy":"product_brand","embeddable":true,"href":"https:\/\/www.komad.com\/hr\/wp-json\/wp\/v2\/product_brand?post=16136"},{"taxonomy":"product_cat","embeddable":true,"href":"https:\/\/www.komad.com\/hr\/wp-json\/wp\/v2\/product_cat?post=16136"},{"taxonomy":"product_tag","embeddable":true,"href":"https:\/\/www.komad.com\/hr\/wp-json\/wp\/v2\/product_tag?post=16136"}],"curies":[{"name":"wp","href":"https:\/\/api.w.org\/{rel}","templated":true}]}}