{"id":16089,"date":"2019-09-30T19:19:19","date_gmt":"2019-09-30T17:19:19","guid":{"rendered":"https:\/\/www.komad.com\/?post_type=product&#038;p=16089"},"modified":"2023-02-09T09:10:32","modified_gmt":"2023-02-09T08:10:32","slug":"dzemper-crni","status":"publish","type":"product","link":"https:\/\/www.komad.com\/hr\/product\/dzemper-crni\/","title":{"rendered":"D\u017eemper crni"},"content":{"rendered":"<p>\/ duljina (od najvi\u0161e to\u010dke ramena) 70cm <br \/>\/ duljina rukava (od najvi\u0161e to\u010dke ramena) 60cm<\/p>\n","protected":false},"excerpt":{"rendered":"<p>Oversized d\u017eemper \u0161irokog ovratnika izra\u0111en od pletiva u mje\u0161avini pamuka ili viskoze. Rukavi su \u0161iroko krojeni, sa laganim su\u017eenjem prema \u0161akama ruke. Mo\u017ee se nositi u svojoj punoj du\u017eini kao tunika ili podvrnuto u kra\u0107oj varijanti.<br \/>\n\/ \u0161iroki kroj \u00a0\/\u00a0nosiv kao tunika<\/p>\n<p>VELI\u010cINA univerzalna (S-L)<br \/>\nBOJA crna<br \/>\nMATERIJAL 67% pamuk, 33% PES<\/p>\n","protected":false},"featured_media":16091,"comment_status":"closed","ping_status":"closed","template":"","meta":[],"product_brand":[],"product_cat":[86,93],"product_tag":[],"class_list":{"0":"post-16089","1":"product","2":"type-product","3":"status-publish","4":"has-post-thumbnail","6":"product_cat-odjeca","7":"product_cat-pletenina","9":"first","10":"instock","11":"taxable","12":"shipping-taxable","13":"purchasable","14":"product-type-simple"},"_links":{"self":[{"href":"https:\/\/www.komad.com\/hr\/wp-json\/wp\/v2\/product\/16089","targetHints":{"allow":["GET"]}}],"collection":[{"href":"https:\/\/www.komad.com\/hr\/wp-json\/wp\/v2\/product"}],"about":[{"href":"https:\/\/www.komad.com\/hr\/wp-json\/wp\/v2\/types\/product"}],"replies":[{"embeddable":true,"href":"https:\/\/www.komad.com\/hr\/wp-json\/wp\/v2\/comments?post=16089"}],"wp:featuredmedia":[{"embeddable":true,"href":"https:\/\/www.komad.com\/hr\/wp-json\/wp\/v2\/media\/16091"}],"wp:attachment":[{"href":"https:\/\/www.komad.com\/hr\/wp-json\/wp\/v2\/media?parent=16089"}],"wp:term":[{"taxonomy":"product_brand","embeddable":true,"href":"https:\/\/www.komad.com\/hr\/wp-json\/wp\/v2\/product_brand?post=16089"},{"taxonomy":"product_cat","embeddable":true,"href":"https:\/\/www.komad.com\/hr\/wp-json\/wp\/v2\/product_cat?post=16089"},{"taxonomy":"product_tag","embeddable":true,"href":"https:\/\/www.komad.com\/hr\/wp-json\/wp\/v2\/product_tag?post=16089"}],"curies":[{"name":"wp","href":"https:\/\/api.w.org\/{rel}","templated":true}]}}