{"id":16055,"date":"2014-11-02T17:55:39","date_gmt":"2014-11-02T16:55:39","guid":{"rendered":"https:\/\/www.komad.com\/product\/vrecha-narancasta\/"},"modified":"2019-09-30T17:57:59","modified_gmt":"2019-09-30T15:57:59","slug":"vrecha-narancasta","status":"publish","type":"product","link":"https:\/\/www.komad.com\/hr\/product\/vrecha-narancasta\/","title":{"rendered":"VRECHA naran\u010dasta"},"content":{"rendered":"<p>\/ dimenzije: 40x45cm<br \/>\n\/ ru\u010dka: 60cm<br \/>\n\/ materijal: 100% PES fiber<\/p>\n","protected":false},"excerpt":{"rendered":"<p>Super lagana, super prakti\u010dna i super slatka vre\u0107ica super podnosi bilo koji teret kojim je \u017eeli\u0161 napuniti.<\/p>\n","protected":false},"featured_media":16048,"comment_status":"open","ping_status":"closed","template":"","meta":[],"product_brand":[],"product_cat":[91,95],"product_tag":[],"class_list":{"0":"post-16055","1":"product","2":"type-product","3":"status-publish","4":"has-post-thumbnail","6":"product_cat-baggiz-torbe","7":"product_cat-torbe","9":"first","10":"instock","11":"taxable","12":"shipping-taxable","13":"purchasable","14":"product-type-simple"},"_links":{"self":[{"href":"https:\/\/www.komad.com\/hr\/wp-json\/wp\/v2\/product\/16055","targetHints":{"allow":["GET"]}}],"collection":[{"href":"https:\/\/www.komad.com\/hr\/wp-json\/wp\/v2\/product"}],"about":[{"href":"https:\/\/www.komad.com\/hr\/wp-json\/wp\/v2\/types\/product"}],"replies":[{"embeddable":true,"href":"https:\/\/www.komad.com\/hr\/wp-json\/wp\/v2\/comments?post=16055"}],"wp:featuredmedia":[{"embeddable":true,"href":"https:\/\/www.komad.com\/hr\/wp-json\/wp\/v2\/media\/16048"}],"wp:attachment":[{"href":"https:\/\/www.komad.com\/hr\/wp-json\/wp\/v2\/media?parent=16055"}],"wp:term":[{"taxonomy":"product_brand","embeddable":true,"href":"https:\/\/www.komad.com\/hr\/wp-json\/wp\/v2\/product_brand?post=16055"},{"taxonomy":"product_cat","embeddable":true,"href":"https:\/\/www.komad.com\/hr\/wp-json\/wp\/v2\/product_cat?post=16055"},{"taxonomy":"product_tag","embeddable":true,"href":"https:\/\/www.komad.com\/hr\/wp-json\/wp\/v2\/product_tag?post=16055"}],"curies":[{"name":"wp","href":"https:\/\/api.w.org\/{rel}","templated":true}]}}