{"id":16010,"date":"2025-07-21T08:00:55","date_gmt":"2025-07-21T06:00:55","guid":{"rendered":"https:\/\/www.komad.com\/product\/onyx-ruksak-crni\/"},"modified":"2020-11-27T14:07:56","modified_gmt":"2020-11-27T13:07:56","slug":"onyx-ruksak-crni","status":"publish","type":"product","link":"https:\/\/www.komad.com\/hr\/product\/onyx-ruksak-crni\/","title":{"rendered":"ONYX ruksak"},"content":{"rendered":"<p>\/ dimenzije: 35x45cm<br \/>\n\/ ru\u010dke: 50-110cm<br \/>\n\/ materijal: 100% politex, unutra\u0161njost: 100% poliester<\/p>\n","protected":false},"excerpt":{"rendered":"<p>Ruksak iz ONYX kolekcije\u00a0pri\u010da svoju minimalisti\u010dku i futuristi\u010dku pri\u010du<\/p>\n<p>Ruksak\u00a0smo potpuno ogolili i maknuli im sve suvi\u0161ne detalje i ukrase.<br \/>\nPro\u010di\u0161\u0107ena, urbana kolekcija inspirirana je geometrijskim likovima trokuta, pravokutnika, kvadrata. Linije su ravne, krute i jasno definirane, ali s obzirom na svoju funkciju lako prilagodljive formi tijela.<\/p>\n<p>Materijal je visoko kvalitetna umjetna ko\u017ea, laka za odr\u017eavanje i animal friendly.<br \/>\nPresvu\u010den je sivim voskom pa no\u0161enjem dobiva posebnu patinu.<\/p>\n","protected":false},"featured_media":24683,"comment_status":"closed","ping_status":"closed","template":"","meta":[],"product_brand":[],"product_cat":[91,99],"product_tag":[124,118],"class_list":{"0":"post-16010","1":"product","2":"type-product","3":"status-publish","4":"has-post-thumbnail","6":"product_cat-baggiz-torbe","7":"product_cat-ruksaci","8":"product_tag-baggiz-hr","9":"product_tag-dizajn","11":"first","12":"instock","13":"taxable","14":"shipping-taxable","15":"purchasable","16":"product-type-simple"},"_links":{"self":[{"href":"https:\/\/www.komad.com\/hr\/wp-json\/wp\/v2\/product\/16010","targetHints":{"allow":["GET"]}}],"collection":[{"href":"https:\/\/www.komad.com\/hr\/wp-json\/wp\/v2\/product"}],"about":[{"href":"https:\/\/www.komad.com\/hr\/wp-json\/wp\/v2\/types\/product"}],"replies":[{"embeddable":true,"href":"https:\/\/www.komad.com\/hr\/wp-json\/wp\/v2\/comments?post=16010"}],"wp:featuredmedia":[{"embeddable":true,"href":"https:\/\/www.komad.com\/hr\/wp-json\/wp\/v2\/media\/24683"}],"wp:attachment":[{"href":"https:\/\/www.komad.com\/hr\/wp-json\/wp\/v2\/media?parent=16010"}],"wp:term":[{"taxonomy":"product_brand","embeddable":true,"href":"https:\/\/www.komad.com\/hr\/wp-json\/wp\/v2\/product_brand?post=16010"},{"taxonomy":"product_cat","embeddable":true,"href":"https:\/\/www.komad.com\/hr\/wp-json\/wp\/v2\/product_cat?post=16010"},{"taxonomy":"product_tag","embeddable":true,"href":"https:\/\/www.komad.com\/hr\/wp-json\/wp\/v2\/product_tag?post=16010"}],"curies":[{"name":"wp","href":"https:\/\/api.w.org\/{rel}","templated":true}]}}