{"id":15996,"date":"2016-01-01T15:11:04","date_gmt":"2016-01-01T14:11:04","guid":{"rendered":"https:\/\/www.komad.com\/product\/rebel-ruksak-zlatni\/"},"modified":"2021-07-10T05:29:32","modified_gmt":"2021-07-10T03:29:32","slug":"rebel-ruksak-zlatni","status":"publish","type":"product","link":"https:\/\/www.komad.com\/hr\/product\/rebel-ruksak-zlatni\/","title":{"rendered":"Rebel ruksak"},"content":{"rendered":"<p>dimenzije: 45x48cm<br \/>\nru\u010dke: 70-130cm<br \/>\nmaterial: 100% politex, unutra\u0161njost: 100% polyester<\/p>\n","protected":false},"excerpt":{"rendered":"<p>Rebel ruksak iz na\u0161e najbuntovnije kolekcije s razlogom nosi svoje mo\u0107no ime.<\/p>\n<p>Kod ovog ruksaka\u00a0ni\u0161ta nije uobi\u010dajeno niti onakvo kako izgleda.\u00a0Jednostavnim otkop\u010davanjem dobiva\u0161\u00a0vi\u0161e prostora za sve stvari koje nosi\u0161 sa sobom.<br \/>\nNapravljen je od kvalitetne zlatne\u00a0umjetne ko\u017ee. Sa vanjske strane ima dva velika u\u0161ivena d\u017eepa sa zatvara\u010dem\u00a0a unutra\u0161njost je cjelina bez d\u017eepova, podstavljena zelenom tkaninom.<\/p>\n<p>Treba\u0161 bolju organizaciju sitnica u torbi?<br \/>\nUz svaki ruksak dolazi mogu\u0107nost nadopune unutra\u0161njosti dodatnim manjim torbicama koje se spajaju sa alkom u\u0161ivenom u podstavu.<\/p>\n","protected":false},"featured_media":15977,"comment_status":"closed","ping_status":"closed","template":"","meta":[],"product_brand":[],"product_cat":[91,99],"product_tag":[124,118],"class_list":{"0":"post-15996","1":"product","2":"type-product","3":"status-publish","4":"has-post-thumbnail","6":"product_cat-baggiz-torbe","7":"product_cat-ruksaci","8":"product_tag-baggiz-hr","9":"product_tag-dizajn","11":"first","12":"instock","13":"taxable","14":"shipping-taxable","15":"purchasable","16":"product-type-simple"},"_links":{"self":[{"href":"https:\/\/www.komad.com\/hr\/wp-json\/wp\/v2\/product\/15996","targetHints":{"allow":["GET"]}}],"collection":[{"href":"https:\/\/www.komad.com\/hr\/wp-json\/wp\/v2\/product"}],"about":[{"href":"https:\/\/www.komad.com\/hr\/wp-json\/wp\/v2\/types\/product"}],"replies":[{"embeddable":true,"href":"https:\/\/www.komad.com\/hr\/wp-json\/wp\/v2\/comments?post=15996"}],"wp:featuredmedia":[{"embeddable":true,"href":"https:\/\/www.komad.com\/hr\/wp-json\/wp\/v2\/media\/15977"}],"wp:attachment":[{"href":"https:\/\/www.komad.com\/hr\/wp-json\/wp\/v2\/media?parent=15996"}],"wp:term":[{"taxonomy":"product_brand","embeddable":true,"href":"https:\/\/www.komad.com\/hr\/wp-json\/wp\/v2\/product_brand?post=15996"},{"taxonomy":"product_cat","embeddable":true,"href":"https:\/\/www.komad.com\/hr\/wp-json\/wp\/v2\/product_cat?post=15996"},{"taxonomy":"product_tag","embeddable":true,"href":"https:\/\/www.komad.com\/hr\/wp-json\/wp\/v2\/product_tag?post=15996"}],"curies":[{"name":"wp","href":"https:\/\/api.w.org\/{rel}","templated":true}]}}