{"id":15934,"date":"2017-11-02T16:32:16","date_gmt":"2017-11-02T15:32:16","guid":{"rendered":"https:\/\/www.komad.com\/product\/simplicity-s-pluto\/"},"modified":"2020-04-10T20:02:13","modified_gmt":"2020-04-10T18:02:13","slug":"simplicity-s-pluto","status":"publish","type":"product","link":"https:\/\/www.komad.com\/hr\/product\/simplicity-s-pluto\/","title":{"rendered":"Simplicity S pluto"},"content":{"rendered":"<p>\/ dimenzije: 30x28cm<br \/>\n\/ ru\u010dka: 50-100cm<br \/>\n\/ materijal: 100% pluto, unutra\u0161njost: poliester<\/p>\n","protected":false},"excerpt":{"rendered":"<p>Ljepota SIMPLICITY kolekcije le\u017ei u njezinoj jednostavnosti i pro\u010di\u0161\u0107enosti.<\/p>\n<p>Ravne linije oslobodili smo nepotrebnih detalja i naglasili teksturu materijala i \u010disto\u0107u dizajna.<br \/>\nSimplicity torbice diskretno \u0107e upotpuniti sve dnevne i ve\u010dernje kombinacije, a svojim bezvremenskim dizajnom prkosit \u0107e brzoj izmjeni trendova.<\/p>\n<p>Simplicity torbe izra\u0111ene su od umjetne ko\u017ee visoke kvlaitete u tri boje: tamno sme\u0111oj, crnoj (krokodil uzorak) i toploj crvenoj. Torbe tako\u0111er dolaze i u PLUTO natur varijanti.<\/p>\n<p>Simplicity torbe sastoje se od dva modela torbi; velika poslovna torba sa pretincima i mala torbica sa podesivom ru\u010dkom.<\/p>\n<p>Pluto je specifi\u010dan prirodni materijal sa puno zanimljivih osobina.<br \/>\nTorbe od pluta nisu samo lijepi dodatak, one su tako\u0111er vrlo lagane, vodootporne i jako izdr\u017eljive i \u010dvrste.<br \/>\nTako\u0111er, <strong>pluto je biorazgradiv materijal \u010dija proizvodnja zadovoljava kriterije stopostotne eko-prihvatljivost.<\/strong><\/p>\n","protected":false},"featured_media":15932,"comment_status":"closed","ping_status":"closed","template":"","meta":[],"product_brand":[],"product_cat":[91,95],"product_tag":[124],"class_list":{"0":"post-15934","1":"product","2":"type-product","3":"status-publish","4":"has-post-thumbnail","6":"product_cat-baggiz-torbe","7":"product_cat-torbe","8":"product_tag-baggiz-hr","10":"first","11":"outofstock","12":"taxable","13":"shipping-taxable","14":"purchasable","15":"product-type-simple"},"_links":{"self":[{"href":"https:\/\/www.komad.com\/hr\/wp-json\/wp\/v2\/product\/15934","targetHints":{"allow":["GET"]}}],"collection":[{"href":"https:\/\/www.komad.com\/hr\/wp-json\/wp\/v2\/product"}],"about":[{"href":"https:\/\/www.komad.com\/hr\/wp-json\/wp\/v2\/types\/product"}],"replies":[{"embeddable":true,"href":"https:\/\/www.komad.com\/hr\/wp-json\/wp\/v2\/comments?post=15934"}],"wp:featuredmedia":[{"embeddable":true,"href":"https:\/\/www.komad.com\/hr\/wp-json\/wp\/v2\/media\/15932"}],"wp:attachment":[{"href":"https:\/\/www.komad.com\/hr\/wp-json\/wp\/v2\/media?parent=15934"}],"wp:term":[{"taxonomy":"product_brand","embeddable":true,"href":"https:\/\/www.komad.com\/hr\/wp-json\/wp\/v2\/product_brand?post=15934"},{"taxonomy":"product_cat","embeddable":true,"href":"https:\/\/www.komad.com\/hr\/wp-json\/wp\/v2\/product_cat?post=15934"},{"taxonomy":"product_tag","embeddable":true,"href":"https:\/\/www.komad.com\/hr\/wp-json\/wp\/v2\/product_tag?post=15934"}],"curies":[{"name":"wp","href":"https:\/\/api.w.org\/{rel}","templated":true}]}}