{"id":15898,"date":"2025-07-21T08:32:54","date_gmt":"2025-07-21T06:32:54","guid":{"rendered":"https:\/\/www.komad.com\/product\/onyx-ruksak-koza\/"},"modified":"2019-10-07T09:56:35","modified_gmt":"2019-10-07T07:56:35","slug":"onyx-ruksak-koza","status":"publish","type":"product","link":"https:\/\/www.komad.com\/hr\/product\/onyx-ruksak-koza\/","title":{"rendered":"ONYX ruksak ko\u017ea"},"content":{"rendered":"<p>\/ dimenzije: 35x45cm<br \/>\n\/ naramenice: 50-110cm<\/p>\n","protected":false},"excerpt":{"rendered":"<p>Elegantan ruksak minimalisti\u010dkog kroja i \u010distih, ravnih linija.<span class=\"Apple-converted-space\"><br \/>\n<\/span>Izra\u0111en je od gove\u0111e ko\u017ee visoke kvalitete. Prostrana unutra\u0161njost podstavljena je \u010dvrstom, pamu\u010dnom tkaninom u sivoj boji, a u podstavu su u\u0161ivena dva d\u017eepa.<span class=\"Apple-converted-space\">\u00a0<\/span><\/p>\n<p>\/ crna gove\u0111a ko\u017ea \/ siva pamu\u010dna podstava \/ dolazi sa za\u0161titnom vre\u0107icom (dust bag)<\/p>\n","protected":false},"featured_media":24680,"comment_status":"closed","ping_status":"closed","template":"","meta":[],"product_brand":[],"product_cat":[91,99],"product_tag":[],"class_list":{"0":"post-15898","1":"product","2":"type-product","3":"status-publish","4":"has-post-thumbnail","6":"product_cat-baggiz-torbe","7":"product_cat-ruksaci","9":"first","10":"instock","11":"taxable","12":"shipping-taxable","13":"purchasable","14":"product-type-simple"},"_links":{"self":[{"href":"https:\/\/www.komad.com\/hr\/wp-json\/wp\/v2\/product\/15898","targetHints":{"allow":["GET"]}}],"collection":[{"href":"https:\/\/www.komad.com\/hr\/wp-json\/wp\/v2\/product"}],"about":[{"href":"https:\/\/www.komad.com\/hr\/wp-json\/wp\/v2\/types\/product"}],"replies":[{"embeddable":true,"href":"https:\/\/www.komad.com\/hr\/wp-json\/wp\/v2\/comments?post=15898"}],"wp:featuredmedia":[{"embeddable":true,"href":"https:\/\/www.komad.com\/hr\/wp-json\/wp\/v2\/media\/24680"}],"wp:attachment":[{"href":"https:\/\/www.komad.com\/hr\/wp-json\/wp\/v2\/media?parent=15898"}],"wp:term":[{"taxonomy":"product_brand","embeddable":true,"href":"https:\/\/www.komad.com\/hr\/wp-json\/wp\/v2\/product_brand?post=15898"},{"taxonomy":"product_cat","embeddable":true,"href":"https:\/\/www.komad.com\/hr\/wp-json\/wp\/v2\/product_cat?post=15898"},{"taxonomy":"product_tag","embeddable":true,"href":"https:\/\/www.komad.com\/hr\/wp-json\/wp\/v2\/product_tag?post=15898"}],"curies":[{"name":"wp","href":"https:\/\/api.w.org\/{rel}","templated":true}]}}