{"id":15879,"date":"2018-09-26T17:35:48","date_gmt":"2018-09-26T15:35:48","guid":{"rendered":"https:\/\/www.komad.com\/product\/rebel-ruksak-koza\/"},"modified":"2025-10-09T14:53:41","modified_gmt":"2025-10-09T12:53:41","slug":"rebel-ruksak-koza","status":"publish","type":"product","link":"https:\/\/www.komad.com\/hr\/product\/rebel-ruksak-koza\/","title":{"rendered":"Rebel ruksak ko\u017ea"},"content":{"rendered":"<p>\/ dimenzije: 45x48cm<br \/>\n\/ naramenice: 70-130cm<\/p>\n","protected":false},"excerpt":{"rendered":"<p>Veliki, vre\u0107asti ruksak izra\u0111en je od kvalitetne gove\u0111e ko\u017ee.<\/p>\n<p>Podesive naramenice omogu\u0107uju savr\u0161enu prilagodbu tijelu. Unutra\u0161njost mu je prostrana i podstavljena crnom, pamu\u010dnom tkaninom. Sa svake strane ruksaka, nalazi se po jedan d\u017eep sa zatvara\u010dam. Kako u unutra\u0161njosti nema dodatnih pretinaca niti d\u017eepova postoji mogu\u0107nost nadopune dodatnim, manjim torbicama.<\/p>\n<p>\/ crna gove\u0111a ko\u017ea \/ crna pamu\u010dna podstava \/ dolazi sa za\u0161titnom vre\u0107icom (dust bag)<\/p>\n","protected":false},"featured_media":15866,"comment_status":"closed","ping_status":"closed","template":"","meta":[],"product_brand":[],"product_cat":[91,99],"product_tag":[],"class_list":{"0":"post-15879","1":"product","2":"type-product","3":"status-publish","4":"has-post-thumbnail","6":"product_cat-baggiz-torbe","7":"product_cat-ruksaci","9":"first","10":"instock","11":"taxable","12":"shipping-taxable","13":"purchasable","14":"product-type-simple"},"_links":{"self":[{"href":"https:\/\/www.komad.com\/hr\/wp-json\/wp\/v2\/product\/15879","targetHints":{"allow":["GET"]}}],"collection":[{"href":"https:\/\/www.komad.com\/hr\/wp-json\/wp\/v2\/product"}],"about":[{"href":"https:\/\/www.komad.com\/hr\/wp-json\/wp\/v2\/types\/product"}],"replies":[{"embeddable":true,"href":"https:\/\/www.komad.com\/hr\/wp-json\/wp\/v2\/comments?post=15879"}],"wp:featuredmedia":[{"embeddable":true,"href":"https:\/\/www.komad.com\/hr\/wp-json\/wp\/v2\/media\/15866"}],"wp:attachment":[{"href":"https:\/\/www.komad.com\/hr\/wp-json\/wp\/v2\/media?parent=15879"}],"wp:term":[{"taxonomy":"product_brand","embeddable":true,"href":"https:\/\/www.komad.com\/hr\/wp-json\/wp\/v2\/product_brand?post=15879"},{"taxonomy":"product_cat","embeddable":true,"href":"https:\/\/www.komad.com\/hr\/wp-json\/wp\/v2\/product_cat?post=15879"},{"taxonomy":"product_tag","embeddable":true,"href":"https:\/\/www.komad.com\/hr\/wp-json\/wp\/v2\/product_tag?post=15879"}],"curies":[{"name":"wp","href":"https:\/\/api.w.org\/{rel}","templated":true}]}}