{"id":15651,"date":"2021-03-30T15:59:52","date_gmt":"2021-03-30T13:59:52","guid":{"rendered":"https:\/\/www.komad.com\/product\/kaput-wrap\/"},"modified":"2021-09-20T09:16:30","modified_gmt":"2021-09-20T07:16:30","slug":"kaput-wrap","status":"publish","type":"product","link":"https:\/\/www.komad.com\/hr\/product\/kaput-wrap\/","title":{"rendered":"Kaput WRAP"},"content":{"rendered":"<p><span style=\"font-size: 1.125rem;\">\/ du\u017eina kaputa (od najvi\u0161e to\u010dke ramena) 120cm<br \/>\n<\/span>\/ \u0161irina prsa max. 105cm<br \/>\n\/ duljina rukava (od najvi\u0161e to\u010dke ramena) 65cm<\/p>\n","protected":false},"excerpt":{"rendered":"<p>Predimenzionirani ovratnik i prednji dio omogu\u0107avaju vi\u0161e na\u010dina no\u0161enja \u2013 mo\u017eete se njime ogrnuti ili ga pustiti da le\u017eerno pada.<\/p>\n<p>Dolazi bez zatvara\u010da ili gumbi, ali sa trakom koja se ve\u017ee u struku. U bo\u010dne strane kaputa u\u0161iveni su d\u017eepovi.<\/p>\n<p>\/ le\u017eeran kroj \/ \u0161iroki ovratnik \/ nema podstave \/ vuneni materijal<\/p>\n<p>VELI\u010cINA: S\/M<br \/>\nBOJA: crna<br \/>\nMATERIJAL: 80% vuna, 20% PA vlakno<\/p>\n","protected":false},"featured_media":20223,"comment_status":"closed","ping_status":"closed","template":"","meta":[],"product_brand":[],"product_cat":[97,86],"product_tag":[118,119,125],"class_list":{"0":"post-15651","1":"product","2":"type-product","3":"status-publish","4":"has-post-thumbnail","6":"product_cat-jakne-i-ogrtaci","7":"product_cat-odjeca","8":"product_tag-dizajn","9":"product_tag-kaput","10":"product_tag-komad-hr","12":"first","13":"instock","14":"taxable","15":"shipping-taxable","16":"purchasable","17":"product-type-simple"},"_links":{"self":[{"href":"https:\/\/www.komad.com\/hr\/wp-json\/wp\/v2\/product\/15651","targetHints":{"allow":["GET"]}}],"collection":[{"href":"https:\/\/www.komad.com\/hr\/wp-json\/wp\/v2\/product"}],"about":[{"href":"https:\/\/www.komad.com\/hr\/wp-json\/wp\/v2\/types\/product"}],"replies":[{"embeddable":true,"href":"https:\/\/www.komad.com\/hr\/wp-json\/wp\/v2\/comments?post=15651"}],"wp:featuredmedia":[{"embeddable":true,"href":"https:\/\/www.komad.com\/hr\/wp-json\/wp\/v2\/media\/20223"}],"wp:attachment":[{"href":"https:\/\/www.komad.com\/hr\/wp-json\/wp\/v2\/media?parent=15651"}],"wp:term":[{"taxonomy":"product_brand","embeddable":true,"href":"https:\/\/www.komad.com\/hr\/wp-json\/wp\/v2\/product_brand?post=15651"},{"taxonomy":"product_cat","embeddable":true,"href":"https:\/\/www.komad.com\/hr\/wp-json\/wp\/v2\/product_cat?post=15651"},{"taxonomy":"product_tag","embeddable":true,"href":"https:\/\/www.komad.com\/hr\/wp-json\/wp\/v2\/product_tag?post=15651"}],"curies":[{"name":"wp","href":"https:\/\/api.w.org\/{rel}","templated":true}]}}