{"id":15560,"date":"2018-03-26T18:49:31","date_gmt":"2018-03-26T16:49:31","guid":{"rendered":"https:\/\/www.komad.com\/product\/tunika-sparkle-zuta\/"},"modified":"2020-05-31T18:47:18","modified_gmt":"2020-05-31T16:47:18","slug":"tunika-sparkle-zuta","status":"publish","type":"product","link":"https:\/\/www.komad.com\/hr\/product\/tunika-sparkle-zuta\/","title":{"rendered":"Tunika SPARKLE \u017euta"},"content":{"rendered":"<p>\/ duljina (od najvi\u0161e to\u010dke ramena) 90cm<br \/>\n\/ \u0161irina 65cm<\/p>\n","protected":false},"excerpt":{"rendered":"<p>Tunika asimetri\u010dnog kroja sa 3\/4 rukavima i naboranim ovratnikom.<br \/>\nMo\u017ee se nositi na vi\u0161e na\u010dina- kao tunika ili majica.<br \/>\n\/ 3\/4 rukavi \/\u00a0\u00a0bez podstave<\/p>\n<p>VELI\u010cINA\u00a0univerzalna (S-L)<br \/>\nMATERIJAL\u00a095% viskoza, 5% spandex<\/p>\n","protected":false},"featured_media":15515,"comment_status":"closed","ping_status":"closed","template":"","meta":[],"product_brand":[],"product_cat":[86,98],"product_tag":[118,125,127],"class_list":{"0":"post-15560","1":"product","2":"type-product","3":"status-publish","4":"has-post-thumbnail","6":"product_cat-odjeca","7":"product_cat-topovi","8":"product_tag-dizajn","9":"product_tag-komad-hr","10":"product_tag-tunika","12":"first","13":"outofstock","14":"taxable","15":"shipping-taxable","16":"purchasable","17":"product-type-simple"},"_links":{"self":[{"href":"https:\/\/www.komad.com\/hr\/wp-json\/wp\/v2\/product\/15560","targetHints":{"allow":["GET"]}}],"collection":[{"href":"https:\/\/www.komad.com\/hr\/wp-json\/wp\/v2\/product"}],"about":[{"href":"https:\/\/www.komad.com\/hr\/wp-json\/wp\/v2\/types\/product"}],"replies":[{"embeddable":true,"href":"https:\/\/www.komad.com\/hr\/wp-json\/wp\/v2\/comments?post=15560"}],"wp:featuredmedia":[{"embeddable":true,"href":"https:\/\/www.komad.com\/hr\/wp-json\/wp\/v2\/media\/15515"}],"wp:attachment":[{"href":"https:\/\/www.komad.com\/hr\/wp-json\/wp\/v2\/media?parent=15560"}],"wp:term":[{"taxonomy":"product_brand","embeddable":true,"href":"https:\/\/www.komad.com\/hr\/wp-json\/wp\/v2\/product_brand?post=15560"},{"taxonomy":"product_cat","embeddable":true,"href":"https:\/\/www.komad.com\/hr\/wp-json\/wp\/v2\/product_cat?post=15560"},{"taxonomy":"product_tag","embeddable":true,"href":"https:\/\/www.komad.com\/hr\/wp-json\/wp\/v2\/product_tag?post=15560"}],"curies":[{"name":"wp","href":"https:\/\/api.w.org\/{rel}","templated":true}]}}