{"id":15558,"date":"2018-03-26T19:00:21","date_gmt":"2018-03-26T17:00:21","guid":{"rendered":"https:\/\/www.komad.com\/product\/tunika-sparkle-crna\/"},"modified":"2024-08-06T10:00:50","modified_gmt":"2024-08-06T08:00:50","slug":"tunika-sparkle-crna","status":"publish","type":"product","link":"https:\/\/www.komad.com\/hr\/product\/tunika-sparkle-crna\/","title":{"rendered":"Tunika SPARKLE crna"},"content":{"rendered":"<p>\/ duljina (od najvi\u0161e to\u010dke ramena) 90cm<br \/>\n\/ \u0161irina 65cm<\/p>\n","protected":false},"excerpt":{"rendered":"<p>Tunika asimetri\u010dnog kroja sa 3\/4 rukavima i naboranim ovratnikom.<br \/>\nMo\u017ee se nositi na vi\u0161e na\u010dina- kao tunika ili majica.<br \/>\n\/ 3\/4 rukavi \/\u00a0\u00a0bez podstave<\/p>\n<p>VELI\u010cINA\u00a0univerzalna (S-L)<br \/>\nMATERIJAL\u00a095% viskoza, 5% spandex<\/p>\n","protected":false},"featured_media":15479,"comment_status":"closed","ping_status":"closed","template":"","meta":[],"product_brand":[],"product_cat":[86,98],"product_tag":[118,125,127],"class_list":{"0":"post-15558","1":"product","2":"type-product","3":"status-publish","4":"has-post-thumbnail","6":"product_cat-odjeca","7":"product_cat-topovi","8":"product_tag-dizajn","9":"product_tag-komad-hr","10":"product_tag-tunika","12":"first","13":"outofstock","14":"taxable","15":"shipping-taxable","16":"purchasable","17":"product-type-simple"},"_links":{"self":[{"href":"https:\/\/www.komad.com\/hr\/wp-json\/wp\/v2\/product\/15558","targetHints":{"allow":["GET"]}}],"collection":[{"href":"https:\/\/www.komad.com\/hr\/wp-json\/wp\/v2\/product"}],"about":[{"href":"https:\/\/www.komad.com\/hr\/wp-json\/wp\/v2\/types\/product"}],"replies":[{"embeddable":true,"href":"https:\/\/www.komad.com\/hr\/wp-json\/wp\/v2\/comments?post=15558"}],"wp:featuredmedia":[{"embeddable":true,"href":"https:\/\/www.komad.com\/hr\/wp-json\/wp\/v2\/media\/15479"}],"wp:attachment":[{"href":"https:\/\/www.komad.com\/hr\/wp-json\/wp\/v2\/media?parent=15558"}],"wp:term":[{"taxonomy":"product_brand","embeddable":true,"href":"https:\/\/www.komad.com\/hr\/wp-json\/wp\/v2\/product_brand?post=15558"},{"taxonomy":"product_cat","embeddable":true,"href":"https:\/\/www.komad.com\/hr\/wp-json\/wp\/v2\/product_cat?post=15558"},{"taxonomy":"product_tag","embeddable":true,"href":"https:\/\/www.komad.com\/hr\/wp-json\/wp\/v2\/product_tag?post=15558"}],"curies":[{"name":"wp","href":"https:\/\/api.w.org\/{rel}","templated":true}]}}