{"id":15323,"date":"2018-09-27T11:50:19","date_gmt":"2018-09-27T09:50:19","guid":{"rendered":"https:\/\/www.komad.com\/product\/suknja-charm-crno\/"},"modified":"2019-09-30T13:53:20","modified_gmt":"2019-09-30T11:53:20","slug":"suknja-charm-crno","status":"publish","type":"product","link":"https:\/\/www.komad.com\/hr\/product\/suknja-charm-crno\/","title":{"rendered":"Suknja CHARM"},"content":{"rendered":"<p>\/ du\u017eina (od struka) 84cm<br \/>\n\/ opseg struka (podesivo) max. 90cm<br \/>\n\/ opseg bokova 110cm<\/p>\n","protected":false},"excerpt":{"rendered":"<p>Suknja midi du\u017eine do polovine listova, le\u017eernog kroja. Traka u\u0161ivena u rub suknje omogu\u0107ava pode\u0161avanje \u0161irine (vezanjem), a slu\u017ei i kao zanimljiv ukrasni detalj. U bo\u010dni \u0161av suknje, sa svake stane u\u0161iveni su d\u017eepovi.<br \/>\n\/ le\u017eeran kroj \/ zatvara\u010d na stra\u017enjem dijelu \/ traka u struku \/ d\u017eepovi sa strane \/nema podstave<\/p>\n<p>VELI\u010cINA: 36\/38<br \/>\nBOJA: crno<br \/>\nMATERIJAL: 55% lan, 45% viskozno vlakno<\/p>\n","protected":false},"featured_media":15298,"comment_status":"closed","ping_status":"closed","template":"","meta":[],"product_brand":[],"product_cat":[86,94],"product_tag":[],"class_list":{"0":"post-15323","1":"product","2":"type-product","3":"status-publish","4":"has-post-thumbnail","6":"product_cat-odjeca","7":"product_cat-suknje","9":"first","10":"instock","11":"taxable","12":"shipping-taxable","13":"purchasable","14":"product-type-simple"},"_links":{"self":[{"href":"https:\/\/www.komad.com\/hr\/wp-json\/wp\/v2\/product\/15323","targetHints":{"allow":["GET"]}}],"collection":[{"href":"https:\/\/www.komad.com\/hr\/wp-json\/wp\/v2\/product"}],"about":[{"href":"https:\/\/www.komad.com\/hr\/wp-json\/wp\/v2\/types\/product"}],"replies":[{"embeddable":true,"href":"https:\/\/www.komad.com\/hr\/wp-json\/wp\/v2\/comments?post=15323"}],"wp:featuredmedia":[{"embeddable":true,"href":"https:\/\/www.komad.com\/hr\/wp-json\/wp\/v2\/media\/15298"}],"wp:attachment":[{"href":"https:\/\/www.komad.com\/hr\/wp-json\/wp\/v2\/media?parent=15323"}],"wp:term":[{"taxonomy":"product_brand","embeddable":true,"href":"https:\/\/www.komad.com\/hr\/wp-json\/wp\/v2\/product_brand?post=15323"},{"taxonomy":"product_cat","embeddable":true,"href":"https:\/\/www.komad.com\/hr\/wp-json\/wp\/v2\/product_cat?post=15323"},{"taxonomy":"product_tag","embeddable":true,"href":"https:\/\/www.komad.com\/hr\/wp-json\/wp\/v2\/product_tag?post=15323"}],"curies":[{"name":"wp","href":"https:\/\/api.w.org\/{rel}","templated":true}]}}