{"id":15228,"date":"2018-09-27T13:08:44","date_gmt":"2018-09-27T11:08:44","guid":{"rendered":"https:\/\/www.komad.com\/product\/hlace-bow-plave\/"},"modified":"2019-09-30T12:49:17","modified_gmt":"2019-09-30T10:49:17","slug":"hlace-bow-plave","status":"publish","type":"product","link":"https:\/\/www.komad.com\/hr\/product\/hlace-bow-plave\/","title":{"rendered":"Hla\u010de BOW"},"content":{"rendered":"<p>\/ du\u017eina nogavice (od struka) 95cm<br \/>\n\/ opseg struka (podesivo) max. 84cm<br \/>\n\/ opseg bokova 115cm<\/p>\n","protected":false},"excerpt":{"rendered":"<p>Hla\u010de visokog struka sa \u0161irokim nogavicama. Traka u\u0161ivena u rub hla\u010da omogu\u0107ava pode\u0161avanje \u0161irine (vezanjem), a tako\u0111er slu\u017ei i kao zanimljiv ukrasni detalj.<br \/>\n\/ le\u017eeran kroj \/ zatvara\u010d na stra\u017enjem dijelu \/ traka u struku \/ d\u017eepovi sa strane<\/p>\n<p>VELI\u010cINA: 36\/38<br \/>\nBOJA: plava<br \/>\nMATERIJAL: 55% lan, 45% viskozno vlakno<\/p>\n","protected":false},"featured_media":15190,"comment_status":"closed","ping_status":"closed","template":"","meta":[],"product_brand":[],"product_cat":[88,86],"product_tag":[],"class_list":{"0":"post-15228","1":"product","2":"type-product","3":"status-publish","4":"has-post-thumbnail","6":"product_cat-hlace-i-kratke-hlace","7":"product_cat-odjeca","9":"first","10":"instock","11":"taxable","12":"shipping-taxable","13":"purchasable","14":"product-type-simple"},"_links":{"self":[{"href":"https:\/\/www.komad.com\/hr\/wp-json\/wp\/v2\/product\/15228","targetHints":{"allow":["GET"]}}],"collection":[{"href":"https:\/\/www.komad.com\/hr\/wp-json\/wp\/v2\/product"}],"about":[{"href":"https:\/\/www.komad.com\/hr\/wp-json\/wp\/v2\/types\/product"}],"replies":[{"embeddable":true,"href":"https:\/\/www.komad.com\/hr\/wp-json\/wp\/v2\/comments?post=15228"}],"wp:featuredmedia":[{"embeddable":true,"href":"https:\/\/www.komad.com\/hr\/wp-json\/wp\/v2\/media\/15190"}],"wp:attachment":[{"href":"https:\/\/www.komad.com\/hr\/wp-json\/wp\/v2\/media?parent=15228"}],"wp:term":[{"taxonomy":"product_brand","embeddable":true,"href":"https:\/\/www.komad.com\/hr\/wp-json\/wp\/v2\/product_brand?post=15228"},{"taxonomy":"product_cat","embeddable":true,"href":"https:\/\/www.komad.com\/hr\/wp-json\/wp\/v2\/product_cat?post=15228"},{"taxonomy":"product_tag","embeddable":true,"href":"https:\/\/www.komad.com\/hr\/wp-json\/wp\/v2\/product_tag?post=15228"}],"curies":[{"name":"wp","href":"https:\/\/api.w.org\/{rel}","templated":true}]}}