{"id":15182,"date":"2018-09-27T13:27:54","date_gmt":"2018-09-27T11:27:54","guid":{"rendered":"https:\/\/www.komad.com\/product\/kombinezon-diva-crni\/"},"modified":"2020-06-17T09:37:37","modified_gmt":"2020-06-17T07:37:37","slug":"kombinezon-diva-crni","status":"publish","type":"product","link":"https:\/\/www.komad.com\/hr\/product\/kombinezon-diva-crni\/","title":{"rendered":"Kombinezon DIVA"},"content":{"rendered":"<p>\/ du\u017eina kombinezona (od najvi\u0161e to\u010dke ramena) 150cm<br \/>\n\/ du\u017eina od prepona do ramena 79cm<br \/>\n\/ du\u017eina nogavica (od struka) 110cm<br \/>\n\/ opseg struka (podesivo) max. 96cm<br \/>\n\/ opseg bokova 112cm<\/p>\n","protected":false},"excerpt":{"rendered":"<p>Kombinezon bez rukava sa preklopljenim polovicama na prsima i le\u0111ima. Traka u podru\u010dju struka (koju mo\u017eete zamijeniti remenom) omogu\u0107ava kontrolu \u0161irine. Kombinezon je le\u017eernog kroja i mo\u017ee se nositi samostalno ili u kombinaciji sa majicom, dol\u010devitom ili ko\u0161uljom.<br \/>\nOvaj model kombinezona vizualno izdu\u017euje noge!<br \/>\n\/ le\u017eeran kroj \/ traka u struku (pojas) \/ d\u017eepovi sa strane<\/p>\n<p>VELI\u010cINA: 36\/38<\/p>\n<p>BOJA: crna<br \/>\nMATERIJAL: 55% lan, 45% viskozno vlakno<\/p>\n","protected":false},"featured_media":15179,"comment_status":"closed","ping_status":"closed","template":"","meta":[],"product_brand":[],"product_cat":[89,86],"product_tag":[118,125],"class_list":{"0":"post-15182","1":"product","2":"type-product","3":"status-publish","4":"has-post-thumbnail","6":"product_cat-kombinezoni","7":"product_cat-odjeca","8":"product_tag-dizajn","9":"product_tag-komad-hr","11":"first","12":"instock","13":"taxable","14":"shipping-taxable","15":"purchasable","16":"product-type-simple"},"_links":{"self":[{"href":"https:\/\/www.komad.com\/hr\/wp-json\/wp\/v2\/product\/15182","targetHints":{"allow":["GET"]}}],"collection":[{"href":"https:\/\/www.komad.com\/hr\/wp-json\/wp\/v2\/product"}],"about":[{"href":"https:\/\/www.komad.com\/hr\/wp-json\/wp\/v2\/types\/product"}],"replies":[{"embeddable":true,"href":"https:\/\/www.komad.com\/hr\/wp-json\/wp\/v2\/comments?post=15182"}],"wp:featuredmedia":[{"embeddable":true,"href":"https:\/\/www.komad.com\/hr\/wp-json\/wp\/v2\/media\/15179"}],"wp:attachment":[{"href":"https:\/\/www.komad.com\/hr\/wp-json\/wp\/v2\/media?parent=15182"}],"wp:term":[{"taxonomy":"product_brand","embeddable":true,"href":"https:\/\/www.komad.com\/hr\/wp-json\/wp\/v2\/product_brand?post=15182"},{"taxonomy":"product_cat","embeddable":true,"href":"https:\/\/www.komad.com\/hr\/wp-json\/wp\/v2\/product_cat?post=15182"},{"taxonomy":"product_tag","embeddable":true,"href":"https:\/\/www.komad.com\/hr\/wp-json\/wp\/v2\/product_tag?post=15182"}],"curies":[{"name":"wp","href":"https:\/\/api.w.org\/{rel}","templated":true}]}}