{"id":14800,"date":"2018-09-27T14:01:35","date_gmt":"2018-09-27T12:01:35","guid":{"rendered":"https:\/\/www.komad.com\/product\/prsluk-love-crni\/"},"modified":"2019-09-28T13:58:02","modified_gmt":"2019-09-28T11:58:02","slug":"prsluk-love-crni","status":"publish","type":"product","link":"https:\/\/www.komad.com\/hr\/product\/prsluk-love-crni\/","title":{"rendered":"Prsluk LOVE"},"content":{"rendered":"<p>\/ du\u017eina kaputa (od najvi\u0161e to\u010dke ramena) 100cm<br \/>\n\/ \u0161irina prsa max. 145cm<br \/>\n\/ \u0161irina ramena 40cm<\/p>\n","protected":false},"excerpt":{"rendered":"<p>Ogrta\u010d srednje du\u017eine, bez rukava izra\u0111en je od laganog materijala. Predimenzionirani ovratnik i prednji dio omogu\u0107avaju vi\u0161e na\u010dina no\u0161enja \u2013 mo\u017eete se njime ogrnuti ili ga pustiti da le\u017eerno pada. Tako\u0111er ga ogrnutog mo\u017eete nositi i kao HALJINU. Dolazi bez zatvara\u010da ili gumbi, ali sa odvojivom trakom koja se ve\u017ee u struku.<br \/>\n\/ le\u017eeran kroj \/ visoki ovratnik \/ \u0111\u017eepovi na bo\u010dnom dijelu \/ bez podstave \/ dolazi sa pojasom\/trakom<\/p>\n<p>VELI\u010cINA: S\/M<\/p>\n<p>BOJA: crno<br \/>\nMATERIJAL: 55% lan, 45% viskozno vlakno<\/p>\n","protected":false},"featured_media":14767,"comment_status":"closed","ping_status":"closed","template":"","meta":[],"product_brand":[],"product_cat":[97,86],"product_tag":[],"class_list":{"0":"post-14800","1":"product","2":"type-product","3":"status-publish","4":"has-post-thumbnail","6":"product_cat-jakne-i-ogrtaci","7":"product_cat-odjeca","9":"first","10":"instock","11":"taxable","12":"shipping-taxable","13":"purchasable","14":"product-type-simple"},"_links":{"self":[{"href":"https:\/\/www.komad.com\/hr\/wp-json\/wp\/v2\/product\/14800","targetHints":{"allow":["GET"]}}],"collection":[{"href":"https:\/\/www.komad.com\/hr\/wp-json\/wp\/v2\/product"}],"about":[{"href":"https:\/\/www.komad.com\/hr\/wp-json\/wp\/v2\/types\/product"}],"replies":[{"embeddable":true,"href":"https:\/\/www.komad.com\/hr\/wp-json\/wp\/v2\/comments?post=14800"}],"wp:featuredmedia":[{"embeddable":true,"href":"https:\/\/www.komad.com\/hr\/wp-json\/wp\/v2\/media\/14767"}],"wp:attachment":[{"href":"https:\/\/www.komad.com\/hr\/wp-json\/wp\/v2\/media?parent=14800"}],"wp:term":[{"taxonomy":"product_brand","embeddable":true,"href":"https:\/\/www.komad.com\/hr\/wp-json\/wp\/v2\/product_brand?post=14800"},{"taxonomy":"product_cat","embeddable":true,"href":"https:\/\/www.komad.com\/hr\/wp-json\/wp\/v2\/product_cat?post=14800"},{"taxonomy":"product_tag","embeddable":true,"href":"https:\/\/www.komad.com\/hr\/wp-json\/wp\/v2\/product_tag?post=14800"}],"curies":[{"name":"wp","href":"https:\/\/api.w.org\/{rel}","templated":true}]}}