{"id":14553,"date":"2019-09-30T14:20:09","date_gmt":"2019-09-30T12:20:09","guid":{"rendered":"https:\/\/www.komad.com\/?post_type=product&#038;p=14553"},"modified":"2022-08-30T14:49:01","modified_gmt":"2022-08-30T12:49:01","slug":"dzemper-crveni-2","status":"publish","type":"product","link":"https:\/\/www.komad.com\/hr\/product\/dzemper-crveni-2\/","title":{"rendered":"D\u017eemper crveni"},"content":{"rendered":"<p>\/ duljina (od najvi\u0161e to\u010dke ramena) 70cm <br \/>\/ duljina rukava (od najvi\u0161e to\u010dke ramena) 60cm<\/p>\n","protected":false},"excerpt":{"rendered":"<p>Oversized d\u017eemper \u0161irokog ovratnika izra\u0111en od pletiva u mje\u0161avini pamuka ili viskoze. Rukavi su \u0161iroko krojeni, sa laganim su\u017eenjem prema \u0161akama ruke. Mo\u017ee se nositi u svojoj punoj du\u017eini kao tunika ili podvrnuto u kra\u0107oj varijanti.<br \/>\n\/ \u0161iroki kroj \u00a0\/\u00a0nosiv kao tunika<\/p>\n<p>VELI\u010cINA univerzalna (S-L)<br \/>\nBOJA crvena<br \/>\nMATERIJAL 67% pamuk, 33% PES<\/p>\n","protected":false},"featured_media":14555,"comment_status":"closed","ping_status":"closed","template":"","meta":[],"product_brand":[],"product_cat":[86,93],"product_tag":[],"class_list":{"0":"post-14553","1":"product","2":"type-product","3":"status-publish","4":"has-post-thumbnail","6":"product_cat-odjeca","7":"product_cat-pletenina","9":"first","10":"instock","11":"taxable","12":"shipping-taxable","13":"purchasable","14":"product-type-simple"},"_links":{"self":[{"href":"https:\/\/www.komad.com\/hr\/wp-json\/wp\/v2\/product\/14553","targetHints":{"allow":["GET"]}}],"collection":[{"href":"https:\/\/www.komad.com\/hr\/wp-json\/wp\/v2\/product"}],"about":[{"href":"https:\/\/www.komad.com\/hr\/wp-json\/wp\/v2\/types\/product"}],"replies":[{"embeddable":true,"href":"https:\/\/www.komad.com\/hr\/wp-json\/wp\/v2\/comments?post=14553"}],"wp:featuredmedia":[{"embeddable":true,"href":"https:\/\/www.komad.com\/hr\/wp-json\/wp\/v2\/media\/14555"}],"wp:attachment":[{"href":"https:\/\/www.komad.com\/hr\/wp-json\/wp\/v2\/media?parent=14553"}],"wp:term":[{"taxonomy":"product_brand","embeddable":true,"href":"https:\/\/www.komad.com\/hr\/wp-json\/wp\/v2\/product_brand?post=14553"},{"taxonomy":"product_cat","embeddable":true,"href":"https:\/\/www.komad.com\/hr\/wp-json\/wp\/v2\/product_cat?post=14553"},{"taxonomy":"product_tag","embeddable":true,"href":"https:\/\/www.komad.com\/hr\/wp-json\/wp\/v2\/product_tag?post=14553"}],"curies":[{"name":"wp","href":"https:\/\/api.w.org\/{rel}","templated":true}]}}