{"id":24236,"date":"2023-12-21T13:13:40","date_gmt":"2023-12-21T12:13:40","guid":{"rendered":"https:\/\/www.komad.com\/pricajmo-o-snizenjima\/"},"modified":"2024-02-21T09:06:31","modified_gmt":"2024-02-21T08:06:31","slug":"pricajmo-o-snizenjima","status":"publish","type":"page","link":"https:\/\/www.komad.com\/hr\/pricajmo-o-snizenjima\/","title":{"rendered":"Pri\u010dajmo o sni\u017eenjima"},"content":{"rendered":"<div class=\"wpb-content-wrapper\"><p>[vc_row][vc_column][vc_row_inner][vc_column_inner width=&#8221;1\/2&#8243;][vc_single_image image=&#8221;24230&#8243; img_size=&#8221;full&#8221; alignment=&#8221;right&#8221; css_animation=&#8221;bounceInLeft&#8221;][\/vc_column_inner][vc_column_inner width=&#8221;1\/2&#8243;][vc_column_text css_animation=&#8221;bounceInUp&#8221;]<\/p>\n<h2>Pri\u010dajmo o SNI\u017dENJIMA<\/h2>\n<p>\u010cesto nam sti\u017ee pitanje: kada \u0107ete imati sni\u017eenje?<br \/>\nI evo na\u0161eg odgovora.<\/p>\n<p>Mi ne radimo sni\u017eenja.<br \/>\nPonekad \u017eelimo nagraditi na\u0161e vjerne kupce posebnom ponudom. Ponekad se to desi, ali ne \u010desto. Upravo zato nam je jako va\u017eno re\u0107i ti: <strong>hvala!<\/strong><\/p>\n<p>Hvala za tvoju podr\u0161ku!<br \/>\nPodr\u017eavanjem na\u0161eg brenda podr\u017eava\u0161 proizvode u koje je ulo\u017eeno jako puno truda i iskrene ljubavi. Mi ne prizvodimo samo robu ve\u0107 proizvodimo i pozitivne do\u017eivljaje i dajemo sve od sebe kako bismo ostavili pozitivan trag na svijet u kojem \u017eivimo. Kupovinom na\u0161ih proizvoda pru\u017ea\u0161 podr\u0161ku maloj proizvodnji, na\u0161im vjernim zaposlenicima, ali i cijelom lancu malih obiteljskih tvrtki koje nas prate na na\u0161em putu.<\/p>\n<p>Hvala \u0161to si odgovoran kupac kojemu je pravedna, fer proizvodnja bitna. Hvala ti \u0161to vjeruje\u0161 kako na\u0161 brend dodaje vi\u0161e vrijednosti tvojem novcu i \u010dini vi\u0161e za okoli\u0161. Mi ne radimo sni\u017eenja, ali mo\u017eemo ti obe\u0107ati kako \u0107emo nastaviti na\u0161u misiju proizvodnje najboljih proizvoda visoke kvalitete. Sve dizajnirano i proizvedeno u Hrvatskoj.[\/vc_column_text][\/vc_column_inner][\/vc_row_inner][vc_empty_space height=&#8221;60px&#8221;][\/vc_column][\/vc_row]<\/p>\n<\/div>","protected":false},"excerpt":{"rendered":"<p>[vc_row][vc_column][vc_row_inner][vc_column_inner width=&#8221;1\/2&#8243;][vc_single_image image=&#8221;24230&#8243; img_size=&#8221;full&#8221; alignment=&#8221;right&#8221; css_animation=&#8221;bounceInLeft&#8221;][\/vc_column_inner][vc_column_inner width=&#8221;1\/2&#8243;][vc_column_text css_animation=&#8221;bounceInUp&#8221;] Pri\u010dajmo o SNI\u017dENJIMA \u010cesto nam sti\u017ee pitanje: kada \u0107ete imati sni\u017eenje? I evo na\u0161eg odgovora. Mi ne radimo sni\u017eenja. Ponekad \u017eelimo nagraditi&hellip;<\/p>\n","protected":false},"author":2,"featured_media":0,"parent":0,"menu_order":0,"comment_status":"closed","ping_status":"closed","template":"","meta":{"footnotes":""},"class_list":["post-24236","page","type-page","status-publish","hentry"],"_links":{"self":[{"href":"https:\/\/www.komad.com\/hr\/wp-json\/wp\/v2\/pages\/24236","targetHints":{"allow":["GET"]}}],"collection":[{"href":"https:\/\/www.komad.com\/hr\/wp-json\/wp\/v2\/pages"}],"about":[{"href":"https:\/\/www.komad.com\/hr\/wp-json\/wp\/v2\/types\/page"}],"author":[{"embeddable":true,"href":"https:\/\/www.komad.com\/hr\/wp-json\/wp\/v2\/users\/2"}],"replies":[{"embeddable":true,"href":"https:\/\/www.komad.com\/hr\/wp-json\/wp\/v2\/comments?post=24236"}],"version-history":[{"count":4,"href":"https:\/\/www.komad.com\/hr\/wp-json\/wp\/v2\/pages\/24236\/revisions"}],"predecessor-version":[{"id":24242,"href":"https:\/\/www.komad.com\/hr\/wp-json\/wp\/v2\/pages\/24236\/revisions\/24242"}],"wp:attachment":[{"href":"https:\/\/www.komad.com\/hr\/wp-json\/wp\/v2\/media?parent=24236"}],"curies":[{"name":"wp","href":"https:\/\/api.w.org\/{rel}","templated":true}]}}