{"id":16467,"date":"2019-10-01T17:59:59","date_gmt":"2019-10-01T15:59:59","guid":{"rendered":"https:\/\/www.komad.com\/?page_id=16467"},"modified":"2019-10-01T18:02:47","modified_gmt":"2019-10-01T16:02:47","slug":"bagmonster","status":"publish","type":"page","link":"https:\/\/www.komad.com\/hr\/bagmonster\/","title":{"rendered":"BagMonster"},"content":{"rendered":"<div class=\"wpb-content-wrapper\"><p>[vc_row full_width=&#8221;stretch_row_content_no_spaces&#8221; content_placement=&#8221;middle&#8221; fullwidth=&#8221;yes&#8221; background_position=&#8221;center top&#8221; css=&#8221;.vc_custom_1569944436411{background-position: 0 0 !important;background-repeat: no-repeat !important;}&#8221;][vc_column][vc_single_image image=&#8221;16469&#8243; img_size=&#8221;full&#8221; alignment=&#8221;center&#8221;][\/vc_column][\/vc_row][vc_row][vc_column][vc_empty_space height=&#8221;50px&#8221;][\/vc_column][\/vc_row][vc_row][vc_column width=&#8221;1\/2&#8243;][vc_single_image image=&#8221;16413&#8243; img_size=&#8221;full&#8221; alignment=&#8221;center&#8221;][vc_row_inner][vc_column_inner width=&#8221;1\/3&#8243;][vc_single_image image=&#8221;16420&#8243; img_size=&#8221;150&#215;188&#8243; alignment=&#8221;right&#8221; onclick=&#8221;link_image&#8221;][\/vc_column_inner][vc_column_inner width=&#8221;1\/3&#8243;][vc_single_image image=&#8221;16418&#8243; img_size=&#8221;150&#215;188&#8243; alignment=&#8221;center&#8221; onclick=&#8221;link_image&#8221;][\/vc_column_inner][vc_column_inner width=&#8221;1\/3&#8243;][vc_single_image image=&#8221;16416&#8243; img_size=&#8221;150&#215;188&#8243; onclick=&#8221;link_image&#8221;][\/vc_column_inner][\/vc_row_inner][\/vc_column][vc_column width=&#8221;1\/2&#8243;][vc_single_image image=&#8221;16471&#8243; img_size=&#8221;509&#215;221&#8243;][vc_column_text]BAG MONSTER je savr\u0161ena zamjena za plasti\u010dne vre\u0107ice \u2013 ne jednu nego barem 2 velike.. ili 4-5 malih\u2026<\/p>\n<p>dobila je svoje \u010dudovi\u0161no ime jer stvarno\u2026 ali stvarno!\u2026. u nju mo\u017eete ugurati monstuoznu koli\u010dinu stvari.<\/p>\n<p>i sami se uvijek iznova iznenadimo koliko toga mo\u017ee podnijeti i progutati!<br \/>\nnpr. cijeli subotnji \u0161peceraj!<br \/>\nili svu potrebnu i nepotrebnu opremu za pla\u017eu!<br \/>\nili cijelu jednu policu knjiga!<br \/>\nili jedan manji du\u0107an igra\u010daka\u2026.<\/p>\n<p><em>uz vre\u0107icu dobivate i upute kako je savijati u prakti\u010dan oblik torkuti\u0107a koji stane u svaku torbicu!<\/em>[\/vc_column_text][\/vc_column][\/vc_row][vc_row][vc_column][vc_empty_space height=&#8221;50px&#8221;][vc_single_image image=&#8221;16473&#8243; img_size=&#8221;full&#8221; alignment=&#8221;center&#8221;][\/vc_column][\/vc_row][vc_row full_width=&#8221;stretch_row_content_no_spaces&#8221; fullwidth=&#8221;yes&#8221;][vc_column][vc_single_image image=&#8221;16475&#8243; img_size=&#8221;full&#8221; alignment=&#8221;right&#8221;][\/vc_column][\/vc_row][vc_row][vc_column][vc_single_image image=&#8221;16477&#8243; img_size=&#8221;610&#215;71&#8243; alignment=&#8221;center&#8221;][vc_column_text]<\/p>\n<p style=\"text-align: center;\"><strong>KLIK NA MONSTERA DA VIDI\u0160 NJEGOV PROFIL<\/strong><\/p>\n<p>[\/vc_column_text][vc_row_inner][vc_column_inner width=&#8221;1\/4&#8243;][vc_single_image image=&#8221;16479&#8243; img_size=&#8221;full&#8221; alignment=&#8221;center&#8221; onclick=&#8221;custom_link&#8221; img_link_target=&#8221;_blank&#8221; link=&#8221;https:\/\/www.komad.com\/wp-content\/uploads\/2019\/10\/dominick-opis-hr.jpg&#8221;][\/vc_column_inner][vc_column_inner width=&#8221;1\/4&#8243;][vc_single_image image=&#8221;16485&#8243; img_size=&#8221;full&#8221; alignment=&#8221;center&#8221; onclick=&#8221;custom_link&#8221; img_link_target=&#8221;_blank&#8221; link=&#8221;https:\/\/www.komad.com\/wp-content\/uploads\/2019\/10\/peter-opis-hr.jpg&#8221;][\/vc_column_inner][vc_column_inner width=&#8221;1\/4&#8243;][vc_single_image image=&#8221;16483&#8243; img_size=&#8221;full&#8221; alignment=&#8221;center&#8221; onclick=&#8221;custom_link&#8221; img_link_target=&#8221;_blank&#8221; link=&#8221;https:\/\/www.komad.com\/wp-content\/uploads\/2019\/10\/mike-opis-hr.jpg&#8221;][\/vc_column_inner][vc_column_inner width=&#8221;1\/4&#8243;][vc_single_image image=&#8221;16481&#8243; img_size=&#8221;full&#8221; alignment=&#8221;center&#8221; onclick=&#8221;custom_link&#8221; img_link_target=&#8221;_blank&#8221; link=&#8221;https:\/\/www.komad.com\/wp-content\/uploads\/2019\/10\/lily-opis-hr.jpg&#8221;][\/vc_column_inner][\/vc_row_inner][\/vc_column][\/vc_row][vc_row css=&#8221;.vc_custom_1503652692412{margin-top: 80px !important;}&#8221;][vc_column][vc_separator][vc_row_inner][vc_column_inner width=&#8221;1\/4&#8243;][vc_empty_space height=&#8221;150px&#8221;][vc_column_text]<\/p>\n<p style=\"text-align: right;\">100% poliester<br \/>\nupotrebljavamo samo materijale provjerene kvalitete i one koji ne ugrozavaju zivotinjske vrste.<br \/>\nsvi materijali proizvedeni su u Hrvatskoj.<\/p>\n<p>[\/vc_column_text][\/vc_column_inner][vc_column_inner width=&#8221;3\/4&#8243;][vc_single_image image=&#8221;16495&#8243; img_size=&#8221;full&#8221;][\/vc_column_inner][\/vc_row_inner][\/vc_column][\/vc_row][vc_row full_width=&#8221;stretch_row_content_no_spaces&#8221; fullwidth=&#8221;yes&#8221;][vc_column][vc_empty_space height=&#8221;80px&#8221;][vc_single_image image=&#8221;16497&#8243; img_size=&#8221;full&#8221; alignment=&#8221;center&#8221;][\/vc_column][\/vc_row][vc_row][vc_column][vc_empty_space height=&#8221;80px&#8221;][vc_single_image image=&#8221;16499&#8243; img_size=&#8221;full&#8221; alignment=&#8221;center&#8221; onclick=&#8221;custom_link&#8221; link=&#8221;#&#8221;][\/vc_column][\/vc_row][vc_row full_width=&#8221;stretch_row_content_no_spaces&#8221; fullwidth=&#8221;yes&#8221; wrap=&#8221;yes&#8221; css=&#8221;.vc_custom_1569945160371{margin-top: 80px !important;background-color: #ee7103 !important;}&#8221;][vc_column][vc_empty_space][vc_single_image image=&#8221;16458&#8243; img_size=&#8221;full&#8221; alignment=&#8221;center&#8221;][vc_column_text]<\/p>\n<p style=\"text-align: center; color: #fff;\"><strong>BagMonsteri su bili dio kampanje Hrvatskog Telekoma \u2013 Simpe u 2016.<\/strong><\/p>\n<p>[\/vc_column_text][vc_single_image image=&#8221;16460&#8243; img_size=&#8221;full&#8221; alignment=&#8221;center&#8221;][\/vc_column][\/vc_row][vc_row css=&#8221;.vc_custom_1503655269190{margin-top: 50px !important;}&#8221;][vc_column][vc_row_inner][vc_column_inner width=&#8221;1\/6&#8243;][vc_empty_space height=&#8221;1px&#8221;][\/vc_column_inner][vc_column_inner width=&#8221;2\/3&#8243;][vc_video link=&#8221;https:\/\/www.youtube.com\/watch?v=TAtZIwBz_L4&amp;feature=youtu.be&#8221; align=&#8221;center&#8221;][\/vc_column_inner][vc_column_inner width=&#8221;1\/6&#8243;][\/vc_column_inner][\/vc_row_inner][vc_empty_space height=&#8221;62px&#8221;][vc_single_image image=&#8221;16462&#8243; img_size=&#8221;full&#8221; alignment=&#8221;center&#8221;][vc_empty_space height=&#8221;62px&#8221;][vc_single_image image=&#8221;16464&#8243; img_size=&#8221;full&#8221; alignment=&#8221;center&#8221;][vc_empty_space height=&#8221;62px&#8221;][\/vc_column][\/vc_row]<\/p>\n<\/div>","protected":false},"excerpt":{"rendered":"<p>[vc_row full_width=&#8221;stretch_row_content_no_spaces&#8221; content_placement=&#8221;middle&#8221; fullwidth=&#8221;yes&#8221; background_position=&#8221;center top&#8221; css=&#8221;.vc_custom_1569944436411{background-position: 0 0 !important;background-repeat: no-repeat !important;}&#8221;][vc_column][vc_single_image image=&#8221;16469&#8243; img_size=&#8221;full&#8221; alignment=&#8221;center&#8221;][\/vc_column][\/vc_row][vc_row][vc_column][vc_empty_space height=&#8221;50px&#8221;][\/vc_column][\/vc_row][vc_row][vc_column width=&#8221;1\/2&#8243;][vc_single_image image=&#8221;16413&#8243; img_size=&#8221;full&#8221; alignment=&#8221;center&#8221;][vc_row_inner][vc_column_inner width=&#8221;1\/3&#8243;][vc_single_image image=&#8221;16420&#8243; img_size=&#8221;150&#215;188&#8243; alignment=&#8221;right&#8221; onclick=&#8221;link_image&#8221;][\/vc_column_inner][vc_column_inner width=&#8221;1\/3&#8243;][vc_single_image image=&#8221;16418&#8243; img_size=&#8221;150&#215;188&#8243; alignment=&#8221;center&#8221; onclick=&#8221;link_image&#8221;][\/vc_column_inner][vc_column_inner&hellip;<\/p>\n","protected":false},"author":2,"featured_media":0,"parent":0,"menu_order":0,"comment_status":"closed","ping_status":"closed","template":"templates\/large-container.php","meta":{"footnotes":""},"class_list":["post-16467","page","type-page","status-publish","hentry"],"_links":{"self":[{"href":"https:\/\/www.komad.com\/hr\/wp-json\/wp\/v2\/pages\/16467","targetHints":{"allow":["GET"]}}],"collection":[{"href":"https:\/\/www.komad.com\/hr\/wp-json\/wp\/v2\/pages"}],"about":[{"href":"https:\/\/www.komad.com\/hr\/wp-json\/wp\/v2\/types\/page"}],"author":[{"embeddable":true,"href":"https:\/\/www.komad.com\/hr\/wp-json\/wp\/v2\/users\/2"}],"replies":[{"embeddable":true,"href":"https:\/\/www.komad.com\/hr\/wp-json\/wp\/v2\/comments?post=16467"}],"version-history":[{"count":4,"href":"https:\/\/www.komad.com\/hr\/wp-json\/wp\/v2\/pages\/16467\/revisions"}],"predecessor-version":[{"id":16503,"href":"https:\/\/www.komad.com\/hr\/wp-json\/wp\/v2\/pages\/16467\/revisions\/16503"}],"wp:attachment":[{"href":"https:\/\/www.komad.com\/hr\/wp-json\/wp\/v2\/media?parent=16467"}],"curies":[{"name":"wp","href":"https:\/\/api.w.org\/{rel}","templated":true}]}}