{"id":13270,"date":"2019-09-18T18:19:50","date_gmt":"2019-09-18T16:19:50","guid":{"rendered":"https:\/\/www.komad.com\/?page_id=13270"},"modified":"2019-09-18T18:19:50","modified_gmt":"2019-09-18T16:19:50","slug":"uvjeti-koristenja","status":"publish","type":"page","link":"https:\/\/www.komad.com\/hr\/uvjeti-koristenja\/","title":{"rendered":"Uvjeti kori\u0161tenja"},"content":{"rendered":"<div class=\"wpb-content-wrapper\"><p>[vc_row][vc_column][vc_column_text]Kori\u0161tenjem ove stranice smatra se da ste u potpunosti upoznati i suglasni s ovdje navedenim uvjetima kori\u0161tenja, Uvjetima prodaje i Izjavom o tajnosti podataka.<\/p>\n<p>Vlasnik ove stranice je BAGGIZ j.d.o.o., Ognjena Price 23, 40000 \u010cakovec<br \/>\nUsluga koju pru\u017ea BAGGIZ j.d.o.o. (dalje u tekstu BAGGIZ) sa sjedi\u0161tem u \u010cakovcu, sastoji se od upravljanja sadr\u017eajem i formom, provo\u0111enja financijskih transakcija, organizacije i posredovanja pri prodaji kao i pru\u017eanja usluga putem interneta.<br \/>\nSvakim daljnjim kori\u0161tenjem ove stranice nakon upoznavanja s ovim uvjetima, smatra se da su korisnici suglasni s ovdje iznesenim te pristaju na kori\u0161tenje stranice i usluga koje ona pru\u017ea, a sukladno tim uvjetima. Korisnik je odgovoran za za\u0161titu povjerljivosti lozinki koje se pojavljuju i kreiraju pri kori\u0161tenju usluga koje pru\u017ea KOMAD.<br \/>\nUkoliko navedeno ne prihva\u0107ate ili se ne sla\u017eete s istim, molimo ne koristite ovu internet stranicu i usluge koje ona pru\u017ea.<\/p>\n<p>Korisnik ili krajnji korisnik je svaka osoba koja na bilo koji na\u010din posredno ili neposredno koristi ili je koristila usluge KOMAD.<\/p>\n<h2>Autorska prava<\/h2>\n<p>Kompletan sadr\u017eaj koji se nalazi na ovoj internet stranici vlasni\u0161tvo je tvrtke BAGGIZ j.d.o.o. te su kao takvi za\u0161ti\u0107eni zakonom ili se koriste sukladno odobrenju nositelja autorskih prava te nositelja prava na \u017eigovima i \/ ili dizajnu, kao i sukladno drugim potrebnim odobrenjima. BAGGIZ je tako\u0111er nositelj autorskih prava na kompletnom vizualnom sadr\u017eaju internet stranice KOMAD nu\u017enom za ispravno i nesmetano funkcioniranje.<\/p>\n<p>Zabranjeno je bilo kakvo umno\u017eavanje, distribuiranje, kopiranje i\/ili objavljivanje sadr\u017eaja internet stranice komadkomad.com bez prethodnog pismenog odobrenja vlasnika.<\/p>\n<p>Svako kr\u0161enje ove zabrane mo\u017ee imati za posljedicu povredu autorskih prava ili kakvog drugog prava, stoga mo\u017ee proizvesti ne\u017eeljene u\u010dinke kao \u0161to su pokretanje raznih vrsta sudskih postupaka, a osobito mo\u017ee dovesti do kaznenog progona.<br \/>\nKorisnik mo\u017ee s ove internet stranice preuzimati, ispisivati ili spremati materijale za\u0161ti\u0107ene autorskim pravom samo i isklju\u010divo u svrhu svoje vlastite i osobne upotrebe.<br \/>\nBAGGIZ ne snosi odgovornost za eventualnu \u0161tetu koja mo\u017ee nastati Korisniku i tre\u0107ima:<br \/>\nuslijed neautoriziranog kori\u0161tenja podataka kod kupovine ili \u0161tetu povezanu sa takvim kori\u0161tenjem,<br \/>\nu vezi s upotrebom ili zlouporabom kori\u0161tenja usluge kupovine preko interneta, ako predmetna \u0161teta nije nastala krivnjom BAGGIZa<\/p>\n<p>KOMAD zadr\u017eava pravo u bilo kojem trenutku izmijeniti ili ukinuti bilo koji dio svog poslovanja, uklju\u010duju\u0107i i bez ograni\u010denja, vrijeme dostupnosti, sadr\u017eaj, kao i opremu potrebnu za pristup ili kori\u0161tenje ovih internet stranica.<br \/>\nKOMAD mo\u017ee prestati slati informacije, mo\u017ee promijeniti ili ukinuti bilo koji na\u010din prijenosa podataka, te mo\u017ee promijeniti brzine prijenosa podataka, kao i bilo koje druge karakteristike. KOMAD zadr\u017eava pravo u svakom trenutku, i bez prethodne obavijesti, ukoliko to smatra potrebnim i nu\u017enim, ukinuti ili izmijeniti bilo koji od ovdje navedenih uvjeta kori\u0161tenja internet stranice i \/ ili izjavu o povjerljivosti podataka. Stoga KOMAD savjetuje korisnicima da periodi\u010dno ponovno pro\u010ditaju informacije sadr\u017eane u uvjetima kori\u0161tenja i izjavi o povjerljivosti podataka, a kako bi bili informirani o eventualnim promjenama.<\/p>\n<p>&nbsp;<\/p>\n<p>Ako do\u0111e do promjene Uvjeta kori\u0161tenja i \/ ili Izjave o povjerljivosti podataka, a korisnik nastavi koristiti ovu internet stranicu, smatra se da prihva\u0107a nove Uvjete kori\u0161tenja i izmjenjenu Izjavu o povjerljivosti podataka. Svaka eventualna izmjena ili brisanje uvjeta kori\u0161tenja va\u017ee\u0107a je prema tre\u0107ima odmah po objavi na internetskim stranicama KOMAD. Svako kori\u0161tenje, osim upoznavanja s izmjenama uvjeta, predmetne internet stranice od strane krajnjeg korisnika nakon takve promjene podrazumijevat \u0107e se kao prihva\u0107anje tih promjena. Obveza i du\u017enost korisnika je da koriste internetsku stranicu KOMAD isklju\u010divo u skladu s propisima Republike Hrvatske, kao i s op\u0107im moralnim i eti\u010dkim na\u010delima. KOMAD mo\u017ee u svakom trenutku vr\u0161iti kontrolu sadr\u017eaja na svojim internet stranicama, a s ciljem osiguranja po\u0161tivanja ovih uvjeta kori\u0161tenja i po\u0161tivanja propisa Republike Hrvatske.<br \/>\nBAGGIZ ne snosi odgovornost za eventualnu \u0161tetu koja mo\u017ee nastati Korisniku i tre\u0107ima:<br \/>\nuslijed neautoriziranog kori\u0161tenja podataka kod kupovine ili \u0161tetu povezanu sa takvim kori\u0161tenjem,<br \/>\nu vezi s upotrebom ili zlouporabom kori\u0161tenja usluge kupovine preko interneta, ako predmetna \u0161teta nije nastala krivnjom KOMAD<\/p>\n<p>BAGGIZ ne snosi odgovornost za bilo koju \u0161tetu koja bi mogla nastati zbog prekida internetske veze prilikom kori\u0161tenja webshop usluge.<br \/>\nSvi sporovi koji mogu nastati temeljem ovih uvjeta rje\u0161avat \u0107e se pred nadle\u017enim sudom u \u010cakovcu.<\/p>\n<h2>Ograni\u010denje odgovornosti<\/h2>\n<p>Korisnik je suglasan da je kori\u0161tenje internet stranice KOMAD isklju\u010divo na njegovu vlastitu odgovornost. BAGGIZ, kao niti jedna tre\u0107a osoba povezana sa njome, ne jam\u010de ni na koji na\u010din da upotreba ove internet stranice ne\u0107e biti prekinuta ili da \u0107e biti bez pote\u0161ko\u0107a u radu. Korisnik je suglasan s time da pristup ovoj internet stranici ponekad mo\u017ee biti u prekidu, privremeno nedostupan ili isklju\u010den zbog rutinskog odr\u017eavanja stranice tako i iz drugih razloga za koje nije odgovoran vlasnik ove stranice.<\/p>\n<p>Krajnji korisnik je upoznat i suglasan s \u010dinjenicom da pri kori\u0161tenju internetskom mre\u017eom ponekad mo\u017ee do\u0107i do tehni\u010dkih problema pri funkcioniranju\u00a0navedene, a s time i do privremenog prekida usluga. Takvi i sli\u010dni doga\u0111aji su izvan na\u0161e kontrole pa iz toga razloga BAGGIZ ne mo\u017ee biti odgovoran za bilo kakav gubitak podataka ili kakav drugi doga\u0111aj do kojeg mo\u017ee do\u0107i za vrijeme kori\u0161tenja i pru\u017eanja usluga. BAGGIZ ni u kojem slu\u010daju ne\u0107e biti odgovoran za bilo kakvu \u0161tetu koja mo\u017ee nastati kao posljedica kori\u0161tenja ili nemogu\u0107nosti kori\u0161tenja ovom internet stranicom. Korisnik potvr\u0111uje da se ovo odnosi na cjelokupan sadr\u017eaj internet portala.<\/p>\n<p>Ova izjava o odgovornosti se odnosi na sve\u00a0eventualno nastale \u0161tete ili mogu\u0107e ozljede uzrokovane bilo kakvom gre\u0161kom, brisanjem, lo\u0161im osobinama, prekidom, izuze\u0107em, ra\u010dunalnim virusom, kvarom, ka\u0161njenjem u radu ili prijenosu, prekidom u komunikacijskoj liniji, kra\u0111om, raskidom ugovora, uni\u0161tenjem ili neovla\u0161tenim pristupom, promjenama ili zlouporabom zapisa, neprikladnim pona\u0161anjem, nemarom ili bilo kakvom drugom radnjom.<\/p>\n<h2>Registrirani korisnici<\/h2>\n<p>Korisnici prilikom registracije moraju unijeti istinite podatke te odabrati korisni\u010dko ime i tajnu lozinku.<\/p>\n<p>Korisnik je suglasan da su sve opcije me\u0111usobnog komuniciranja javnog karaktera i nemaju status povjerljivih informacija pa stoga KOMAD mo\u017ee nadzirati sadr\u017eaj komunikacije korisnika bez njihovog znanja i posebnog odobrenja. Po\u0161to KOMAD obavezno ne kontrolira ili autorizira sadr\u017eaj poruka ili informacija koje se mogu na\u0107i na ovim internet stranicama, KOMAD nije odgovoran kako za radnje koje korisnik poduzima u bilo kojem djelu ove internet stranice, tako i za sadr\u017eaj koji bi korisnik mogao postaviti na istima.<\/p>\n<p>Internet stranica KOMAD zadr\u017eava pravo objave informacija u slu\u010daju tu\u017ebe ili zakonskih akcija podignutih zbog korisni\u010dkih sadr\u017eaja.<\/p>\n<p>Registrirani korisnici obvezuju se da ne\u0107e:<\/p>\n<ul>\n<li>koristiti komunikacijske servise za piramidalne sheme, lan\u010dana pisma, junk mail, spam ili bilo koji drugi oblik vi\u0161estrukog slanja komercijalnog ili drugog sadr\u017eaja<\/li>\n<li>maltretirati, ugro\u017eavati, vrije\u0111ati, prijetiti, obmanjivati ili na bilo koji na\u010din povre\u0111ivati prava drugih korisnika na\u0161ih i tu\u0111ih komunikacijskih servisa<\/li>\n<li>objavljivati i distribuirati nedoli\u010dan, vulgaran, nepristojan ili nezakonit sadr\u017eaj\u2028- uploadati ili \u0161iriti sadr\u017eaje za\u0161ti\u0107ene autorskim pravima<\/li>\n<li>uploadati datoteke koje sadr\u017eavaju viruse, crve, trojane ili bilo kakav software koji nanosi \u0161tetu<\/li>\n<li>la\u017eno se predstavljati u svrhu prijevare ili obmane drugog korisnika\u2028- kreirati vi\u0161estruke profile<\/li>\n<li>sugerirati na bilo koji slu\u017ebenu povezanost sa portalom KOMAD<\/li>\n<li>kr\u0161iti bilo koji va\u017ee\u0107i zakon<\/li>\n<\/ul>\n<p>BAGGIZ mo\u017ee u svako doba raskinuti poslovni odnos s bilo kojim svojim korisnikom te mu ukinuti lozinke\/zaporke ili korisni\u010dke ra\u010dune. U tom slu\u010daju ne prestaju vrijediti uvjeti koji se odnose na odgovornost i obveze korisnika.<\/p>\n<h2>Razno<\/h2>\n<p>Ukoliko bilo koja strana ne iskoristi svoja prava iz ovih uvjeta kori\u0161tenja, to se ne\u0107e smatrati odricanjem ili gubitkom tih prava, kao ni bilo kojih drugih ovdje navedenih prava.<\/p>\n<p>Isti\u010de se da su naslovi iznad poglavlja ovih Op\u0107ih uvjeta prodaje postavljeni samo radi lak\u0161eg snala\u017eenja, te da isti niti na koji na\u010din ne utje\u010du na tuma\u010denje ovih Op\u0107ih uvjeta prodaje. U slu\u010daju ni\u0161tetnosti, pobojnosti ili neprovedivosti bilo koje odredbe ovih Op\u0107ih uvjeta prodaje takva ni\u0161tetna, pobojna ili neprovediva odredba ne\u0107e utjecati na valjanost ostalih odredbi ovih Op\u0107ih uvjeta prodaje.<\/p>\n<p>BAGGIZ j.d.o.o. ne snosi odgovornost za eventualnu \u0161tetu koja mo\u017ee nastati Korisniku i tre\u0107ima:<br \/>\nuslijed neautoriziranog kori\u0161tenja podataka kod kupovine ili \u0161tetu povezanu sa takvim kori\u0161tenjem,<br \/>\nu vezi s upotrebom ili zlouporabom kori\u0161tenja usluge kupovine preko interneta, ako predmetna \u0161teta nije nastala krivnjom BAGGIZa<\/p>\n<p>BAGGIZ j.d.o.o. ne snosi odgovornost za bilo koju \u0161tetu koja bi mogla nastati zbog prekida internetske veze prilikom kori\u0161tenja webshop usluge.<br \/>\nSvi sporovi koji mogu nastati temeljem ovih uvjeta rje\u0161avat \u0107e se pred nadle\u017enim sudom u \u010cakovcu.<\/p>\n<p>Za sve pravne sporove koji mogu nastati vezano za kori\u0161tenje ove internet stranice nadle\u017ean je sud u \u010cakovcu.[\/vc_column_text][\/vc_column][\/vc_row]<\/p>\n<\/div>","protected":false},"excerpt":{"rendered":"<p>[vc_row][vc_column][vc_column_text]Kori\u0161tenjem ove stranice smatra se da ste u potpunosti upoznati i suglasni s ovdje navedenim uvjetima kori\u0161tenja, Uvjetima prodaje i Izjavom o tajnosti podataka. Vlasnik ove stranice je BAGGIZ j.d.o.o.,&hellip;<\/p>\n","protected":false},"author":2,"featured_media":0,"parent":0,"menu_order":0,"comment_status":"closed","ping_status":"closed","template":"","meta":{"footnotes":""},"class_list":["post-13270","page","type-page","status-publish","hentry"],"_links":{"self":[{"href":"https:\/\/www.komad.com\/hr\/wp-json\/wp\/v2\/pages\/13270","targetHints":{"allow":["GET"]}}],"collection":[{"href":"https:\/\/www.komad.com\/hr\/wp-json\/wp\/v2\/pages"}],"about":[{"href":"https:\/\/www.komad.com\/hr\/wp-json\/wp\/v2\/types\/page"}],"author":[{"embeddable":true,"href":"https:\/\/www.komad.com\/hr\/wp-json\/wp\/v2\/users\/2"}],"replies":[{"embeddable":true,"href":"https:\/\/www.komad.com\/hr\/wp-json\/wp\/v2\/comments?post=13270"}],"version-history":[{"count":2,"href":"https:\/\/www.komad.com\/hr\/wp-json\/wp\/v2\/pages\/13270\/revisions"}],"predecessor-version":[{"id":13272,"href":"https:\/\/www.komad.com\/hr\/wp-json\/wp\/v2\/pages\/13270\/revisions\/13272"}],"wp:attachment":[{"href":"https:\/\/www.komad.com\/hr\/wp-json\/wp\/v2\/media?parent=13270"}],"curies":[{"name":"wp","href":"https:\/\/api.w.org\/{rel}","templated":true}]}}