{"id":13264,"date":"2019-09-18T18:08:50","date_gmt":"2019-09-18T16:08:50","guid":{"rendered":"https:\/\/www.komad.com\/?page_id=13264"},"modified":"2020-04-20T15:38:48","modified_gmt":"2020-04-20T13:38:48","slug":"pravila-privatnosti","status":"publish","type":"page","link":"https:\/\/www.komad.com\/hr\/pravila-privatnosti\/","title":{"rendered":"Pravila privatnosti"},"content":{"rendered":"<div class=\"wpb-content-wrapper\"><p>[vc_row][vc_column][vc_column_text]<\/p>\n<p>Va\u0161a privatnost nam je va\u017ena. \u017delimo da se kod nas osje\u0107ate sigurno te postupamo u skladu s tim i zakonskim propisima o za\u0161titi osobnih podataka, posebno novoj europskoj Op\u0107oj uredbi o za\u0161titi podataka koja se primjenjuje od 25. svibnja 2018. U nastavku Vas informiramo o tome u koje svrhe prikupljamo i koristimo Va\u0161e osobne podatke te kako te postupke mo\u017eete nadzirati i ostvarivati svoja prava. Na\u0161oj izjavi o za\u0161titi osobnih podataka mo\u017eete pristupiti i ispisati je u svakom trenutku putem poveznice Za\u0161tita podataka koja se nalazi na dnu svake stranice na\u0161e internetske trgovine (webshopa)<\/p>\n<p>Na\u0161i informati\u010dki sustavi su tehni\u010dkim i organizacijskim mjerama za\u0161ti\u0107eni od neovla\u0161tenog pristupa, izmjene ili \u0161irenja Va\u0161ih podataka, kao i od gubljenja ili brisanja.<\/p>\n<p>&nbsp;<\/p>\n<p><strong>Naziv i kontakt podaci voditelja obrade<\/strong><\/p>\n<p>Za obradu osobnih podataka kupaca odgovornost snosi: <br \/>BAGGIZ j.d.o.o.<br \/>Ognjena Price 23<br \/>40000 \u010cakovec\u00a0<br \/>Tel: +385 91 505 28 28<br \/>E-po\u0161ta: hello@baggiz.hr<\/p>\n<p>Kao kupac ili korisnik na\u0161ih usluga imate pravo dobiti informacije o postupanju s Va\u0161im osobnim podacima i uputiti zahtjeve za ostvarenje Va\u0161ih prava. Za osnovne informacije ili brze ispravke mo\u017eete kontaktirati na\u0161u Slu\u017ebu za korisnike telefonom ili e-po\u0161tom. Za sva druga pitanja ili zahtjeve u svezi s Va\u0161im osobnim podacima, molimo kontaktirajte na\u0161eg koordinatora za\u0161tite podataka na adresi: hello@baggiz.hr.<\/p>\n<p>&nbsp;<\/p>\n<p><strong>Primatelji osobnih podataka <\/strong><\/p>\n<p>U zakonski dozvoljenim okvirima i ovisno ovrsti obrade, Va\u0161e podatke dostavljamo sljede\u0107im partnerima: <br \/>Dostavne slu\u017ebe, \u0161pediteri, po\u0161tanske slu\u017ebe <br \/>Pru\u017eatelji IT usluga u okviru podr\u0161ke i odr\u017eavanja softwarea <br \/>Pru\u017eatelji softwareskih usluga u oblaku<br \/>Pru\u017eatelji usluga naplate i banke <br \/>Dobavlja\u010di i izvo\u0111a\u010di radova<\/p>\n<p>U nekim slu\u010dajevima primatelji osobnih podataka nalaze se izvan EU.\u00a0<\/p>\n<p>&nbsp;<\/p>\n<p><strong>Prava ispitanika <\/strong><\/p>\n<p>Vezano za prikupljanje i obradu Va\u0161ih osobnih podataka, osiguravamo Vam sljede\u0107a prava:<\/p>\n<ul>\n<li>Pravo na pristup <br \/>Pravo na ispravak <br \/>Pravo na brisanje (\u201epravo na zaborav\u201d) <br \/>Pravo na ograni\u010denje obrade <br \/>Pravo na prenosivost podataka <br \/>Prava na prigovor<\/li>\n<\/ul>\n<p><strong>Pravo na pristup<\/strong> <br \/>Imate pravo dobiti od nas potvrdu obra\u0111uju li se osobni podaci koji se odnose na Vas te, ako se takvi osobni podaci obra\u0111uju, pristup osobnim podacima i sljede\u0107im informacijama: svrsi obrade, kategorijama osobnih podataka o kojima je rije\u010d, primateljima ili kategorijama primatelja osobnih podataka, razdoblju u kojem \u0107e osobni podaci biti pohranjeni, informacije o Va\u0161im pravima i izvorima podataka ako nisu prikupljeni od Vas. Ako se Va\u0161i podaci prenose i obra\u0111uju izvan EU, imate pravo na informaciju o odgovaraju\u0107im za\u0161titnim mjerama. Kad je to mogu\u0107e, mo\u017eete dobiti kopiju osobnih podataka koji se obra\u0111uju.<\/p>\n<p><strong>Pravo na ispravak<\/strong> <br \/>Imate pravo ishoditi od nas ispravak neto\u010dnih osobnih podataka koji se na Vas odnose, a koji smo du\u017eni provesti bez nepotrebnog odga\u0111anja. Uzimaju\u0107i u obzir svrhe obrade, imate pravo dopuniti nepotpune osobne podatke, me\u0111u ostalim i davanjem dodatne izjave.<\/p>\n<p><strong>Pravo na brisanje (\u201epravo na zaborav\u201d)<\/strong><br \/>Imate pravo ishoditi od nas brisanje osobnih podataka koji se na Vas odnose, bez nepotrebnog odga\u0111anja, ako ne postoji zakonit razlog za daljnju obradu tih podataka s na\u0161e strane (primjerice, ako podaci vi\u0161e nisu nu\u017eni u odnosu na svrhe za koje su obra\u0111ivani). Ako takav zakonit razlog ipak postoji, o tome \u0107emo Vas detaljno informirati u sklopu odgovora na Va\u0161 zahtjev za brisanjem.<\/p>\n<p><strong>Pravo na ograni\u010denje obrade<\/strong> <br \/>Imate pravo ishoditi od nas ograni\u010denje obrade Va\u0161ih osobnih podataka u sljede\u0107im situacijama: ako osporavate to\u010dnost; ako obrada nije zakonita, a protivite se brisanju; ako ih tra\u017eite radi postavljanja, ostvarivanja ili obrane pravnih zahtjeva, a nama nisu potrebni za obradu; ako ste ulo\u017eili prigovor vezano za obradu Va\u0161ih osobnih podataka i \u010dekate potvrdu.<\/p>\n<p><strong>Pravo na prenosivost podataka<\/strong> <br \/>Imate pravo podatke koji se odnose na Vas i koje ste nam pru\u017eili zaprimiti u strukturiranom, uobi\u010dajeno upotrebljavanom i strojno \u010ditljivom formatu i prenijeti ih drugom pru\u017eatelju usluga tj. voditelju obrade podataka, ako su ispunjeni sljede\u0107i uvjeti: obrada se temelji na Va\u0161oj privoli ili na ugovoru i uz to se provodi automatiziranim putem. Prilikom ostvarivanja svojih prava na prenosivost podataka imate pravo na izravni prijenos podataka od nas drugome voditelju obrade, ako je to tehni\u010dki izvedivo.<\/p>\n<p><strong>Pravo na prigovor<\/strong> <br \/>Ako se obrada Va\u0161ih osobnih podataka zasniva na ostvarenju na\u0161ih legitimnih interesa, imate pravo u svakom trenutku ulo\u017eiti prigovor na takvu obradu osobnih podataka u mjeri u kojoj se obrada odnosi na Va\u0161e podatke. Ako ulo\u017eite takav prigovor: <br \/>&#8211; vezano za izravni marketing \u2013 ne\u0107emo dalje obra\u0111ivati Va\u0161e osobne podatke u svrhu izravnog marketinga; <br \/>&#8211; vezano za druge slu\u010dajeve legitimnog interesa \u2013 ne\u0107emo dalje obra\u0111ivati Va\u0161e osobne podatke u svrhu na koju se prigovor odnosi, osim u slu\u010daju da doka\u017eemo da postoje uvjerljivi legitimni razlozi za obradu koji nadilaze Va\u0161e interese, prava i slobode ili ako je to potrebno radi postavljanja, ostvarivanja ili obrane na\u0161ih pravnih zahtjeva<\/p>\n<p><strong>Kontakti: kako mo\u017eete ostvarivati svoja prava<\/strong> <br \/>Za sva pitanja i zahtjeve u svezi s Va\u0161im osobnim podacima, molimo kontaktirajte na\u0161e koordinatora za\u0161tite podataka na adresi: hello@baggiz.hr. <br \/>Za osnovne informacije ili brze ispravke, mo\u017eete kontaktirati na\u0161u korisni\u010dku podr\u0161ku telefonom na +385 91 505 28 28. <br \/>Va\u0161e upite i zahtjeve obradit \u0107emo bez nepotrebnog odga\u0111anja i u skladu sa zakonskim obvezama te \u0107emo Vas informirati o mjerama koje smo poduzeli.<\/p>\n<p>Svoja prava mo\u017eete ostvarivati i putem pritu\u017ebe nadzornom tijelu u svezi s obradom Va\u0161ih osobnih podataka. U Republici Hrvatskoj, to je Agencija za za\u0161titu osobnih podataka, Marti\u0107eva ulica 14, 10000 Zagreb, na \u010dijim stranicama mo\u017eete prona\u0107i dodatne informacije o na\u010dinu kontaktiranja (http:\/\/azop.hr\/zastita-podataka-hrvatska\/detaljnije\/kontaktirajte-nas).<\/p>\n<p>[\/vc_column_text][vc_column_text]<\/p>\n<h1>\u00a0<\/h1>\n<h1>Za\u0161tita podataka<\/h1>\n<p><strong>Uporaba kola\u010di\u0107a<\/strong><\/p>\n<p><em>\u0160to su kola\u010di\u0107i<\/em> <br \/>Kola\u010di\u0107 je mala tekstna datoteka koja se pohranjuje na ra\u010dunalo ili mobilni ure\u0111aj pri posjetu odre\u0111enom web mjestu.<\/p>\n<p>Pomo\u0107u kola\u010di\u0107a web mjesto pamti va\u0161e radnje i postavke tijekom odre\u0111enog razdoblja. Svaki put kada korisnik otvori neku stranicu, web poslu\u017eitelj mo\u017ee pro\u010ditati vrijednosti koje je ranije spremio u kola\u010di\u0107ima.<\/p>\n<p>Postoje razne vrste kola\u010di\u0107a, a obi\u010dno se razvrstavaju po trajanju, domeni kojoj pripadaju i namjeni: <br \/>&#8211; Privremeni (sesijski) kola\u010di\u0107i se bri\u0161u nakon \u0161to korisnik zatvori svoj preglednik. Trajni kola\u010di\u0107i ostaju spremljeni na korisnikovom ure\u0111aju na odre\u0111eno vrijeme. <br \/>&#8211; Kola\u010di\u0107i prve strane su postavljeni od strane poslu\u017eitelja domene koja je posje\u0107ena. Kola\u010di\u0107i tre\u0107e strane su postavljeni s domene razli\u010dite od one koju je korisnik posjetio. <br \/>&#8211; Prema namjeni kola\u010di\u0107i mogu biti nu\u017eni ako potpoma\u017eu osnovne tehni\u010dke zna\u010dajke web mjesta, funkcionalni za pobolj\u0161anje korisni\u010dkog iskustva, analiti\u010dki za analizu uporabe stranica i marketin\u0161ki za pra\u0107enje interesa pojedinog korisnika.<\/p>\n<p>&nbsp;<\/p>\n<p><strong>Kojim kola\u010di\u0107ima se koristimo i u koje svrhe<\/strong> <br \/>Na na\u0161em web mjestu upotrebljavamo nu\u017ene kola\u010di\u0107e kako bismo omogu\u0107ili pojedine tehni\u010dke zna\u010dajke i tako Vam osigurali pozitivno korisni\u010dko iskustvo. Koristimo se i analiti\u010dkim kola\u010di\u0107ima koji nam omogu\u0107uju web analitiku, tj. analizu uporabe na\u0161ih stranica, koju izvodimo kako bismo pobolj\u0161ali kvalitetu i sadr\u017eaj ponu\u0111enih usluga.<\/p>\n<p>Ne koristimo se kola\u010di\u0107ima niti sli\u010dnim tehnologijama za pra\u0107enje Va\u0161ih interesa i slanje marketin\u0161kih materijala.<\/p>\n<p>Koristimo ove kola\u010di\u0107e:<\/p>\n<p>NID<br \/>130=PWMeotqZ75Nk4ZyDrxAqhxPKMA27RpIC9wCiB5HDXwxx1hw52ne60yF6JA4vXUQle7zZ2uuCWXs1G3mHje1KnDQ5Jji3znZleg-sdNBKzloRv98yLUpnIuTfvzVAR7JH<\/p>\n<p>_dc_gtm_UA-1942673-15<br \/>1<\/p>\n<p>_ga<br \/>GA1.2.681886355.1526991638<\/p>\n<p>_gid<br \/>GA1.2.1548549963.1526991638<\/p>\n<p>_icl_current_language<br \/>en<\/p>\n<p>catAccCookies<br \/>1<\/p>\n<p>fr<br \/>0PVXnLZehsZGUke5K..BbBAsW\u20261.0.BbBAsW.<\/p>\n<p>wpml_referer_url<br \/>https%3A%2F%2Fwww.baggiz.eu%2F%3Fwc-ajax%3Dget_refreshed_fragments<\/p>\n<p>&nbsp;<\/p>\n<p>&nbsp;<\/p>\n<p><strong>Kako mo\u017eete upravljati kola\u010di\u0107ima<\/strong><\/p>\n<p>U Va\u0161im internet preglednicima mo\u017eete brisati kola\u010di\u0107e i upravljati op\u0107im postavkama spremanja kola\u010di\u0107a, ovdje poveznice na upute popularnih preglednika Firefox, Chrome, Safari.<\/p>\n<p>Ako \u017eelite upravljati kola\u010di\u0107ima s na\u0161eg web mjesta, mo\u017eete isklju\u010diti analiti\u010dke kola\u010di\u0107e, a ako ne \u017eelite prihvatiti kola\u010di\u0107e tre\u0107ih strana koji se postavljaju na nekoliko na\u0161ih stranica, mo\u017eete koristiti alternativne mogu\u0107nosti.<\/p>\n<p>&nbsp;<\/p>\n<p><strong>Brisanje i upravljanje u postavkama preglednika<\/strong><\/p>\n<p>Ve\u0107ina web preglednika omogu\u0107ava potpunu zabranu kola\u010di\u0107a ili zabranu kola\u010di\u0107a tre\u0107ih strana. Ako u va\u0161em pregledniku zabranite sve kola\u010di\u0107e, mnoge stranice koje posjetite na internetu ne\u0107e adekvatno funkcionirati pa tako ni na\u0161e. Zabranom kola\u010di\u0107a tre\u0107ih strana pove\u0107avate za\u0161titu od pra\u0107enja na internetu, pritom je mogu\u0107e ograni\u010davanje dostupnosti i kvalitete vanjskih sadr\u017eaja, no na na\u0161em web mjestu ne\u0107e biti razlike.<\/p>\n<p>&nbsp;<\/p>\n<p><strong>Analitika<\/strong><\/p>\n<p>Analiti\u010dki kola\u010di\u0107i i web analitika, odnosno statisti\u010dki izvje\u0161taji koje nam omogu\u0107uju, poma\u017eu nam kako bismo na\u0161e stranice i sadr\u017eaje u\u010dinili kvalitetnijim. Ako se iz nekog razloga protivite uporabi na\u0161ih kola\u010di\u0107a u ove svrhe, mo\u017eete ovdje isklju\u010diti tu vrstu kola\u010di\u0107a i pobrisat \u0107emo ih te ih vi\u0161e ne\u0107emo spremati na Va\u0161em ure\u0111aju dok ih ovdje ponovo ne uklju\u010dite.<\/p>\n<p>&nbsp;<\/p>\n<p><strong>Vanjske poveznice<\/strong><\/p>\n<p>Kori\u0161tenjem vanjskih poveznica na na\u0161im internet stranicama, npr. dru\u0161tvene mre\u017ee ili YouTube, bit \u0107ete preusmjereni na vanjske domene koje mogu koristiti kola\u010di\u0107e, na \u0161to nemamo utjecaja. Podatke prikupljene uz pomo\u0107 kola\u010di\u0107a i sli\u010dnih tehnologija na tim domenama ne dobivamo od njihovih vlasnika ili upravitelja.<\/p>\n<p>Za vi\u0161e informacija o kori\u0161tenim kola\u010di\u0107ima i mogu\u0107nostima upravljanja, molimo provjerite izjave i pravila o kola\u010di\u0107ima na posje\u0107enim domenama.<\/p>\n<p>[\/vc_column_text][\/vc_column][\/vc_row]<\/p>\n<\/div>","protected":false},"excerpt":{"rendered":"<p>[vc_row][vc_column][vc_column_text] Va\u0161a privatnost nam je va\u017ena. \u017delimo da se kod nas osje\u0107ate sigurno te postupamo u skladu s tim i zakonskim propisima o za\u0161titi osobnih podataka, posebno novoj europskoj Op\u0107oj&hellip;<\/p>\n","protected":false},"author":2,"featured_media":0,"parent":0,"menu_order":0,"comment_status":"closed","ping_status":"open","template":"","meta":{"footnotes":""},"class_list":["post-13264","page","type-page","status-publish","hentry"],"_links":{"self":[{"href":"https:\/\/www.komad.com\/hr\/wp-json\/wp\/v2\/pages\/13264","targetHints":{"allow":["GET"]}}],"collection":[{"href":"https:\/\/www.komad.com\/hr\/wp-json\/wp\/v2\/pages"}],"about":[{"href":"https:\/\/www.komad.com\/hr\/wp-json\/wp\/v2\/types\/page"}],"author":[{"embeddable":true,"href":"https:\/\/www.komad.com\/hr\/wp-json\/wp\/v2\/users\/2"}],"replies":[{"embeddable":true,"href":"https:\/\/www.komad.com\/hr\/wp-json\/wp\/v2\/comments?post=13264"}],"version-history":[{"count":5,"href":"https:\/\/www.komad.com\/hr\/wp-json\/wp\/v2\/pages\/13264\/revisions"}],"predecessor-version":[{"id":17411,"href":"https:\/\/www.komad.com\/hr\/wp-json\/wp\/v2\/pages\/13264\/revisions\/17411"}],"wp:attachment":[{"href":"https:\/\/www.komad.com\/hr\/wp-json\/wp\/v2\/media?parent=13264"}],"curies":[{"name":"wp","href":"https:\/\/api.w.org\/{rel}","templated":true}]}}