{"id":13213,"date":"2019-09-18T16:59:00","date_gmt":"2019-09-18T14:59:00","guid":{"rendered":"https:\/\/www.komad.com\/?page_id=13213"},"modified":"2026-02-26T13:23:33","modified_gmt":"2026-02-26T12:23:33","slug":"impressum","status":"publish","type":"page","link":"https:\/\/www.komad.com\/hr\/impressum\/","title":{"rendered":"Impressum"},"content":{"rendered":"<div class=\"wpb-content-wrapper\"><p>[vc_row][vc_column][vc_row_inner][vc_column_inner width=&#8221;1\/2&#8243;][vc_single_image image=&#8221;13194&#8243; img_size=&#8221;full&#8221; alignment=&#8221;right&#8221; css_animation=&#8221;bounceInLeft&#8221;][\/vc_column_inner][vc_column_inner width=&#8221;1\/2&#8243;][vc_column_text css_animation=&#8221;bounceInUp&#8221; css=&#8221;&#8221;]<\/p>\n<h2>Impressum<\/h2>\n<p>BAGGIZ j.d.o.o.<br \/>\nOgnjena Price 23<br \/>\n40000 \u010cakovec, Hrvatska, EU<br \/>\nOIB: 86966343765<br \/>\nIBAN: HR2924020061100712632 \/ ERSTE Banka<br \/>\nSWIFT: ESBCHR22<\/p>\n<p><em>Fotografije:<\/em><br \/>\nMare Milin<br \/>\nJelena Bali\u0107<br \/>\nMatej \u0160\u010davni\u010dar<br \/>\nbyWilim<br \/>\nMario Jak\u0161i\u0107<br \/>\nTomislav Brozovi\u0107<br \/>\nBAGGIZ i KOMAD arhiva[\/vc_column_text][\/vc_column_inner][\/vc_row_inner][vc_empty_space height=&#8221;60px&#8221;][\/vc_column][\/vc_row]<\/p>\n<\/div>","protected":false},"excerpt":{"rendered":"<p>[vc_row][vc_column][vc_row_inner][vc_column_inner width=&#8221;1\/2&#8243;][vc_single_image image=&#8221;13194&#8243; img_size=&#8221;full&#8221; alignment=&#8221;right&#8221; css_animation=&#8221;bounceInLeft&#8221;][\/vc_column_inner][vc_column_inner width=&#8221;1\/2&#8243;][vc_column_text css_animation=&#8221;bounceInUp&#8221; css=&#8221;&#8221;] Impressum BAGGIZ j.d.o.o. Ognjena Price 23 40000 \u010cakovec, Hrvatska, EU OIB: 86966343765 IBAN: HR2924020061100712632 \/ ERSTE Banka SWIFT: ESBCHR22 Fotografije: Mare&hellip;<\/p>\n","protected":false},"author":2,"featured_media":0,"parent":0,"menu_order":0,"comment_status":"closed","ping_status":"closed","template":"","meta":{"footnotes":""},"class_list":["post-13213","page","type-page","status-publish","hentry"],"_links":{"self":[{"href":"https:\/\/www.komad.com\/hr\/wp-json\/wp\/v2\/pages\/13213","targetHints":{"allow":["GET"]}}],"collection":[{"href":"https:\/\/www.komad.com\/hr\/wp-json\/wp\/v2\/pages"}],"about":[{"href":"https:\/\/www.komad.com\/hr\/wp-json\/wp\/v2\/types\/page"}],"author":[{"embeddable":true,"href":"https:\/\/www.komad.com\/hr\/wp-json\/wp\/v2\/users\/2"}],"replies":[{"embeddable":true,"href":"https:\/\/www.komad.com\/hr\/wp-json\/wp\/v2\/comments?post=13213"}],"version-history":[{"count":6,"href":"https:\/\/www.komad.com\/hr\/wp-json\/wp\/v2\/pages\/13213\/revisions"}],"predecessor-version":[{"id":27237,"href":"https:\/\/www.komad.com\/hr\/wp-json\/wp\/v2\/pages\/13213\/revisions\/27237"}],"wp:attachment":[{"href":"https:\/\/www.komad.com\/hr\/wp-json\/wp\/v2\/media?parent=13213"}],"curies":[{"name":"wp","href":"https:\/\/api.w.org\/{rel}","templated":true}]}}