{"id":13206,"date":"2019-09-18T16:56:35","date_gmt":"2019-09-18T14:56:35","guid":{"rendered":"https:\/\/www.komad.com\/?page_id=13206"},"modified":"2019-09-18T16:56:35","modified_gmt":"2019-09-18T14:56:35","slug":"hrvatskim-dizajnom-do-stranih-trzista","status":"publish","type":"page","link":"https:\/\/www.komad.com\/hr\/hrvatskim-dizajnom-do-stranih-trzista\/","title":{"rendered":"Hrvatskim dizajnom do stranih tr\u017ei\u0161ta"},"content":{"rendered":"<div class=\"wpb-content-wrapper\"><p>[vc_row][vc_column][vc_row_inner][vc_column_inner][vc_single_image image=&#8221;13202&#8243; img_size=&#8221;full&#8221;][vc_column_text]Naziv projekta: <strong>Hrvatskim dizajnom do stranih tr\u017ei\u0161ta<\/strong><\/p>\n<p>Sa\u017eetak projekta: Projektom \u201cHrvatskim dizajnom do stranih tr\u017ei\u0161ta\u201d doprinijet \u0107e se unaprje\u0111enju konkurentskog polo\u017eaja poduze\u0107a Baggiz j.d.o.o. na ciljanom europskom tr\u017ei\u0161tu, prisustvom na me\u0111unarodnim modnim sajmovima u Austriji, Njema\u010dkoj, Francuskoj i \u0160vicarskoj. Predlo\u017eene aktivnosti osigurat \u0107e osvije\u0161tenost ciljnih segmenata o vrijednosti modnog brenda Baggiz te omogu\u0107iti nastavak izrade kvalitetnih proizvoda te izgradnju samog brenda, \u0161to \u0107e posljedi\u010dno dovesti do rasta prihoda u inozemstvu te indirektno omogu\u0107iti zadr\u017eavanje postoje\u0107ih i otvaranje novih radnih mjesta.<\/p>\n<p>Cilj projekta: Pove\u0107anje vidljivosti BAGGIZ modnog brenda te naprje\u0111enje polo\u017eaja istoimenog poduze\u0107a na ciljanim europskim tr\u017ei\u0161tima mjereno ostvarenjem marketin\u0161kih i poslovnih ciljeva do 2020. godine.<\/p>\n<p>O\u010dekivani projektni rezultati:<br \/>\n\u2013 sudjelovanje na 7 me\u0111unarodnih sajmova<br \/>\n\u2013 izrada promotivnih materijala za nastup na me\u0111unarodnim sajmovima izvan RH<br \/>\n\u2013 Provedba projekta u potpunosti sukladna s Uputama za korisnike za razdoblje 2014.-2020., vezanima za informiranje, komunikaciju i vidljivost projekta<\/p>\n<p>Ukupna vrijednost projekta: <strong>365.725,00 HRK<\/strong><\/p>\n<p>EU sufinanciranje: <strong>251.430,00 HRK<\/strong><\/p>\n<p>Razdoblje provedbe projekta: <strong>27. 10. 2017. \u2013 27. 1. 2019.<\/strong><\/p>\n<p>Kontakt osoba za vi\u0161e informacija o projektu:<br \/>\nTomislav Brozovi\u0107, direktor<br \/>\ntomi@baggiz.hr<br \/>\nBAGGIZ j.d.o.o.<br \/>\nUlica Ognjena Price 23, \u010cAKOVEC<br \/>\nM: +385 91 505 28 28<\/p>\n<p>Linkovi:<br \/>\n<a href=\"https:\/\/strukturnifondovi.hr\/\">strukturnifondovi.hr<\/a><br \/>\n<a href=\"https:\/\/strukturnifondovi.hr\/eu-fondovi\/esi-fondovi-2014-2020\/op-konkurentnost-i-kohezija\/\">Operativni program Konkurentnost i kohezija 2014.-2020.<\/a>[\/vc_column_text][\/vc_column_inner][\/vc_row_inner][\/vc_column][\/vc_row]<\/p>\n<\/div>","protected":false},"excerpt":{"rendered":"<p>[vc_row][vc_column][vc_row_inner][vc_column_inner][vc_single_image image=&#8221;13202&#8243; img_size=&#8221;full&#8221;][vc_column_text]Naziv projekta: Hrvatskim dizajnom do stranih tr\u017ei\u0161ta Sa\u017eetak projekta: Projektom \u201cHrvatskim dizajnom do stranih tr\u017ei\u0161ta\u201d doprinijet \u0107e se unaprje\u0111enju konkurentskog polo\u017eaja poduze\u0107a Baggiz j.d.o.o. na ciljanom europskom tr\u017ei\u0161tu,&hellip;<\/p>\n","protected":false},"author":2,"featured_media":0,"parent":0,"menu_order":0,"comment_status":"closed","ping_status":"closed","template":"","meta":{"footnotes":""},"class_list":["post-13206","page","type-page","status-publish","hentry"],"_links":{"self":[{"href":"https:\/\/www.komad.com\/hr\/wp-json\/wp\/v2\/pages\/13206","targetHints":{"allow":["GET"]}}],"collection":[{"href":"https:\/\/www.komad.com\/hr\/wp-json\/wp\/v2\/pages"}],"about":[{"href":"https:\/\/www.komad.com\/hr\/wp-json\/wp\/v2\/types\/page"}],"author":[{"embeddable":true,"href":"https:\/\/www.komad.com\/hr\/wp-json\/wp\/v2\/users\/2"}],"replies":[{"embeddable":true,"href":"https:\/\/www.komad.com\/hr\/wp-json\/wp\/v2\/comments?post=13206"}],"version-history":[{"count":5,"href":"https:\/\/www.komad.com\/hr\/wp-json\/wp\/v2\/pages\/13206\/revisions"}],"predecessor-version":[{"id":13211,"href":"https:\/\/www.komad.com\/hr\/wp-json\/wp\/v2\/pages\/13206\/revisions\/13211"}],"wp:attachment":[{"href":"https:\/\/www.komad.com\/hr\/wp-json\/wp\/v2\/media?parent=13206"}],"curies":[{"name":"wp","href":"https:\/\/api.w.org\/{rel}","templated":true}]}}