{"id":25798,"date":"2026-02-26T11:47:30","date_gmt":"2026-02-26T10:47:30","guid":{"rendered":"https:\/\/www.komad.com\/?post_type=product&#038;p=25798"},"modified":"2026-02-26T11:47:30","modified_gmt":"2026-02-26T10:47:30","slug":"spark-schwarz","status":"publish","type":"product","link":"https:\/\/www.komad.com\/de\/product\/spark-schwarz\/","title":{"rendered":"SPARK schwarz"},"content":{"rendered":"<p>GR\u00f6SSE: Einheitsgr\u00f6sse (36-38)<br \/>\nFARBE: schwarz<br \/>\nMATERIAL: 49% Viscose, 44% Polyester, 7% Spandex<\/p>\n<p>\/ L\u00e4nge von h\u00f6chsten Punkt der Schulter 70cm<br \/>\n\/ Arml\u00e4nge ab dem h\u00f6chsten Schulterpunkt 50cm<br \/>\n\/ Brustumfang (elastisch) 130cm<\/p>\n","protected":false},"excerpt":{"rendered":"<p>Ein auff\u00e4lliges Top mit asymmetrischem Schnitt ist aus hochwertigem, elastischem Stoff gefertigt, der angenehm und weich im Griff ist. Sein interessanter Schnitt betont die feminine Silhouette und verleiht einen sophistizierten, zeitlosen Look \u2013 ideal f\u00fcr elegante wie auch f\u00fcr allt\u00e4gliche Kombinationen.<\/p>\n","protected":false},"featured_media":25796,"comment_status":"closed","ping_status":"closed","template":"","meta":[],"product_brand":[],"product_cat":[204,206],"product_tag":[219],"class_list":{"0":"post-25798","1":"product","2":"type-product","3":"status-publish","4":"has-post-thumbnail","6":"product_cat-kleidung","7":"product_cat-oberteile-de","8":"product_tag-komad-de","10":"first","11":"instock","12":"taxable","13":"shipping-taxable","14":"purchasable","15":"product-type-simple"},"_links":{"self":[{"href":"https:\/\/www.komad.com\/de\/wp-json\/wp\/v2\/product\/25798","targetHints":{"allow":["GET"]}}],"collection":[{"href":"https:\/\/www.komad.com\/de\/wp-json\/wp\/v2\/product"}],"about":[{"href":"https:\/\/www.komad.com\/de\/wp-json\/wp\/v2\/types\/product"}],"replies":[{"embeddable":true,"href":"https:\/\/www.komad.com\/de\/wp-json\/wp\/v2\/comments?post=25798"}],"wp:featuredmedia":[{"embeddable":true,"href":"https:\/\/www.komad.com\/de\/wp-json\/wp\/v2\/media\/25796"}],"wp:attachment":[{"href":"https:\/\/www.komad.com\/de\/wp-json\/wp\/v2\/media?parent=25798"}],"wp:term":[{"taxonomy":"product_brand","embeddable":true,"href":"https:\/\/www.komad.com\/de\/wp-json\/wp\/v2\/product_brand?post=25798"},{"taxonomy":"product_cat","embeddable":true,"href":"https:\/\/www.komad.com\/de\/wp-json\/wp\/v2\/product_cat?post=25798"},{"taxonomy":"product_tag","embeddable":true,"href":"https:\/\/www.komad.com\/de\/wp-json\/wp\/v2\/product_tag?post=25798"}],"curies":[{"name":"wp","href":"https:\/\/api.w.org\/{rel}","templated":true}]}}