{"id":25711,"date":"2026-02-26T11:47:29","date_gmt":"2026-02-26T10:47:29","guid":{"rendered":"https:\/\/www.komad.com\/?post_type=product&#038;p=25711"},"modified":"2026-02-26T11:47:29","modified_gmt":"2026-02-26T10:47:29","slug":"bao-weisssilber","status":"publish","type":"product","link":"https:\/\/www.komad.com\/de\/product\/bao-weisssilber\/","title":{"rendered":"BAO weiss+silber"},"content":{"rendered":"<p>GR\u00f6SSE: Einheitsgr\u00f6sse (S-M)<br \/>\nFARBE: weiss<br \/>\nMATERIAL: 100% Baumwolle<\/p>\n<p>\/ L\u00e4nge von h\u00f6chsten Punkt der Schulter 50cm<br \/>\n\/ Arml\u00e4nge ab dem h\u00f6chsten Schulterpunkt 55cm<br \/>\n\/ Brustumfang 150cm<\/p>\n","protected":false},"excerpt":{"rendered":"<p>TOP BAO ist ein minimalistisches und auff\u00e4lliges Rollkragenoberteil. BAO hat \u00fcberschnittene Schultern, einen hohen Kragen und weite \u00c4rmel. Die Passform ist relaxed: nicht zu weit und nicht zu eng.<br \/>\nMit BAO werden alle Kombinationen ein Hingucker!<\/p>\n","protected":false},"featured_media":25706,"comment_status":"closed","ping_status":"closed","template":"","meta":[],"product_brand":[],"product_cat":[204,206],"product_tag":[219],"class_list":{"0":"post-25711","1":"product","2":"type-product","3":"status-publish","4":"has-post-thumbnail","6":"product_cat-kleidung","7":"product_cat-oberteile-de","8":"product_tag-komad-de","10":"first","11":"instock","12":"taxable","13":"shipping-taxable","14":"purchasable","15":"product-type-simple"},"_links":{"self":[{"href":"https:\/\/www.komad.com\/de\/wp-json\/wp\/v2\/product\/25711","targetHints":{"allow":["GET"]}}],"collection":[{"href":"https:\/\/www.komad.com\/de\/wp-json\/wp\/v2\/product"}],"about":[{"href":"https:\/\/www.komad.com\/de\/wp-json\/wp\/v2\/types\/product"}],"replies":[{"embeddable":true,"href":"https:\/\/www.komad.com\/de\/wp-json\/wp\/v2\/comments?post=25711"}],"wp:featuredmedia":[{"embeddable":true,"href":"https:\/\/www.komad.com\/de\/wp-json\/wp\/v2\/media\/25706"}],"wp:attachment":[{"href":"https:\/\/www.komad.com\/de\/wp-json\/wp\/v2\/media?parent=25711"}],"wp:term":[{"taxonomy":"product_brand","embeddable":true,"href":"https:\/\/www.komad.com\/de\/wp-json\/wp\/v2\/product_brand?post=25711"},{"taxonomy":"product_cat","embeddable":true,"href":"https:\/\/www.komad.com\/de\/wp-json\/wp\/v2\/product_cat?post=25711"},{"taxonomy":"product_tag","embeddable":true,"href":"https:\/\/www.komad.com\/de\/wp-json\/wp\/v2\/product_tag?post=25711"}],"curies":[{"name":"wp","href":"https:\/\/api.w.org\/{rel}","templated":true}]}}