{"id":25585,"date":"2026-02-26T11:47:29","date_gmt":"2026-02-26T10:47:29","guid":{"rendered":"https:\/\/www.komad.com\/?post_type=product&#038;p=25585"},"modified":"2026-02-26T11:47:29","modified_gmt":"2026-02-26T10:47:29","slug":"elegant-sleeve-denim","status":"publish","type":"product","link":"https:\/\/www.komad.com\/de\/product\/elegant-sleeve-denim\/","title":{"rendered":"ELEGANT SLEEVE Denim"},"content":{"rendered":"<p>GR\u00f6SSE: Einheitsgr\u00f6sse (36-38)<br \/>\nFARBE: dunkel blau<br \/>\nMATERIAL: 100% Baumwolle<\/p>\n<p>\/ L\u00e4nge Vorne (k\u00fcrzeste L\u00e4nge) 45cm<br \/>\n\/ Hinten (l\u00e4ngste L\u00e4nge) 70cm<br \/>\n\/ Schulter 38cm<br \/>\n\/ Brustumfang 110cm<\/p>\n","protected":false},"excerpt":{"rendered":"<p>Top ELEGANT SLEEVE wird aus 100% Baumwolle Denim gefertigt, und hat 3\/4 \u00c4rmel.<br \/>\nTop ist vorne k\u00fcrzer und hinten l\u00e4nger, wodurch es glatt, raffiniert und superelegant aussieht!<\/p>\n","protected":false},"featured_media":25583,"comment_status":"closed","ping_status":"closed","template":"","meta":[],"product_brand":[],"product_cat":[308,204,206],"product_tag":[],"class_list":{"0":"post-25585","1":"product","2":"type-product","3":"status-publish","4":"has-post-thumbnail","6":"product_cat-denim-de","7":"product_cat-kleidung","8":"product_cat-oberteile-de","10":"first","11":"instock","12":"taxable","13":"shipping-taxable","14":"purchasable","15":"product-type-simple"},"_links":{"self":[{"href":"https:\/\/www.komad.com\/de\/wp-json\/wp\/v2\/product\/25585","targetHints":{"allow":["GET"]}}],"collection":[{"href":"https:\/\/www.komad.com\/de\/wp-json\/wp\/v2\/product"}],"about":[{"href":"https:\/\/www.komad.com\/de\/wp-json\/wp\/v2\/types\/product"}],"replies":[{"embeddable":true,"href":"https:\/\/www.komad.com\/de\/wp-json\/wp\/v2\/comments?post=25585"}],"wp:featuredmedia":[{"embeddable":true,"href":"https:\/\/www.komad.com\/de\/wp-json\/wp\/v2\/media\/25583"}],"wp:attachment":[{"href":"https:\/\/www.komad.com\/de\/wp-json\/wp\/v2\/media?parent=25585"}],"wp:term":[{"taxonomy":"product_brand","embeddable":true,"href":"https:\/\/www.komad.com\/de\/wp-json\/wp\/v2\/product_brand?post=25585"},{"taxonomy":"product_cat","embeddable":true,"href":"https:\/\/www.komad.com\/de\/wp-json\/wp\/v2\/product_cat?post=25585"},{"taxonomy":"product_tag","embeddable":true,"href":"https:\/\/www.komad.com\/de\/wp-json\/wp\/v2\/product_tag?post=25585"}],"curies":[{"name":"wp","href":"https:\/\/api.w.org\/{rel}","templated":true}]}}