{"id":25483,"date":"2026-02-26T11:47:28","date_gmt":"2026-02-26T10:47:28","guid":{"rendered":"https:\/\/www.komad.com\/?post_type=product&#038;p=25483"},"modified":"2026-02-26T11:47:28","modified_gmt":"2026-02-26T10:47:28","slug":"gilet-xlong-schwarzes-leinen","status":"publish","type":"product","link":"https:\/\/www.komad.com\/de\/product\/gilet-xlong-schwarzes-leinen\/","title":{"rendered":"GILET  XLong schwarzes Leinen"},"content":{"rendered":"<p>GR\u00f6SSE: Einheitsgr\u00f6sse (36-40)<br \/>\nFARBE: schwarz<br \/>\nMATERIAL: 55% Leinen, 45% Viskose<br \/>\nFUTTER: 100% Viskose-Material<\/p>\n<p>\/ L\u00e4nge am h\u00f6chsten Schulterpunkt: 118cm<br \/>\n\/ Schulter Breite: 38cm<\/p>\n","protected":false},"excerpt":{"rendered":"<p>Extra lange Weste (Gilet) mit breiten Revers.<br \/>\nDiese entspannt sitzende Weste kann zu Jeans f\u00fcr den l\u00e4ssigen Alltagslook oder zu Anzugshosen f\u00fcr den stilvollen B\u00fcrolook getragen werden. Das Innenfutter besteht aus 100% Viskose-Material. Gilet wird mit einem breiten Bindeg\u00fcrtel geliefert, so dass Du ihn auch geschlossen und im Taillenbereich gebunden tragen kannst. Gilet hat zwei Taschen.<br \/>\nExtra-Tipp: Er passt perfekt zu unseren BOW oder SNUG Hosen!<\/p>\n","protected":false},"featured_media":25481,"comment_status":"closed","ping_status":"closed","template":"","meta":[],"product_brand":[],"product_cat":[313,204],"product_tag":[219],"class_list":{"0":"post-25483","1":"product","2":"type-product","3":"status-publish","4":"has-post-thumbnail","6":"product_cat-gilets-de","7":"product_cat-kleidung","8":"product_tag-komad-de","10":"first","11":"instock","12":"featured","13":"taxable","14":"shipping-taxable","15":"purchasable","16":"product-type-simple"},"_links":{"self":[{"href":"https:\/\/www.komad.com\/de\/wp-json\/wp\/v2\/product\/25483","targetHints":{"allow":["GET"]}}],"collection":[{"href":"https:\/\/www.komad.com\/de\/wp-json\/wp\/v2\/product"}],"about":[{"href":"https:\/\/www.komad.com\/de\/wp-json\/wp\/v2\/types\/product"}],"replies":[{"embeddable":true,"href":"https:\/\/www.komad.com\/de\/wp-json\/wp\/v2\/comments?post=25483"}],"wp:featuredmedia":[{"embeddable":true,"href":"https:\/\/www.komad.com\/de\/wp-json\/wp\/v2\/media\/25481"}],"wp:attachment":[{"href":"https:\/\/www.komad.com\/de\/wp-json\/wp\/v2\/media?parent=25483"}],"wp:term":[{"taxonomy":"product_brand","embeddable":true,"href":"https:\/\/www.komad.com\/de\/wp-json\/wp\/v2\/product_brand?post=25483"},{"taxonomy":"product_cat","embeddable":true,"href":"https:\/\/www.komad.com\/de\/wp-json\/wp\/v2\/product_cat?post=25483"},{"taxonomy":"product_tag","embeddable":true,"href":"https:\/\/www.komad.com\/de\/wp-json\/wp\/v2\/product_tag?post=25483"}],"curies":[{"name":"wp","href":"https:\/\/api.w.org\/{rel}","templated":true}]}}