{"id":25429,"date":"2026-02-26T11:47:28","date_gmt":"2026-02-26T10:47:28","guid":{"rendered":"https:\/\/www.komad.com\/?post_type=product&#038;p=25429"},"modified":"2026-02-26T11:47:28","modified_gmt":"2026-02-26T10:47:28","slug":"gilet-schwarzes-leinen","status":"publish","type":"product","link":"https:\/\/www.komad.com\/de\/product\/gilet-schwarzes-leinen\/","title":{"rendered":"GILET schwarzes Leinen"},"content":{"rendered":"<p>GR\u00f6SSE: Einheitsgr\u00f6sse (36-40)<br \/>\nFARBE: schwarz<br \/>\nMATERIAL: 55% Leinen, 45% Viskose<br \/>\nFUTTER: 100% Viskose-Material<\/p>\n<p>\/ L\u00e4nge am h\u00f6chsten Schulterpunkt: 80cm<br \/>\n\/ Schulter Breite: 38cm<\/p>\n","protected":false},"excerpt":{"rendered":"<p>Mittel lange Weste (Gilet) mit breiten Revers.<br \/>\nDiese entspannt sitzende Weste kann zu Jeans f\u00fcr den l\u00e4ssigen Alltagslook oder zu Anzugshosen f\u00fcr den stilvollen B\u00fcrolook getragen werden. Das Innenfutter besteht aus 100% Viskose-Material. Gilet wird mit einem breiten Bindeg\u00fcrtel geliefert, so dass Du ihn auch geschlossen und im Taillenbereich gebunden tragen kannst. Gilet hat zwei Taschen.<br \/>\nExtra-Tipp: Er passt perfekt zu unseren SLEEK Rock, SNUG Hosen oder ENI Kleid!<\/p>\n","protected":false},"featured_media":25427,"comment_status":"closed","ping_status":"closed","template":"","meta":[],"product_brand":[],"product_cat":[313,204],"product_tag":[219],"class_list":{"0":"post-25429","1":"product","2":"type-product","3":"status-publish","4":"has-post-thumbnail","6":"product_cat-gilets-de","7":"product_cat-kleidung","8":"product_tag-komad-de","10":"first","11":"instock","12":"taxable","13":"shipping-taxable","14":"purchasable","15":"product-type-simple"},"_links":{"self":[{"href":"https:\/\/www.komad.com\/de\/wp-json\/wp\/v2\/product\/25429","targetHints":{"allow":["GET"]}}],"collection":[{"href":"https:\/\/www.komad.com\/de\/wp-json\/wp\/v2\/product"}],"about":[{"href":"https:\/\/www.komad.com\/de\/wp-json\/wp\/v2\/types\/product"}],"replies":[{"embeddable":true,"href":"https:\/\/www.komad.com\/de\/wp-json\/wp\/v2\/comments?post=25429"}],"wp:featuredmedia":[{"embeddable":true,"href":"https:\/\/www.komad.com\/de\/wp-json\/wp\/v2\/media\/25427"}],"wp:attachment":[{"href":"https:\/\/www.komad.com\/de\/wp-json\/wp\/v2\/media?parent=25429"}],"wp:term":[{"taxonomy":"product_brand","embeddable":true,"href":"https:\/\/www.komad.com\/de\/wp-json\/wp\/v2\/product_brand?post=25429"},{"taxonomy":"product_cat","embeddable":true,"href":"https:\/\/www.komad.com\/de\/wp-json\/wp\/v2\/product_cat?post=25429"},{"taxonomy":"product_tag","embeddable":true,"href":"https:\/\/www.komad.com\/de\/wp-json\/wp\/v2\/product_tag?post=25429"}],"curies":[{"name":"wp","href":"https:\/\/api.w.org\/{rel}","templated":true}]}}