{"id":25269,"date":"2026-02-26T11:47:27","date_gmt":"2026-02-26T10:47:27","guid":{"rendered":"https:\/\/www.komad.com\/?post_type=product&#038;p=25269"},"modified":"2026-02-26T11:47:27","modified_gmt":"2026-02-26T10:47:27","slug":"ray-denim","status":"publish","type":"product","link":"https:\/\/www.komad.com\/de\/product\/ray-denim\/","title":{"rendered":"RAY Denim"},"content":{"rendered":"<p>FARBE: dunkel blau<br \/>\nMATERIAL: 100% Baumwolle<\/p>\n<p>Einheitsgr\u00f6sse (36-40)<\/p>\n<p>\/ L\u00e4nge am h\u00f6chsten Schulterpunkt: 95 cm<br \/>\n\/ Brustumfang: 100 cm<br \/>\n\/ Taille: 110 cm<br \/>\n\/ H\u00fcfte: 130 cm<\/p>\n","protected":false},"excerpt":{"rendered":"<p>Kurzes Kleid ohne \u00c4rmel, aus 100% Baumwolle Denim Material.<br \/>\nDas Kleid hat Seitentaschen. Mit Bander in Sch\u00fcltebereich ll\u00e4sst sich die L\u00e4nge von Kleid und Ausschnitt nach w\u00fcnsch erstellen.<\/p>\n","protected":false},"featured_media":25266,"comment_status":"closed","ping_status":"closed","template":"","meta":[],"product_brand":[],"product_cat":[308,205,204],"product_tag":[219],"class_list":{"0":"post-25269","1":"product","2":"type-product","3":"status-publish","4":"has-post-thumbnail","6":"product_cat-denim-de","7":"product_cat-kleider","8":"product_cat-kleidung","9":"product_tag-komad-de","11":"first","12":"instock","13":"taxable","14":"shipping-taxable","15":"purchasable","16":"product-type-simple"},"_links":{"self":[{"href":"https:\/\/www.komad.com\/de\/wp-json\/wp\/v2\/product\/25269","targetHints":{"allow":["GET"]}}],"collection":[{"href":"https:\/\/www.komad.com\/de\/wp-json\/wp\/v2\/product"}],"about":[{"href":"https:\/\/www.komad.com\/de\/wp-json\/wp\/v2\/types\/product"}],"replies":[{"embeddable":true,"href":"https:\/\/www.komad.com\/de\/wp-json\/wp\/v2\/comments?post=25269"}],"wp:featuredmedia":[{"embeddable":true,"href":"https:\/\/www.komad.com\/de\/wp-json\/wp\/v2\/media\/25266"}],"wp:attachment":[{"href":"https:\/\/www.komad.com\/de\/wp-json\/wp\/v2\/media?parent=25269"}],"wp:term":[{"taxonomy":"product_brand","embeddable":true,"href":"https:\/\/www.komad.com\/de\/wp-json\/wp\/v2\/product_brand?post=25269"},{"taxonomy":"product_cat","embeddable":true,"href":"https:\/\/www.komad.com\/de\/wp-json\/wp\/v2\/product_cat?post=25269"},{"taxonomy":"product_tag","embeddable":true,"href":"https:\/\/www.komad.com\/de\/wp-json\/wp\/v2\/product_tag?post=25269"}],"curies":[{"name":"wp","href":"https:\/\/api.w.org\/{rel}","templated":true}]}}