{"id":25239,"date":"2026-02-26T11:47:27","date_gmt":"2026-02-26T10:47:27","guid":{"rendered":"https:\/\/www.komad.com\/?post_type=product&#038;p=25239"},"modified":"2026-02-26T11:47:27","modified_gmt":"2026-02-26T10:47:27","slug":"elegant-denim","status":"publish","type":"product","link":"https:\/\/www.komad.com\/de\/product\/elegant-denim\/","title":{"rendered":"ELEGANT Denim"},"content":{"rendered":"<p>FARBE: dunkel blau<br \/>\nMATERIAL: 100% Baumwolle<\/p>\n<p>M (36\/38)<br \/>\n\/ L\u00e4nge Vorne (in der Mitte) 91cm<br \/>\n\/ Hinten (in der Mitte) 115cm<br \/>\n\/ Schulter 38cm<br \/>\n\/ Brustumfang 110cm<\/p>\n<p>L (40\/42)<br \/>\n\/ L\u00e4nge Vorne (in der Mitte) 93cm<br \/>\n\/ Hinten (in der Mitte) 117cm<br \/>\n\/ Schulter 40cm<br \/>\n\/ Brustumfang 115cm<\/p>\n","protected":false},"excerpt":{"rendered":"<p>\u00c4rmelloses Kleid aus 100% Baumwolle Denim Material.<\/p>\n<p>Das elegante Design ist vorne k\u00fcrzer und hinten l\u00e4nger, wodurch eine flie\u00dfende, schlanke Silhouette entsteht. Raffiniert, zeitlos und au\u00dfergew\u00f6hnlich elegant \u2013 ein echter Blickfang!<\/p>\n<p>Das Kleid ist mit praktischen Seitentaschen ausgestattet.<\/p>\n","protected":false},"featured_media":25235,"comment_status":"closed","ping_status":"closed","template":"","meta":[],"product_brand":[],"product_cat":[308,205,204],"product_tag":[219],"class_list":{"0":"post-25239","1":"product","2":"type-product","3":"status-publish","4":"has-post-thumbnail","6":"product_cat-denim-de","7":"product_cat-kleider","8":"product_cat-kleidung","9":"product_tag-komad-de","11":"first","12":"instock","13":"taxable","14":"shipping-taxable","15":"purchasable","16":"product-type-variable","17":"has-default-attributes"},"_links":{"self":[{"href":"https:\/\/www.komad.com\/de\/wp-json\/wp\/v2\/product\/25239","targetHints":{"allow":["GET"]}}],"collection":[{"href":"https:\/\/www.komad.com\/de\/wp-json\/wp\/v2\/product"}],"about":[{"href":"https:\/\/www.komad.com\/de\/wp-json\/wp\/v2\/types\/product"}],"replies":[{"embeddable":true,"href":"https:\/\/www.komad.com\/de\/wp-json\/wp\/v2\/comments?post=25239"}],"wp:featuredmedia":[{"embeddable":true,"href":"https:\/\/www.komad.com\/de\/wp-json\/wp\/v2\/media\/25235"}],"wp:attachment":[{"href":"https:\/\/www.komad.com\/de\/wp-json\/wp\/v2\/media?parent=25239"}],"wp:term":[{"taxonomy":"product_brand","embeddable":true,"href":"https:\/\/www.komad.com\/de\/wp-json\/wp\/v2\/product_brand?post=25239"},{"taxonomy":"product_cat","embeddable":true,"href":"https:\/\/www.komad.com\/de\/wp-json\/wp\/v2\/product_cat?post=25239"},{"taxonomy":"product_tag","embeddable":true,"href":"https:\/\/www.komad.com\/de\/wp-json\/wp\/v2\/product_tag?post=25239"}],"curies":[{"name":"wp","href":"https:\/\/api.w.org\/{rel}","templated":true}]}}