{"id":25062,"date":"2026-02-26T11:47:28","date_gmt":"2026-02-26T10:47:28","guid":{"rendered":"https:\/\/www.komad.com\/?post_type=product&#038;p=25062"},"modified":"2026-02-26T11:47:28","modified_gmt":"2026-02-26T10:47:28","slug":"eternal-denim","status":"publish","type":"product","link":"https:\/\/www.komad.com\/de\/product\/eternal-denim\/","title":{"rendered":"ETERNAL Denim"},"content":{"rendered":"<p>FARBE: dunkel blau<br \/>\nMATERIAL: 100% Baumwolle, Futter 100% Viscose<\/p>\n<p>M (36-38)<br \/>\n\/ L\u00e4nge von h\u00f6chsten Punkt der Schulter 52cm<br \/>\n\/ Breite 55cm<br \/>\n\/ Arml\u00e4nge ab dem h\u00f6chsten Schulterpunkt 62cm<\/p>\n<p>L (40-42)<br \/>\n\/ L\u00e4nge von h\u00f6chsten Punkt der Schulter 54cm<br \/>\n\/ Breite 57cm<br \/>\n\/ Arml\u00e4nge ab dem h\u00f6chsten Schulterpunkt 64cm<\/p>\n","protected":false},"excerpt":{"rendered":"<p>Die Jacke ist aus 100% Baumwolle Denim Material gemacht und ist perfekt f\u00fcr Herbst-, Fr\u00fchwinter- oder Fr\u00fchlingswetter. Es h\u00e4lt warm und sieht gleichzeitig scharf und raffiniert aus! Es hat einen interessanten, hohen Kragen, Seitentaschen und gerippte B\u00fcndchen.<br \/>\nAu\u00dfenmaterial aus 100 % Baumwolle, Innenfutter aus 100 % Viskose.<\/p>\n","protected":false},"featured_media":25054,"comment_status":"closed","ping_status":"closed","template":"","meta":[],"product_brand":[],"product_cat":[308,208,204],"product_tag":[219],"class_list":{"0":"post-25062","1":"product","2":"type-product","3":"status-publish","4":"has-post-thumbnail","6":"product_cat-denim-de","7":"product_cat-jacken-maentel","8":"product_cat-kleidung","9":"product_tag-komad-de","11":"first","12":"instock","13":"taxable","14":"shipping-taxable","15":"purchasable","16":"product-type-variable","17":"has-default-attributes"},"_links":{"self":[{"href":"https:\/\/www.komad.com\/de\/wp-json\/wp\/v2\/product\/25062","targetHints":{"allow":["GET"]}}],"collection":[{"href":"https:\/\/www.komad.com\/de\/wp-json\/wp\/v2\/product"}],"about":[{"href":"https:\/\/www.komad.com\/de\/wp-json\/wp\/v2\/types\/product"}],"replies":[{"embeddable":true,"href":"https:\/\/www.komad.com\/de\/wp-json\/wp\/v2\/comments?post=25062"}],"wp:featuredmedia":[{"embeddable":true,"href":"https:\/\/www.komad.com\/de\/wp-json\/wp\/v2\/media\/25054"}],"wp:attachment":[{"href":"https:\/\/www.komad.com\/de\/wp-json\/wp\/v2\/media?parent=25062"}],"wp:term":[{"taxonomy":"product_brand","embeddable":true,"href":"https:\/\/www.komad.com\/de\/wp-json\/wp\/v2\/product_brand?post=25062"},{"taxonomy":"product_cat","embeddable":true,"href":"https:\/\/www.komad.com\/de\/wp-json\/wp\/v2\/product_cat?post=25062"},{"taxonomy":"product_tag","embeddable":true,"href":"https:\/\/www.komad.com\/de\/wp-json\/wp\/v2\/product_tag?post=25062"}],"curies":[{"name":"wp","href":"https:\/\/api.w.org\/{rel}","templated":true}]}}