{"id":24838,"date":"2026-02-26T11:47:27","date_gmt":"2026-02-26T10:47:27","guid":{"rendered":"https:\/\/www.komad.com\/?post_type=product&#038;p=24838"},"modified":"2026-02-26T11:47:27","modified_gmt":"2026-02-26T10:47:27","slug":"flow-denim","status":"publish","type":"product","link":"https:\/\/www.komad.com\/de\/product\/flow-denim\/","title":{"rendered":"FLOW Denim"},"content":{"rendered":"<p>GR\u00f6SSE: Einheitsgr\u00f6\u00dfe (36\/38\/40)<br \/>\nFARBE: dunkel blau<br \/>\nMATERIAL: 100% Baumwolle<\/p>\n<p>\/ Beine L\u00e4nge (von Taille runter): 85cm<br \/>\n\/ Taille (elastisch).: 70 cm<br \/>\n\/ H\u00fcfte: 140cm<\/p>\n","protected":false},"excerpt":{"rendered":"<p>FLOW ist ein Rock in mittlerer L\u00e4nge mit einer volumin\u00f6sen A-Linien-Silhouette. Er verf\u00fcgt \u00fcber einen elastischen Bund und zwei seitliche Taschen.<\/p>\n<p>\/ mittlere L\u00e4nge \/ volumin\u00f6se A-Linie \/ elastischer Bund \/ seitliche Taschen<\/p>\n","protected":false},"featured_media":24811,"comment_status":"closed","ping_status":"closed","template":"","meta":[],"product_brand":[],"product_cat":[308,204,212],"product_tag":[219],"class_list":{"0":"post-24838","1":"product","2":"type-product","3":"status-publish","4":"has-post-thumbnail","6":"product_cat-denim-de","7":"product_cat-kleidung","8":"product_cat-roecke","9":"product_tag-komad-de","11":"first","12":"instock","13":"taxable","14":"shipping-taxable","15":"purchasable","16":"product-type-simple"},"_links":{"self":[{"href":"https:\/\/www.komad.com\/de\/wp-json\/wp\/v2\/product\/24838","targetHints":{"allow":["GET"]}}],"collection":[{"href":"https:\/\/www.komad.com\/de\/wp-json\/wp\/v2\/product"}],"about":[{"href":"https:\/\/www.komad.com\/de\/wp-json\/wp\/v2\/types\/product"}],"replies":[{"embeddable":true,"href":"https:\/\/www.komad.com\/de\/wp-json\/wp\/v2\/comments?post=24838"}],"wp:featuredmedia":[{"embeddable":true,"href":"https:\/\/www.komad.com\/de\/wp-json\/wp\/v2\/media\/24811"}],"wp:attachment":[{"href":"https:\/\/www.komad.com\/de\/wp-json\/wp\/v2\/media?parent=24838"}],"wp:term":[{"taxonomy":"product_brand","embeddable":true,"href":"https:\/\/www.komad.com\/de\/wp-json\/wp\/v2\/product_brand?post=24838"},{"taxonomy":"product_cat","embeddable":true,"href":"https:\/\/www.komad.com\/de\/wp-json\/wp\/v2\/product_cat?post=24838"},{"taxonomy":"product_tag","embeddable":true,"href":"https:\/\/www.komad.com\/de\/wp-json\/wp\/v2\/product_tag?post=24838"}],"curies":[{"name":"wp","href":"https:\/\/api.w.org\/{rel}","templated":true}]}}