{"id":24807,"date":"2026-02-26T11:47:28","date_gmt":"2026-02-26T10:47:28","guid":{"rendered":"https:\/\/www.komad.com\/?post_type=product&#038;p=24807"},"modified":"2026-02-26T11:47:28","modified_gmt":"2026-02-26T10:47:28","slug":"blazer-denim","status":"publish","type":"product","link":"https:\/\/www.komad.com\/de\/product\/blazer-denim\/","title":{"rendered":"Blazer Denim"},"content":{"rendered":"<p>GR\u00f6SSE: Einheitsgr\u00f6sse (36-40)<br \/>\nFARBE: dunkel blau<br \/>\nMATERIAL: 100% Baumwolle<br \/>\nFUTTER: 100% Viskose-Material<\/p>\n<p>\/ L\u00e4nge am h\u00f6chsten Schulterpunkt: 76 cm<br \/>\n\/ Schulter Breite: 41cm<br \/>\n\/ Arml\u00e4nge ab dem h\u00f6chsten Schulterpunkt: 59 cm<\/p>\n","protected":false},"excerpt":{"rendered":"<p>Oversized (\u00fcbergro\u00df) Blazer mit breiten Revers.<br \/>\nDieser entspannt sitzende Blazer kann zu Jeans f\u00fcr den l\u00e4ssigen Alltagslook oder zu Anzugshosen f\u00fcr den stilvollen B\u00fcrolook getragen werden. Er hat zwei Seitentaschen mit Revers, und das Innenfutter besteht aus 100% Viskose-Material. Er wird mit einem breiten Bindeg\u00fcrtel geliefert, so dass Du ihn auch geschlossen und im Taillenbereich gebunden tragen kannst.<\/p>\n<p>Extra-Tipp: Er passt perfekt zu den KOMAD BOW oder SNUG Hosen!<\/p>\n","protected":false},"featured_media":24758,"comment_status":"closed","ping_status":"closed","template":"","meta":[],"product_brand":[],"product_cat":[308,208,204],"product_tag":[223,316,219],"class_list":{"0":"post-24807","1":"product","2":"type-product","3":"status-publish","4":"has-post-thumbnail","6":"product_cat-denim-de","7":"product_cat-jacken-maentel","8":"product_cat-kleidung","9":"product_tag-blazer-de","10":"product_tag-denim","11":"product_tag-komad-de","13":"first","14":"instock","15":"taxable","16":"shipping-taxable","17":"purchasable","18":"product-type-simple"},"_links":{"self":[{"href":"https:\/\/www.komad.com\/de\/wp-json\/wp\/v2\/product\/24807","targetHints":{"allow":["GET"]}}],"collection":[{"href":"https:\/\/www.komad.com\/de\/wp-json\/wp\/v2\/product"}],"about":[{"href":"https:\/\/www.komad.com\/de\/wp-json\/wp\/v2\/types\/product"}],"replies":[{"embeddable":true,"href":"https:\/\/www.komad.com\/de\/wp-json\/wp\/v2\/comments?post=24807"}],"wp:featuredmedia":[{"embeddable":true,"href":"https:\/\/www.komad.com\/de\/wp-json\/wp\/v2\/media\/24758"}],"wp:attachment":[{"href":"https:\/\/www.komad.com\/de\/wp-json\/wp\/v2\/media?parent=24807"}],"wp:term":[{"taxonomy":"product_brand","embeddable":true,"href":"https:\/\/www.komad.com\/de\/wp-json\/wp\/v2\/product_brand?post=24807"},{"taxonomy":"product_cat","embeddable":true,"href":"https:\/\/www.komad.com\/de\/wp-json\/wp\/v2\/product_cat?post=24807"},{"taxonomy":"product_tag","embeddable":true,"href":"https:\/\/www.komad.com\/de\/wp-json\/wp\/v2\/product_tag?post=24807"}],"curies":[{"name":"wp","href":"https:\/\/api.w.org\/{rel}","templated":true}]}}