{"id":23573,"date":"2023-09-18T12:32:15","date_gmt":"2023-09-18T10:32:15","guid":{"rendered":"https:\/\/www.komad.com\/product\/top-bao-weiss\/"},"modified":"2026-01-21T13:02:46","modified_gmt":"2026-01-21T12:02:46","slug":"top-bao-weiss","status":"publish","type":"product","link":"https:\/\/www.komad.com\/de\/product\/top-bao-weiss\/","title":{"rendered":"TOP BAO weiss"},"content":{"rendered":"<p>GR\u00f6SSE: einheitsgr\u00f6sse (S-M)<br \/>\nFARBE: weiss<br \/>\nMATERIAL: 100% Baumwolle<\/p>\n<p>\/ L\u00e4nge von h\u00f6chsten Punkt der Schulter 50cm\u2028\/ Arml\u00e4nge ab dem h\u00f6chsten Schulterpunkt 55cm<br \/>\n\/ Brustumfang 150cm<\/p>\n","protected":false},"excerpt":{"rendered":"<p>TOP BAO ist ein minimalistisches und auff\u00e4lliges Rollkragenoberteil. BAO hat \u00fcberschnittene Schultern, einen hohen Kragen und weite \u00c4rmel. Die Passform ist relaxed: nicht zu weit und nicht zu eng.<br \/>\nMit BAO werden alle Kombinationen ein Hingucker!<\/p>\n<p>Model ist 170cm gross.<\/p>\n","protected":false},"featured_media":24097,"comment_status":"closed","ping_status":"closed","template":"","meta":[],"product_brand":[],"product_cat":[204,206],"product_tag":[219],"class_list":{"0":"post-23573","1":"product","2":"type-product","3":"status-publish","4":"has-post-thumbnail","6":"product_cat-kleidung","7":"product_cat-oberteile-de","8":"product_tag-komad-de","10":"first","11":"instock","12":"taxable","13":"shipping-taxable","14":"purchasable","15":"product-type-simple"},"_links":{"self":[{"href":"https:\/\/www.komad.com\/de\/wp-json\/wp\/v2\/product\/23573","targetHints":{"allow":["GET"]}}],"collection":[{"href":"https:\/\/www.komad.com\/de\/wp-json\/wp\/v2\/product"}],"about":[{"href":"https:\/\/www.komad.com\/de\/wp-json\/wp\/v2\/types\/product"}],"replies":[{"embeddable":true,"href":"https:\/\/www.komad.com\/de\/wp-json\/wp\/v2\/comments?post=23573"}],"wp:featuredmedia":[{"embeddable":true,"href":"https:\/\/www.komad.com\/de\/wp-json\/wp\/v2\/media\/24097"}],"wp:attachment":[{"href":"https:\/\/www.komad.com\/de\/wp-json\/wp\/v2\/media?parent=23573"}],"wp:term":[{"taxonomy":"product_brand","embeddable":true,"href":"https:\/\/www.komad.com\/de\/wp-json\/wp\/v2\/product_brand?post=23573"},{"taxonomy":"product_cat","embeddable":true,"href":"https:\/\/www.komad.com\/de\/wp-json\/wp\/v2\/product_cat?post=23573"},{"taxonomy":"product_tag","embeddable":true,"href":"https:\/\/www.komad.com\/de\/wp-json\/wp\/v2\/product_tag?post=23573"}],"curies":[{"name":"wp","href":"https:\/\/api.w.org\/{rel}","templated":true}]}}