{"id":23346,"date":"2023-09-18T11:55:36","date_gmt":"2023-09-18T09:55:36","guid":{"rendered":"https:\/\/www.komad.com\/product\/jacke-eternal-blau\/"},"modified":"2023-09-18T11:55:36","modified_gmt":"2023-09-18T09:55:36","slug":"jacke-eternal-blau","status":"publish","type":"product","link":"https:\/\/www.komad.com\/de\/product\/jacke-eternal-blau\/","title":{"rendered":"Jacke ETERNAL blau"},"content":{"rendered":"<p>FARBE: blau<br \/>\nMATERIAL: 100% PES, Futter 100% Viskoze<\/p>\n<p>M (36-38)<br \/>\n\/ L\u00e4nge von h\u00f6chsten Punkt der Schulter 52cm<br \/>\n\/ Breite 55cm\u2028\/ Arml\u00e4nge ab dem h\u00f6chsten Schulterpunkt 62cm<\/p>\n<p>L (40-42)\u2028\/ L\u00e4nge von h\u00f6chsten Punkt der Schulter 54cm<br \/>\n\/ Breite 57cm\u2028\/ Arml\u00e4nge ab dem h\u00f6chsten Schulterpunkt 64cm<\/p>\n","protected":false},"excerpt":{"rendered":"<p>Die Jacke ist aus wasserabweisendem Stoff gemacht und ist perfekt f\u00fcr Herbst-, Fr\u00fchwinter- oder Fr\u00fchlingswetter. Die Jacke h\u00e4lt warm und trocken und sieht gleichzeitig scharf und raffiniert aus! ETERNAL Jacke hat einen interessanten, hohen Kragen, Seitentaschen und gerippte B\u00fcndchen.<\/p>\n<p>Model ist 170cm gross und tr\u00e4gt die Gr\u00f6sse M<\/p>\n","protected":false},"featured_media":23327,"comment_status":"closed","ping_status":"closed","template":"","meta":[],"product_brand":[],"product_cat":[208,204],"product_tag":[219],"class_list":{"0":"post-23346","1":"product","2":"type-product","3":"status-publish","4":"has-post-thumbnail","6":"product_cat-jacken-maentel","7":"product_cat-kleidung","8":"product_tag-komad-de","10":"first","11":"instock","12":"taxable","13":"shipping-taxable","14":"purchasable","15":"product-type-variable","16":"has-default-attributes"},"_links":{"self":[{"href":"https:\/\/www.komad.com\/de\/wp-json\/wp\/v2\/product\/23346","targetHints":{"allow":["GET"]}}],"collection":[{"href":"https:\/\/www.komad.com\/de\/wp-json\/wp\/v2\/product"}],"about":[{"href":"https:\/\/www.komad.com\/de\/wp-json\/wp\/v2\/types\/product"}],"replies":[{"embeddable":true,"href":"https:\/\/www.komad.com\/de\/wp-json\/wp\/v2\/comments?post=23346"}],"wp:featuredmedia":[{"embeddable":true,"href":"https:\/\/www.komad.com\/de\/wp-json\/wp\/v2\/media\/23327"}],"wp:attachment":[{"href":"https:\/\/www.komad.com\/de\/wp-json\/wp\/v2\/media?parent=23346"}],"wp:term":[{"taxonomy":"product_brand","embeddable":true,"href":"https:\/\/www.komad.com\/de\/wp-json\/wp\/v2\/product_brand?post=23346"},{"taxonomy":"product_cat","embeddable":true,"href":"https:\/\/www.komad.com\/de\/wp-json\/wp\/v2\/product_cat?post=23346"},{"taxonomy":"product_tag","embeddable":true,"href":"https:\/\/www.komad.com\/de\/wp-json\/wp\/v2\/product_tag?post=23346"}],"curies":[{"name":"wp","href":"https:\/\/api.w.org\/{rel}","templated":true}]}}