{"id":23321,"date":"2023-09-18T11:50:49","date_gmt":"2023-09-18T09:50:49","guid":{"rendered":"https:\/\/www.komad.com\/product\/elegant-sleeve-schwarz\/"},"modified":"2023-09-18T11:50:49","modified_gmt":"2023-09-18T09:50:49","slug":"elegant-sleeve-schwarz","status":"publish","type":"product","link":"https:\/\/www.komad.com\/de\/product\/elegant-sleeve-schwarz\/","title":{"rendered":"ELEGANT SLEEVE schwarz"},"content":{"rendered":"<p>GR\u00f6SSE: einheitsgr\u00f6sse (36-38)<br \/>\nFARBE: schwarz<br \/>\nMATERIAL: Basis 100% Baumwolle, \u00c4rmel 95% Viskoze, 5% Spandex<\/p>\n<p>\/ L\u00e4nge Vorne (k\u00fcrzeste L\u00e4nge) 45cm<br \/>\n\/ Hinten (l\u00e4ngste L\u00e4nge) 70cm\u2028\/ Schulter 38cm\u2028\/ Brustumfang 110cm<\/p>\n","protected":false},"excerpt":{"rendered":"<p>Basis von Top  wurde aus 100% Baumwollpopeline gefertigt, und die \u00c4rmel sind Mischung von super weiche Viskose und Elastan.\u2028Top ist vorne k\u00fcrzer und hinten l\u00e4nger, wodurch es glatt, raffiniert und superelegant aussieht!<br \/>\n\u2028Model ist 170cm gross und tr\u00e4gt die Gr\u00f6sse 36-38.<\/p>\n","protected":false},"featured_media":23307,"comment_status":"closed","ping_status":"closed","template":"","meta":[],"product_brand":[],"product_cat":[204,206],"product_tag":[],"class_list":{"0":"post-23321","1":"product","2":"type-product","3":"status-publish","4":"has-post-thumbnail","6":"product_cat-kleidung","7":"product_cat-oberteile-de","9":"first","10":"instock","11":"taxable","12":"shipping-taxable","13":"purchasable","14":"product-type-simple"},"_links":{"self":[{"href":"https:\/\/www.komad.com\/de\/wp-json\/wp\/v2\/product\/23321","targetHints":{"allow":["GET"]}}],"collection":[{"href":"https:\/\/www.komad.com\/de\/wp-json\/wp\/v2\/product"}],"about":[{"href":"https:\/\/www.komad.com\/de\/wp-json\/wp\/v2\/types\/product"}],"replies":[{"embeddable":true,"href":"https:\/\/www.komad.com\/de\/wp-json\/wp\/v2\/comments?post=23321"}],"wp:featuredmedia":[{"embeddable":true,"href":"https:\/\/www.komad.com\/de\/wp-json\/wp\/v2\/media\/23307"}],"wp:attachment":[{"href":"https:\/\/www.komad.com\/de\/wp-json\/wp\/v2\/media?parent=23321"}],"wp:term":[{"taxonomy":"product_brand","embeddable":true,"href":"https:\/\/www.komad.com\/de\/wp-json\/wp\/v2\/product_brand?post=23321"},{"taxonomy":"product_cat","embeddable":true,"href":"https:\/\/www.komad.com\/de\/wp-json\/wp\/v2\/product_cat?post=23321"},{"taxonomy":"product_tag","embeddable":true,"href":"https:\/\/www.komad.com\/de\/wp-json\/wp\/v2\/product_tag?post=23321"}],"curies":[{"name":"wp","href":"https:\/\/api.w.org\/{rel}","templated":true}]}}