{"id":23285,"date":"2023-09-18T11:41:49","date_gmt":"2023-09-18T09:41:49","guid":{"rendered":"https:\/\/www.komad.com\/product\/bomber-j-schwarz-2\/"},"modified":"2023-09-18T11:47:43","modified_gmt":"2023-09-18T09:47:43","slug":"bomber-j-schwarz-2","status":"publish","type":"product","link":"https:\/\/www.komad.com\/de\/product\/bomber-j-schwarz-2\/","title":{"rendered":"BOMBER-J schwarz"},"content":{"rendered":"<p>FARBE: schwarz<br \/>\nMATERIAL: 100% Wolle, Futter 100% Baumwolle<\/p>\n<p>L<br \/>\n\/ L\u00e4nge von h\u00f6chsten Punkt der Schulter 64cm\u2028\/ Arml\u00e4nge ab dem h\u00f6chsten Schulterpunkt 68cm<br \/>\n\/ Breite 60cm<\/p>\n<p>XL\u2028\/ L\u00e4nge von h\u00f6chsten Punkt der Schulter 66cm\u2028\/ Arml\u00e4nge ab dem h\u00f6chsten Schulterpunkt 70cm<br \/>\n\/ Breite 62cm<\/p>\n","protected":false},"excerpt":{"rendered":"<p>BOMBER J ist eine perfekte Jacke f\u00fcr das \u00dcbergangswetter: Herbst, Fr\u00fchwinter oder Fr\u00fchling.<br \/>\nDie h\u00e4lt dich warm und trocken und sieht gleichzeitig super schick und raffiniert aus!<br \/>\nDie Jacke hat einen Baseballkragen, einen Rei\u00dfverschluss, gerippte Abschl\u00fcsse, ein Baumwollfutter und zwei Seitentaschen.<br \/>\nBOMBER J hat eine normale Passform \u2013 nicht zu weit, aber auch nicht zu eng, einfach perfekt!<\/p>\n<p>Model ist 170cm gross.<\/p>\n","protected":false},"featured_media":23273,"comment_status":"closed","ping_status":"closed","template":"","meta":[],"product_brand":[],"product_cat":[208,204],"product_tag":[219],"class_list":{"0":"post-23285","1":"product","2":"type-product","3":"status-publish","4":"has-post-thumbnail","6":"product_cat-jacken-maentel","7":"product_cat-kleidung","8":"product_tag-komad-de","10":"first","11":"instock","12":"taxable","13":"shipping-taxable","14":"purchasable","15":"product-type-variable","16":"has-default-attributes"},"_links":{"self":[{"href":"https:\/\/www.komad.com\/de\/wp-json\/wp\/v2\/product\/23285","targetHints":{"allow":["GET"]}}],"collection":[{"href":"https:\/\/www.komad.com\/de\/wp-json\/wp\/v2\/product"}],"about":[{"href":"https:\/\/www.komad.com\/de\/wp-json\/wp\/v2\/types\/product"}],"replies":[{"embeddable":true,"href":"https:\/\/www.komad.com\/de\/wp-json\/wp\/v2\/comments?post=23285"}],"wp:featuredmedia":[{"embeddable":true,"href":"https:\/\/www.komad.com\/de\/wp-json\/wp\/v2\/media\/23273"}],"wp:attachment":[{"href":"https:\/\/www.komad.com\/de\/wp-json\/wp\/v2\/media?parent=23285"}],"wp:term":[{"taxonomy":"product_brand","embeddable":true,"href":"https:\/\/www.komad.com\/de\/wp-json\/wp\/v2\/product_brand?post=23285"},{"taxonomy":"product_cat","embeddable":true,"href":"https:\/\/www.komad.com\/de\/wp-json\/wp\/v2\/product_cat?post=23285"},{"taxonomy":"product_tag","embeddable":true,"href":"https:\/\/www.komad.com\/de\/wp-json\/wp\/v2\/product_tag?post=23285"}],"curies":[{"name":"wp","href":"https:\/\/api.w.org\/{rel}","templated":true}]}}