{"id":23197,"date":"2023-09-18T10:32:22","date_gmt":"2023-09-18T08:32:22","guid":{"rendered":"https:\/\/www.komad.com\/product\/bomber-j-blau\/"},"modified":"2023-09-18T10:32:22","modified_gmt":"2023-09-18T08:32:22","slug":"bomber-j-blau","status":"publish","type":"product","link":"https:\/\/www.komad.com\/de\/product\/bomber-j-blau\/","title":{"rendered":"BOMBER-J blau"},"content":{"rendered":"<p>FARBE: blau<br \/>\nMATERIAL: 100% PES, Futter 100% Baumwolle<\/p>\n<p>L<br \/>\n\/ L\u00e4nge von h\u00f6chsten Punkt der Schulter 64cm\u2028\/ Arml\u00e4nge ab dem h\u00f6chsten Schulterpunkt 68cm<br \/>\n\/ Breite 60cm<\/p>\n<p>XL\u2028\/ L\u00e4nge von h\u00f6chsten Punkt der Schulter 66cm\u2028\/ Arml\u00e4nge ab dem h\u00f6chsten Schulterpunkt 70cm<br \/>\n\/ Breite 62cm<\/p>\n","protected":false},"excerpt":{"rendered":"<p>BOMBER J ist eine perfekte Jacke f\u00fcr das \u00dcbergangswetter: Herbst, Fr\u00fchwinter oder Fr\u00fchling.<br \/>\nDie h\u00e4lt dich warm und trocken und sieht gleichzeitig super schick und raffiniert aus!<br \/>\nDie Jacke hat einen Baseballkragen, einen Rei\u00dfverschluss, gerippte Abschl\u00fcsse, ein Baumwollfutter und zwei Seitentaschen.<br \/>\nBOMBER J hat eine normale Passform \u2013 nicht zu weit, aber auch nicht zu eng, einfach perfekt!<br \/>\nExtra-Tipp: \u00dcbergro\u00dfe Bomberjacken sehen auch an Frauen supers\u00fc\u00df aus!<\/p>\n<p>Model ist 185cm gross und tr\u00e4gt die Gr\u00f6sse L.<\/p>\n","protected":false},"featured_media":23174,"comment_status":"closed","ping_status":"closed","template":"","meta":[],"product_brand":[],"product_cat":[283],"product_tag":[219],"class_list":{"0":"post-23197","1":"product","2":"type-product","3":"status-publish","4":"has-post-thumbnail","6":"product_cat-kleidung-maenner","7":"product_tag-komad-de","9":"first","10":"outofstock","11":"taxable","12":"shipping-taxable","13":"purchasable","14":"product-type-variable","15":"has-default-attributes"},"_links":{"self":[{"href":"https:\/\/www.komad.com\/de\/wp-json\/wp\/v2\/product\/23197","targetHints":{"allow":["GET"]}}],"collection":[{"href":"https:\/\/www.komad.com\/de\/wp-json\/wp\/v2\/product"}],"about":[{"href":"https:\/\/www.komad.com\/de\/wp-json\/wp\/v2\/types\/product"}],"replies":[{"embeddable":true,"href":"https:\/\/www.komad.com\/de\/wp-json\/wp\/v2\/comments?post=23197"}],"wp:featuredmedia":[{"embeddable":true,"href":"https:\/\/www.komad.com\/de\/wp-json\/wp\/v2\/media\/23174"}],"wp:attachment":[{"href":"https:\/\/www.komad.com\/de\/wp-json\/wp\/v2\/media?parent=23197"}],"wp:term":[{"taxonomy":"product_brand","embeddable":true,"href":"https:\/\/www.komad.com\/de\/wp-json\/wp\/v2\/product_brand?post=23197"},{"taxonomy":"product_cat","embeddable":true,"href":"https:\/\/www.komad.com\/de\/wp-json\/wp\/v2\/product_cat?post=23197"},{"taxonomy":"product_tag","embeddable":true,"href":"https:\/\/www.komad.com\/de\/wp-json\/wp\/v2\/product_tag?post=23197"}],"curies":[{"name":"wp","href":"https:\/\/api.w.org\/{rel}","templated":true}]}}