{"id":23127,"date":"2023-09-18T10:22:40","date_gmt":"2023-09-18T08:22:40","guid":{"rendered":"https:\/\/www.komad.com\/product\/jump-t-blau\/"},"modified":"2023-09-18T10:22:40","modified_gmt":"2023-09-18T08:22:40","slug":"jump-t-blau","status":"publish","type":"product","link":"https:\/\/www.komad.com\/de\/product\/jump-t-blau\/","title":{"rendered":"JUMP-T blau"},"content":{"rendered":"<p>FARBE: blau<br \/>\nMATERIAL: 67% Baumwolle, 33% PES<\/p>\n<p>L<br \/>\n\/ L\u00e4nge von h\u00f6chsten Punkt der Schulter 78cm\u2028\/ Arml\u00e4nge ab dem h\u00f6chsten Schulterpunkt 73cm<br \/>\n\/ Breite 66cm<\/p>\n<p>XL \u2028\/ L\u00e4nge von h\u00f6chsten Punkt der Schulter 80cm\u2028\/ Arml\u00e4nge ab dem h\u00f6chsten Schulterpunkt 75cm<br \/>\n\/ Breite 68cm<\/p>\n","protected":false},"excerpt":{"rendered":"<p>Kuscheliger, bequemer und warmer Rollkragenpullover aus einer Rippstrick Baumwoll-PES Mischung. Der Pulli hat \u00fcberschnittene Schultern und weite \u00c4rmel. Die Passform ist Regular fit: nicht zu weit und nicht zu eng. Pullover passt hervorragend zu Jeans oder schicken Hosen. Einfach perfekt!<\/p>\n<p>Model ist 185 cm gro\u00df und tr\u00e4gt Gr\u00f6\u00dfe L.<\/p>\n","protected":false},"featured_media":23112,"comment_status":"closed","ping_status":"closed","template":"","meta":[],"product_brand":[],"product_cat":[283],"product_tag":[219],"class_list":{"0":"post-23127","1":"product","2":"type-product","3":"status-publish","4":"has-post-thumbnail","6":"product_cat-kleidung-maenner","7":"product_tag-komad-de","9":"first","10":"instock","11":"taxable","12":"shipping-taxable","13":"purchasable","14":"product-type-variable","15":"has-default-attributes"},"_links":{"self":[{"href":"https:\/\/www.komad.com\/de\/wp-json\/wp\/v2\/product\/23127","targetHints":{"allow":["GET"]}}],"collection":[{"href":"https:\/\/www.komad.com\/de\/wp-json\/wp\/v2\/product"}],"about":[{"href":"https:\/\/www.komad.com\/de\/wp-json\/wp\/v2\/types\/product"}],"replies":[{"embeddable":true,"href":"https:\/\/www.komad.com\/de\/wp-json\/wp\/v2\/comments?post=23127"}],"wp:featuredmedia":[{"embeddable":true,"href":"https:\/\/www.komad.com\/de\/wp-json\/wp\/v2\/media\/23112"}],"wp:attachment":[{"href":"https:\/\/www.komad.com\/de\/wp-json\/wp\/v2\/media?parent=23127"}],"wp:term":[{"taxonomy":"product_brand","embeddable":true,"href":"https:\/\/www.komad.com\/de\/wp-json\/wp\/v2\/product_brand?post=23127"},{"taxonomy":"product_cat","embeddable":true,"href":"https:\/\/www.komad.com\/de\/wp-json\/wp\/v2\/product_cat?post=23127"},{"taxonomy":"product_tag","embeddable":true,"href":"https:\/\/www.komad.com\/de\/wp-json\/wp\/v2\/product_tag?post=23127"}],"curies":[{"name":"wp","href":"https:\/\/api.w.org\/{rel}","templated":true}]}}