{"id":23046,"date":"2023-09-18T10:02:18","date_gmt":"2023-09-18T08:02:18","guid":{"rendered":"https:\/\/www.komad.com\/product\/uni-t-schwarz\/"},"modified":"2023-09-18T10:02:18","modified_gmt":"2023-09-18T08:02:18","slug":"uni-t-schwarz","status":"publish","type":"product","link":"https:\/\/www.komad.com\/de\/product\/uni-t-schwarz\/","title":{"rendered":"UNI-T schwarz"},"content":{"rendered":"<p>FARBE: schwarz<br \/>\nMATERIAL: 95% Viskose, 5% Spandex<\/p>\n<p>L<br \/>\n\/ L\u00e4nge von h\u00f6chsten Punkt der Schulter 72cm\u2028\/ Schulter Breite 60cm<br \/>\n\/ Brustweite 64cm<\/p>\n<p>XL\u2028\/ L\u00e4nge von h\u00f6chsten Punkt der Schulter 74cm\u2028\/ Schulter Breite 62cm<br \/>\n\/ Brustweite 66cm<\/p>\n","protected":false},"excerpt":{"rendered":"<p>Das T-Shirt UNI-T ist aus einem super weichem Viskose-Material gefertigt.<br \/>\nUNI-T hat kurze \u00c4rmel, einen U-Ausschnitt und ein interessantes Detail auf der Vorderseite \u2013 eine (absolut funktionelle) Baumwolltasche!<br \/>\nEs hat eine normale Passform und passt sich bequem deiner K\u00f6rperform an.<br \/>\nWeisst du, dieses s\u00fc\u00dfe Shirt sieht auch an Frauen bezaubernd aus!<\/p>\n<p>Model ist 185 cm gro\u00df und tr\u00e4gt Gr\u00f6\u00dfe L.<\/p>\n","protected":false},"featured_media":23025,"comment_status":"closed","ping_status":"closed","template":"","meta":[],"product_brand":[],"product_cat":[283],"product_tag":[219],"class_list":{"0":"post-23046","1":"product","2":"type-product","3":"status-publish","4":"has-post-thumbnail","6":"product_cat-kleidung-maenner","7":"product_tag-komad-de","9":"first","10":"instock","11":"taxable","12":"shipping-taxable","13":"purchasable","14":"product-type-variable","15":"has-default-attributes"},"_links":{"self":[{"href":"https:\/\/www.komad.com\/de\/wp-json\/wp\/v2\/product\/23046","targetHints":{"allow":["GET"]}}],"collection":[{"href":"https:\/\/www.komad.com\/de\/wp-json\/wp\/v2\/product"}],"about":[{"href":"https:\/\/www.komad.com\/de\/wp-json\/wp\/v2\/types\/product"}],"replies":[{"embeddable":true,"href":"https:\/\/www.komad.com\/de\/wp-json\/wp\/v2\/comments?post=23046"}],"wp:featuredmedia":[{"embeddable":true,"href":"https:\/\/www.komad.com\/de\/wp-json\/wp\/v2\/media\/23025"}],"wp:attachment":[{"href":"https:\/\/www.komad.com\/de\/wp-json\/wp\/v2\/media?parent=23046"}],"wp:term":[{"taxonomy":"product_brand","embeddable":true,"href":"https:\/\/www.komad.com\/de\/wp-json\/wp\/v2\/product_brand?post=23046"},{"taxonomy":"product_cat","embeddable":true,"href":"https:\/\/www.komad.com\/de\/wp-json\/wp\/v2\/product_cat?post=23046"},{"taxonomy":"product_tag","embeddable":true,"href":"https:\/\/www.komad.com\/de\/wp-json\/wp\/v2\/product_tag?post=23046"}],"curies":[{"name":"wp","href":"https:\/\/api.w.org\/{rel}","templated":true}]}}