{"id":22791,"date":"2020-02-13T11:57:06","date_gmt":"2020-02-13T10:57:06","guid":{"rendered":"https:\/\/www.komad.com\/product\/coin-manager-silbernes-bling\/"},"modified":"2023-02-13T11:57:06","modified_gmt":"2023-02-13T10:57:06","slug":"coin-manager-silbernes-bling","status":"publish","type":"product","link":"https:\/\/www.komad.com\/de\/product\/coin-manager-silbernes-bling\/","title":{"rendered":"Coin Manager Silbernes Bling"},"content":{"rendered":"<p>\/ Dimensionen<br \/>\nBreite: 10cm<br \/>\nHohe: 9cm<\/p>\n<p>* super-kleines Unterschied in der Materialfarbe Live vs. Web ist m\u00f6glich<\/p>\n","protected":false},"excerpt":{"rendered":"<p>Diese kleine M\u00fcnzen Tasche h\u00e4lt alle deine M\u00fcnzen an einem Ort und unter Kontrolle. L\u00e4sst sich easy-SQUEEZY \u00f6ffnen \ud83d\ude09 und passt auch in die kleinste Handtasche.<br \/>\nMein Opa hatte eine M\u00fcnztasche dieser Art, daher ist es gewidmet an alle Opas dieser Welt!<br \/>\nPraktisch, s\u00fc\u00df und aus echtem Leder.<\/p>\n<p>** wir dr\u00fccken die Daumen deine M\u00fcnzen Tasche ist immer halb voll<\/p>\n","protected":false},"featured_media":22786,"comment_status":"closed","ping_status":"closed","template":"","meta":[],"product_brand":[],"product_cat":[213,216],"product_tag":[221],"class_list":{"0":"post-22791","1":"product","2":"type-product","3":"status-publish","4":"has-post-thumbnail","6":"product_cat-baggiz-accessories-de","7":"product_cat-geldboersen","8":"product_tag-baggiz-de","10":"first","11":"outofstock","12":"taxable","13":"shipping-taxable","14":"purchasable","15":"product-type-simple"},"_links":{"self":[{"href":"https:\/\/www.komad.com\/de\/wp-json\/wp\/v2\/product\/22791","targetHints":{"allow":["GET"]}}],"collection":[{"href":"https:\/\/www.komad.com\/de\/wp-json\/wp\/v2\/product"}],"about":[{"href":"https:\/\/www.komad.com\/de\/wp-json\/wp\/v2\/types\/product"}],"replies":[{"embeddable":true,"href":"https:\/\/www.komad.com\/de\/wp-json\/wp\/v2\/comments?post=22791"}],"wp:featuredmedia":[{"embeddable":true,"href":"https:\/\/www.komad.com\/de\/wp-json\/wp\/v2\/media\/22786"}],"wp:attachment":[{"href":"https:\/\/www.komad.com\/de\/wp-json\/wp\/v2\/media?parent=22791"}],"wp:term":[{"taxonomy":"product_brand","embeddable":true,"href":"https:\/\/www.komad.com\/de\/wp-json\/wp\/v2\/product_brand?post=22791"},{"taxonomy":"product_cat","embeddable":true,"href":"https:\/\/www.komad.com\/de\/wp-json\/wp\/v2\/product_cat?post=22791"},{"taxonomy":"product_tag","embeddable":true,"href":"https:\/\/www.komad.com\/de\/wp-json\/wp\/v2\/product_tag?post=22791"}],"curies":[{"name":"wp","href":"https:\/\/api.w.org\/{rel}","templated":true}]}}