{"id":22118,"date":"2022-09-05T13:47:30","date_gmt":"2022-09-05T11:47:30","guid":{"rendered":"https:\/\/www.komad.com\/product\/t-shirt-ester\/"},"modified":"2022-09-08T18:37:18","modified_gmt":"2022-09-08T16:37:18","slug":"t-shirt-ester","status":"publish","type":"product","link":"https:\/\/www.komad.com\/de\/product\/t-shirt-ester\/","title":{"rendered":"T-Shirt ESTER"},"content":{"rendered":"<p>MATERIAL: 95% Viskose, 5% Spandex, Frontpanel 100% PES<\/p>\n<p>GR\u00f6SSE: einheitsgr\u00f6sse (S-L)<br \/>\n\/ L\u00e4nge Vorne 49cm<br \/>\n\/ L\u00e4nge Hinten 65cm<br \/>\n\/ Breite 70cm<\/p>\n","protected":false},"excerpt":{"rendered":"<p>T-Shirt aus superweichem, leichtem Viskose-Material mit Frontpanel aus flauschigem, samtigem Polyester. Vorderseite k\u00fcrzer, R\u00fcckseite l\u00e4nger.<\/p>\n","protected":false},"featured_media":22107,"comment_status":"closed","ping_status":"closed","template":"","meta":[],"product_brand":[],"product_cat":[204,206],"product_tag":[219,229],"class_list":{"0":"post-22118","1":"product","2":"type-product","3":"status-publish","4":"has-post-thumbnail","6":"product_cat-kleidung","7":"product_cat-oberteile-de","8":"product_tag-komad-de","9":"product_tag-t-shirt-de","11":"first","12":"instock","13":"taxable","14":"shipping-taxable","15":"purchasable","16":"product-type-simple"},"_links":{"self":[{"href":"https:\/\/www.komad.com\/de\/wp-json\/wp\/v2\/product\/22118","targetHints":{"allow":["GET"]}}],"collection":[{"href":"https:\/\/www.komad.com\/de\/wp-json\/wp\/v2\/product"}],"about":[{"href":"https:\/\/www.komad.com\/de\/wp-json\/wp\/v2\/types\/product"}],"replies":[{"embeddable":true,"href":"https:\/\/www.komad.com\/de\/wp-json\/wp\/v2\/comments?post=22118"}],"wp:featuredmedia":[{"embeddable":true,"href":"https:\/\/www.komad.com\/de\/wp-json\/wp\/v2\/media\/22107"}],"wp:attachment":[{"href":"https:\/\/www.komad.com\/de\/wp-json\/wp\/v2\/media?parent=22118"}],"wp:term":[{"taxonomy":"product_brand","embeddable":true,"href":"https:\/\/www.komad.com\/de\/wp-json\/wp\/v2\/product_brand?post=22118"},{"taxonomy":"product_cat","embeddable":true,"href":"https:\/\/www.komad.com\/de\/wp-json\/wp\/v2\/product_cat?post=22118"},{"taxonomy":"product_tag","embeddable":true,"href":"https:\/\/www.komad.com\/de\/wp-json\/wp\/v2\/product_tag?post=22118"}],"curies":[{"name":"wp","href":"https:\/\/api.w.org\/{rel}","templated":true}]}}