{"id":21804,"date":"2020-04-10T10:01:47","date_gmt":"2020-04-10T08:01:47","guid":{"rendered":"https:\/\/www.komad.com\/product\/top-grace-beige\/"},"modified":"2020-04-10T10:01:47","modified_gmt":"2020-04-10T08:01:47","slug":"top-grace-beige","status":"publish","type":"product","link":"https:\/\/www.komad.com\/de\/product\/top-grace-beige\/","title":{"rendered":"Top GRACE beige"},"content":{"rendered":"<p>M (36-38)<br \/>\n\/ L\u00e4nge am h\u00f6chsten Schulterpunkt 56 cm<br \/>\n\/ Brustumfang 100 cm<\/p>\n<p>L (40-42)<br \/>\n\/ L\u00e4nge am h\u00f6chsten Schulterpunkt 58 cm<br \/>\n\/ Brustumfang 105 cm<\/p>\n<p>FARBE: Vanilla beige<br \/>\nMATERIAL: 55%Leinen, 45% Viskose<\/p>\n","protected":false},"excerpt":{"rendered":"<p>Kurzes Top ohne \u00c4rmel aus beigem Leinen-Viscose Material.<br \/>\nDas Material ist sehr weich und superbequem!<br \/>\nMit Bander in Sch\u00fcltebereich l\u00e4sst sich die L\u00e4nge von Top und Ausschnitt nach w\u00fcnsch erstellen.<br \/>\nModel ist 170cm gross und tr\u00e4gt die Gr\u00f6sse M.<\/p>\n","protected":false},"featured_media":21783,"comment_status":"closed","ping_status":"closed","template":"","meta":[],"product_brand":[],"product_cat":[204,206],"product_tag":[219,225],"class_list":{"0":"post-21804","1":"product","2":"type-product","3":"status-publish","4":"has-post-thumbnail","6":"product_cat-kleidung","7":"product_cat-oberteile-de","8":"product_tag-komad-de","9":"product_tag-top-de","11":"first","12":"instock","13":"taxable","14":"shipping-taxable","15":"purchasable","16":"product-type-variable","17":"has-default-attributes"},"_links":{"self":[{"href":"https:\/\/www.komad.com\/de\/wp-json\/wp\/v2\/product\/21804","targetHints":{"allow":["GET"]}}],"collection":[{"href":"https:\/\/www.komad.com\/de\/wp-json\/wp\/v2\/product"}],"about":[{"href":"https:\/\/www.komad.com\/de\/wp-json\/wp\/v2\/types\/product"}],"replies":[{"embeddable":true,"href":"https:\/\/www.komad.com\/de\/wp-json\/wp\/v2\/comments?post=21804"}],"wp:featuredmedia":[{"embeddable":true,"href":"https:\/\/www.komad.com\/de\/wp-json\/wp\/v2\/media\/21783"}],"wp:attachment":[{"href":"https:\/\/www.komad.com\/de\/wp-json\/wp\/v2\/media?parent=21804"}],"wp:term":[{"taxonomy":"product_brand","embeddable":true,"href":"https:\/\/www.komad.com\/de\/wp-json\/wp\/v2\/product_brand?post=21804"},{"taxonomy":"product_cat","embeddable":true,"href":"https:\/\/www.komad.com\/de\/wp-json\/wp\/v2\/product_cat?post=21804"},{"taxonomy":"product_tag","embeddable":true,"href":"https:\/\/www.komad.com\/de\/wp-json\/wp\/v2\/product_tag?post=21804"}],"curies":[{"name":"wp","href":"https:\/\/api.w.org\/{rel}","templated":true}]}}