{"id":21595,"date":"2020-04-10T09:30:59","date_gmt":"2020-04-10T07:30:59","guid":{"rendered":"https:\/\/www.komad.com\/product\/kleid-bamboo\/"},"modified":"2020-04-10T09:30:59","modified_gmt":"2020-04-10T07:30:59","slug":"kleid-bamboo","status":"publish","type":"product","link":"https:\/\/www.komad.com\/de\/product\/kleid-bamboo\/","title":{"rendered":"Kleid Bamboo"},"content":{"rendered":"<p>\/ L\u00e4nge von h\u00f6chsten Punkt der Schulter 130cm<br \/>\n\/Breite 90cm<br \/>\n\/ Teile min 100cm (stretch)<br \/>\n\/ H\u00f6ften min 110cm (stretch)<\/p>\n","protected":false},"excerpt":{"rendered":"<p>Mittel langes Kleid ohne \u00c4rmeln.<br \/>\nBreite Schulterstreifen k\u00f6nnen auf zwei verschiedene Arten getragen werden; gekreuzt oder beide zusammen auf einer Schulter. Eingen\u00e4hte Taschen befinden sich auf jeder Seite des Kleides.<\/p>\n<p>Extra-Tipp: Mit einem G\u00fcrtel im Taillenbereich sieht es auch toll aus!<\/p>\n<p>BAMBUS ist einer der weichsten Stoffe der Welt, h\u00e4lt im Sommer k\u00fchl und im Winter warm und ist au\u00dferdem umweltfreundlich und hilft den Planeten zu retten!<\/p>\n<p>GR\u00f6SSE: M (eine Gr\u00f6sse 36\/38\/40)<br \/>\nFARBE: schwarz<br \/>\nMATERIAL: 100% bambus<\/p>\n","protected":false},"featured_media":18207,"comment_status":"open","ping_status":"closed","template":"","meta":[],"product_brand":[],"product_cat":[205,204],"product_tag":[264,219],"class_list":{"0":"post-21595","1":"product","2":"type-product","3":"status-publish","4":"has-post-thumbnail","6":"product_cat-kleider","7":"product_cat-kleidung","8":"product_tag-bamboo-de","9":"product_tag-komad-de","11":"first","12":"instock","13":"taxable","14":"shipping-taxable","15":"purchasable","16":"product-type-simple"},"_links":{"self":[{"href":"https:\/\/www.komad.com\/de\/wp-json\/wp\/v2\/product\/21595","targetHints":{"allow":["GET"]}}],"collection":[{"href":"https:\/\/www.komad.com\/de\/wp-json\/wp\/v2\/product"}],"about":[{"href":"https:\/\/www.komad.com\/de\/wp-json\/wp\/v2\/types\/product"}],"replies":[{"embeddable":true,"href":"https:\/\/www.komad.com\/de\/wp-json\/wp\/v2\/comments?post=21595"}],"wp:featuredmedia":[{"embeddable":true,"href":"https:\/\/www.komad.com\/de\/wp-json\/wp\/v2\/media\/18207"}],"wp:attachment":[{"href":"https:\/\/www.komad.com\/de\/wp-json\/wp\/v2\/media?parent=21595"}],"wp:term":[{"taxonomy":"product_brand","embeddable":true,"href":"https:\/\/www.komad.com\/de\/wp-json\/wp\/v2\/product_brand?post=21595"},{"taxonomy":"product_cat","embeddable":true,"href":"https:\/\/www.komad.com\/de\/wp-json\/wp\/v2\/product_cat?post=21595"},{"taxonomy":"product_tag","embeddable":true,"href":"https:\/\/www.komad.com\/de\/wp-json\/wp\/v2\/product_tag?post=21595"}],"curies":[{"name":"wp","href":"https:\/\/api.w.org\/{rel}","templated":true}]}}