{"id":21273,"date":"2019-09-30T10:23:44","date_gmt":"2019-09-30T08:23:44","guid":{"rendered":"https:\/\/www.komad.com\/product\/pullover-turkis\/"},"modified":"2022-05-16T22:43:44","modified_gmt":"2022-05-16T20:43:44","slug":"pullover-turkis","status":"publish","type":"product","link":"https:\/\/www.komad.com\/de\/product\/pullover-turkis\/","title":{"rendered":"Pullover T\u00fcrkis"},"content":{"rendered":"<p>\/ L\u00e4nge Vorne (vom h\u00f6chsten Punkt der Schulter): 70cm<br \/>\n\/ \u00c4rmel (vom h\u00f6chsten Punkt der Schulter): 60cm<\/p>\n","protected":false},"excerpt":{"rendered":"<p>Oversized (\u00fcbergrosses) Pullover aus einem Baumwoll-Polyester-Mix mit \u00fcberschnittenen Schultern und weiten \u00c4rmeln. Kann wie eine Tunika oder hoch gezogen als T- Shirt getragen werden.<\/p>\n<p>GR\u00f6SSE: einheitsgr\u00f6sse (36-40)<br \/>\nFARBE: blau<br \/>\nMATERIAL: 67% Baumwolle, 33%PES<\/p>\n","protected":false},"featured_media":21258,"comment_status":"open","ping_status":"closed","template":"","meta":[],"product_brand":[],"product_cat":[204,209],"product_tag":[219],"class_list":{"0":"post-21273","1":"product","2":"type-product","3":"status-publish","4":"has-post-thumbnail","6":"product_cat-kleidung","7":"product_cat-strick","8":"product_tag-komad-de","10":"first","11":"instock","12":"taxable","13":"shipping-taxable","14":"purchasable","15":"product-type-simple"},"_links":{"self":[{"href":"https:\/\/www.komad.com\/de\/wp-json\/wp\/v2\/product\/21273","targetHints":{"allow":["GET"]}}],"collection":[{"href":"https:\/\/www.komad.com\/de\/wp-json\/wp\/v2\/product"}],"about":[{"href":"https:\/\/www.komad.com\/de\/wp-json\/wp\/v2\/types\/product"}],"replies":[{"embeddable":true,"href":"https:\/\/www.komad.com\/de\/wp-json\/wp\/v2\/comments?post=21273"}],"wp:featuredmedia":[{"embeddable":true,"href":"https:\/\/www.komad.com\/de\/wp-json\/wp\/v2\/media\/21258"}],"wp:attachment":[{"href":"https:\/\/www.komad.com\/de\/wp-json\/wp\/v2\/media?parent=21273"}],"wp:term":[{"taxonomy":"product_brand","embeddable":true,"href":"https:\/\/www.komad.com\/de\/wp-json\/wp\/v2\/product_brand?post=21273"},{"taxonomy":"product_cat","embeddable":true,"href":"https:\/\/www.komad.com\/de\/wp-json\/wp\/v2\/product_cat?post=21273"},{"taxonomy":"product_tag","embeddable":true,"href":"https:\/\/www.komad.com\/de\/wp-json\/wp\/v2\/product_tag?post=21273"}],"curies":[{"name":"wp","href":"https:\/\/api.w.org\/{rel}","templated":true}]}}