{"id":21089,"date":"2020-01-04T14:11:30","date_gmt":"2020-01-04T13:11:30","guid":{"rendered":"https:\/\/www.komad.com\/product\/borosana-by-komad\/"},"modified":"2024-08-27T11:41:12","modified_gmt":"2024-08-27T09:41:12","slug":"borosana-by-komad","status":"publish","type":"product","link":"https:\/\/www.komad.com\/de\/product\/borosana-by-komad\/","title":{"rendered":"Borosana by KOMAD"},"content":{"rendered":"<p>Gr\u00f6sse:<br \/>\n39 &#8211; 25,5 cm<\/p>\n<p>Herstellung: Konfektionieren und Kleben<br \/>\nPflege: mit einem trockenen Tuch abwischen<br \/>\nVerwendungszweck: f\u00fcr trockenes Wetter<br \/>\nHerkunftsland: Kroatien<\/p>\n","protected":false},"excerpt":{"rendered":"<p><strong>Lass uns dir den bequemsten Schuh der Welt vorstellen; BOROSANA!<\/strong><\/p>\n<p>Warum solltest du etwas \u00fcber Borosana wissen?<br \/>\nNun, Borosana ist nicht nur ein Schuh, Borosana ist ein Teil der kroatischen Geschichte, es ist ein nostalgisches Denkmal Kroatiens in dem wir als Kinder gelebt haben, es ist fast unser nationales Erbe!<\/p>\n<p>Borosana war einmal ein Schuh von Fabrikdamen, Kellnerinnen, N\u00e4herinnen, Putzfrauen und all den Damen, die den ganzen Tag hart arbeiteten und ihre F\u00fc\u00dfe in bequemen, anatomisch korrekten Schuhen haben mussten. Und nur weil du einen harten Job machst, hei\u00dft das nicht, dass deine F\u00fc\u00dfe leiden m\u00fcssen!<\/p>\n<p>Borosanas urspr\u00fcngliche Farbe war dunkelblau und wurde (und wird immer noch) in Borovo Fabrik handgefertigt.<br \/>\nWeil wir stolz auf unsere Tradition sind und Borovo lieben, mussten wir Borosana etwas Mode, Fashion, Style hinzuf\u00fcgen, und hier ist es; Borosana von KOMAD!<\/p>\n<p><em>Komm schon, schick deine F\u00fc\u00dfe in den Urlaub, sie haben es verdient!<\/em><\/p>\n<p>Hergestellt mit LIEBE in Kroatien, EU<\/p>\n","protected":false},"featured_media":21076,"comment_status":"open","ping_status":"closed","template":"","meta":[],"product_brand":[],"product_cat":[213,241],"product_tag":[243,219],"class_list":{"0":"post-21089","1":"product","2":"type-product","3":"status-publish","4":"has-post-thumbnail","6":"product_cat-baggiz-accessories-de","7":"product_cat-schuhe","8":"product_tag-borosana-de","9":"product_tag-komad-de","11":"first","12":"instock","13":"taxable","14":"shipping-taxable","15":"purchasable","16":"product-type-variable","17":"has-default-attributes"},"_links":{"self":[{"href":"https:\/\/www.komad.com\/de\/wp-json\/wp\/v2\/product\/21089","targetHints":{"allow":["GET"]}}],"collection":[{"href":"https:\/\/www.komad.com\/de\/wp-json\/wp\/v2\/product"}],"about":[{"href":"https:\/\/www.komad.com\/de\/wp-json\/wp\/v2\/types\/product"}],"replies":[{"embeddable":true,"href":"https:\/\/www.komad.com\/de\/wp-json\/wp\/v2\/comments?post=21089"}],"wp:featuredmedia":[{"embeddable":true,"href":"https:\/\/www.komad.com\/de\/wp-json\/wp\/v2\/media\/21076"}],"wp:attachment":[{"href":"https:\/\/www.komad.com\/de\/wp-json\/wp\/v2\/media?parent=21089"}],"wp:term":[{"taxonomy":"product_brand","embeddable":true,"href":"https:\/\/www.komad.com\/de\/wp-json\/wp\/v2\/product_brand?post=21089"},{"taxonomy":"product_cat","embeddable":true,"href":"https:\/\/www.komad.com\/de\/wp-json\/wp\/v2\/product_cat?post=21089"},{"taxonomy":"product_tag","embeddable":true,"href":"https:\/\/www.komad.com\/de\/wp-json\/wp\/v2\/product_tag?post=21089"}],"curies":[{"name":"wp","href":"https:\/\/api.w.org\/{rel}","templated":true}]}}