{"id":19895,"date":"2025-07-21T08:00:55","date_gmt":"2025-07-21T06:00:55","guid":{"rendered":"https:\/\/www.komad.com\/product\/onyx-black-backpack-2\/"},"modified":"2020-12-23T15:03:36","modified_gmt":"2020-12-23T14:03:36","slug":"onyx-rucksack-schwarz","status":"publish","type":"product","link":"https:\/\/www.komad.com\/de\/product\/onyx-rucksack-schwarz\/","title":{"rendered":"ONYX Rucksack"},"content":{"rendered":"<p>\/ Dimensionen: 35x45cm<br \/>\n\/ Tr\u00e4ger L\u00e4nge: 50-110cm<br \/>\n\/ Material: 100% Polytex\/ F\u00fctter 100% PES<\/p>\n","protected":false},"excerpt":{"rendered":"<p>Der minimalistische, schlichte Rucksack ist aus hochwertigem schwarzem Kunst Leder gefertigt.<br \/>\nEr hat verstellbare Tr\u00e4ger f\u00fcr eine bequeme Passform und ein ger\u00e4umiges Innenleben. In Futter von Rucksack sind zwei mittel grosse Taschen rein gen\u00e4ht (perfekt f\u00fcrs Handy).<br \/>\nRucksack ist gef\u00fcttert mit gr\u00fcnem PES Material.<br \/>\nVorsichtig mit einem feuchten Tuch s\u00e4ubern.<\/p>\n","protected":false},"featured_media":24684,"comment_status":"closed","ping_status":"closed","template":"","meta":[],"product_brand":[],"product_cat":[213,214],"product_tag":[221,227],"class_list":{"0":"post-19895","1":"product","2":"type-product","3":"status-publish","4":"has-post-thumbnail","6":"product_cat-baggiz-accessories-de","7":"product_cat-rucksaecke","8":"product_tag-baggiz-de","9":"product_tag-designer-de","11":"first","12":"instock","13":"taxable","14":"shipping-taxable","15":"purchasable","16":"product-type-simple"},"_links":{"self":[{"href":"https:\/\/www.komad.com\/de\/wp-json\/wp\/v2\/product\/19895","targetHints":{"allow":["GET"]}}],"collection":[{"href":"https:\/\/www.komad.com\/de\/wp-json\/wp\/v2\/product"}],"about":[{"href":"https:\/\/www.komad.com\/de\/wp-json\/wp\/v2\/types\/product"}],"replies":[{"embeddable":true,"href":"https:\/\/www.komad.com\/de\/wp-json\/wp\/v2\/comments?post=19895"}],"wp:featuredmedia":[{"embeddable":true,"href":"https:\/\/www.komad.com\/de\/wp-json\/wp\/v2\/media\/24684"}],"wp:attachment":[{"href":"https:\/\/www.komad.com\/de\/wp-json\/wp\/v2\/media?parent=19895"}],"wp:term":[{"taxonomy":"product_brand","embeddable":true,"href":"https:\/\/www.komad.com\/de\/wp-json\/wp\/v2\/product_brand?post=19895"},{"taxonomy":"product_cat","embeddable":true,"href":"https:\/\/www.komad.com\/de\/wp-json\/wp\/v2\/product_cat?post=19895"},{"taxonomy":"product_tag","embeddable":true,"href":"https:\/\/www.komad.com\/de\/wp-json\/wp\/v2\/product_tag?post=19895"}],"curies":[{"name":"wp","href":"https:\/\/api.w.org\/{rel}","templated":true}]}}