{"id":19868,"date":"2017-11-02T16:32:16","date_gmt":"2017-11-02T15:32:16","guid":{"rendered":"https:\/\/www.komad.com\/product\/simplicity-s-cork-2\/"},"modified":"2020-12-23T14:59:11","modified_gmt":"2020-12-23T13:59:11","slug":"simplicity-s-natur-kork","status":"publish","type":"product","link":"https:\/\/www.komad.com\/de\/product\/simplicity-s-natur-kork\/","title":{"rendered":"Simplicity S Kork"},"content":{"rendered":"<p>\/ Dimensionen: 30x28cm<br \/>\n\/ Griff L\u00e4nge (verstellbar): 50-100cm<\/p>\n<p>Material: 100% Kork \/ F\u00fctter 65% PES, 35% Baumwolle<\/p>\n","protected":false},"excerpt":{"rendered":"<p>Die kleine Umh\u00e4ngetasche &#8218;Simplicity S&#8216; \u00fcberzeugt mit geraden Linien.<br \/>\nDie minimale, klare Form passt perfekt zu jedem Outfit, und die Materialstruktur in Kombination mit dem einfachen Design machen die Tasche besonders und zeitlos.<br \/>\nDie Tasche ist aus hochwertigem schwarzem KORK gefertigt und hat einen verstellbaren, d\u00fcnnen Griff. Im Futter ist eine kleine Tasche rein gen\u00e4ht (Perfekt f\u00fcrs Handy).<br \/>\nDie Tasche wird mit einem Staubbeutel geliefert.<\/p>\n<p>Korkstoff ist ganz spezielles, nat\u00fcrliches Material mit einzigartigen Eigenschaften.<br \/>\nKork Taschen sind sehr interessant, besonders, aber auch leicht, wasserabweisend, salzwasser und fleckenbest\u00e4ndig aber zugleich reissfest und langhaltig.<\/p>\n","protected":false},"featured_media":19869,"comment_status":"closed","ping_status":"closed","template":"","meta":[],"product_brand":[],"product_cat":[213,215],"product_tag":[221],"class_list":{"0":"post-19868","1":"product","2":"type-product","3":"status-publish","4":"has-post-thumbnail","6":"product_cat-baggiz-accessories-de","7":"product_cat-handtaschen","8":"product_tag-baggiz-de","10":"first","11":"outofstock","12":"taxable","13":"shipping-taxable","14":"purchasable","15":"product-type-simple"},"_links":{"self":[{"href":"https:\/\/www.komad.com\/de\/wp-json\/wp\/v2\/product\/19868","targetHints":{"allow":["GET"]}}],"collection":[{"href":"https:\/\/www.komad.com\/de\/wp-json\/wp\/v2\/product"}],"about":[{"href":"https:\/\/www.komad.com\/de\/wp-json\/wp\/v2\/types\/product"}],"replies":[{"embeddable":true,"href":"https:\/\/www.komad.com\/de\/wp-json\/wp\/v2\/comments?post=19868"}],"wp:featuredmedia":[{"embeddable":true,"href":"https:\/\/www.komad.com\/de\/wp-json\/wp\/v2\/media\/19869"}],"wp:attachment":[{"href":"https:\/\/www.komad.com\/de\/wp-json\/wp\/v2\/media?parent=19868"}],"wp:term":[{"taxonomy":"product_brand","embeddable":true,"href":"https:\/\/www.komad.com\/de\/wp-json\/wp\/v2\/product_brand?post=19868"},{"taxonomy":"product_cat","embeddable":true,"href":"https:\/\/www.komad.com\/de\/wp-json\/wp\/v2\/product_cat?post=19868"},{"taxonomy":"product_tag","embeddable":true,"href":"https:\/\/www.komad.com\/de\/wp-json\/wp\/v2\/product_tag?post=19868"}],"curies":[{"name":"wp","href":"https:\/\/api.w.org\/{rel}","templated":true}]}}