{"id":19646,"date":"2025-07-21T08:32:54","date_gmt":"2025-07-21T06:32:54","guid":{"rendered":"https:\/\/www.komad.com\/product\/onyx-backpack-leather-2\/"},"modified":"2020-12-23T13:55:46","modified_gmt":"2020-12-23T12:55:46","slug":"onyx-rucksack-leder","status":"publish","type":"product","link":"https:\/\/www.komad.com\/de\/product\/onyx-rucksack-leder\/","title":{"rendered":"ONYX Rucksack Leder"},"content":{"rendered":"<p>\/ Dimensionen: 34x45cm<br \/>\n\/ Tr\u00e4ger L\u00e4nge: 50-110cm<\/p>\n<p>Material: 100% Leder \/ F\u00fctter 65% PES, 35%Baumwolle<\/p>\n","protected":false},"excerpt":{"rendered":"<p>Der minimalistische, schlichte Rucksack ist aus hochwertigem schwarzem Leder gefertigt.<br \/>\nEr hat verstellbare Tr\u00e4ger f\u00fcr eine bequeme Passform und ein ger\u00e4umiges Innenleben. In Futter von Rucksack sind zwei mittel grosse Taschen rein gen\u00e4ht (perfekt f\u00fcrs Handy).<br \/>\nRucksack ist gef\u00fcttert mit grauen Baumwolle\/PES Material.<br \/>\nVorsichtig mit einem feuchten Tuch s\u00e4ubern.<br \/>\nDer Rucksack wird mit einem Staubbeutel geliefert.<\/p>\n","protected":false},"featured_media":24681,"comment_status":"closed","ping_status":"closed","template":"","meta":[],"product_brand":[],"product_cat":[213,214],"product_tag":[],"class_list":{"0":"post-19646","1":"product","2":"type-product","3":"status-publish","4":"has-post-thumbnail","6":"product_cat-baggiz-accessories-de","7":"product_cat-rucksaecke","9":"first","10":"instock","11":"taxable","12":"shipping-taxable","13":"purchasable","14":"product-type-simple"},"_links":{"self":[{"href":"https:\/\/www.komad.com\/de\/wp-json\/wp\/v2\/product\/19646","targetHints":{"allow":["GET"]}}],"collection":[{"href":"https:\/\/www.komad.com\/de\/wp-json\/wp\/v2\/product"}],"about":[{"href":"https:\/\/www.komad.com\/de\/wp-json\/wp\/v2\/types\/product"}],"replies":[{"embeddable":true,"href":"https:\/\/www.komad.com\/de\/wp-json\/wp\/v2\/comments?post=19646"}],"wp:featuredmedia":[{"embeddable":true,"href":"https:\/\/www.komad.com\/de\/wp-json\/wp\/v2\/media\/24681"}],"wp:attachment":[{"href":"https:\/\/www.komad.com\/de\/wp-json\/wp\/v2\/media?parent=19646"}],"wp:term":[{"taxonomy":"product_brand","embeddable":true,"href":"https:\/\/www.komad.com\/de\/wp-json\/wp\/v2\/product_brand?post=19646"},{"taxonomy":"product_cat","embeddable":true,"href":"https:\/\/www.komad.com\/de\/wp-json\/wp\/v2\/product_cat?post=19646"},{"taxonomy":"product_tag","embeddable":true,"href":"https:\/\/www.komad.com\/de\/wp-json\/wp\/v2\/product_tag?post=19646"}],"curies":[{"name":"wp","href":"https:\/\/api.w.org\/{rel}","templated":true}]}}