{"id":19638,"date":"2018-09-26T17:35:48","date_gmt":"2018-09-26T15:35:48","guid":{"rendered":"https:\/\/www.komad.com\/product\/rebel-backpack-leather-2\/"},"modified":"2020-12-23T13:53:12","modified_gmt":"2020-12-23T12:53:12","slug":"rebel-rucksack-leder","status":"publish","type":"product","link":"https:\/\/www.komad.com\/de\/product\/rebel-rucksack-leder\/","title":{"rendered":"Rebel Rucksack Leder"},"content":{"rendered":"<p>\/ Dimensionen: 45x48cm<br \/>\n\/ Tr\u00e4ger L\u00e4nge: 70-130cm<\/p>\n<p>Material: 100% Leder \/ F\u00fctter 65% PES, 35%Baumwolle<\/p>\n","protected":false},"excerpt":{"rendered":"<p>Der gro\u00dfe, ger\u00e4umige Rucksack ist aus hochwertigem schwarzem Leder gefertigt.<br \/>\nEr hat verstellbare Tr\u00e4ger f\u00fcr eine bequeme Passform, ein ger\u00e4umiges Innenleben und zwei gro\u00dfe, eingen\u00e4hte Rei\u00dfverschlusstaschen an den Seiten der Au\u00dfenh\u00fclle.<br \/>\nVorsichtig mit einem feuchten Tuch s\u00e4ubern.<br \/>\nRucksack ist gef\u00fcttert mit schwarzen Baumwolle\/PES Material.<br \/>\nDer Rucksack wird mit einem Staubbeutel geliefert.<\/p>\n","protected":false},"featured_media":19639,"comment_status":"closed","ping_status":"closed","template":"","meta":[],"product_brand":[],"product_cat":[213,214],"product_tag":[],"class_list":{"0":"post-19638","1":"product","2":"type-product","3":"status-publish","4":"has-post-thumbnail","6":"product_cat-baggiz-accessories-de","7":"product_cat-rucksaecke","9":"first","10":"instock","11":"taxable","12":"shipping-taxable","13":"purchasable","14":"product-type-simple"},"_links":{"self":[{"href":"https:\/\/www.komad.com\/de\/wp-json\/wp\/v2\/product\/19638","targetHints":{"allow":["GET"]}}],"collection":[{"href":"https:\/\/www.komad.com\/de\/wp-json\/wp\/v2\/product"}],"about":[{"href":"https:\/\/www.komad.com\/de\/wp-json\/wp\/v2\/types\/product"}],"replies":[{"embeddable":true,"href":"https:\/\/www.komad.com\/de\/wp-json\/wp\/v2\/comments?post=19638"}],"wp:featuredmedia":[{"embeddable":true,"href":"https:\/\/www.komad.com\/de\/wp-json\/wp\/v2\/media\/19639"}],"wp:attachment":[{"href":"https:\/\/www.komad.com\/de\/wp-json\/wp\/v2\/media?parent=19638"}],"wp:term":[{"taxonomy":"product_brand","embeddable":true,"href":"https:\/\/www.komad.com\/de\/wp-json\/wp\/v2\/product_brand?post=19638"},{"taxonomy":"product_cat","embeddable":true,"href":"https:\/\/www.komad.com\/de\/wp-json\/wp\/v2\/product_cat?post=19638"},{"taxonomy":"product_tag","embeddable":true,"href":"https:\/\/www.komad.com\/de\/wp-json\/wp\/v2\/product_tag?post=19638"}],"curies":[{"name":"wp","href":"https:\/\/api.w.org\/{rel}","templated":true}]}}